{"id":1058,"date":"2018-12-13T11:09:31","date_gmt":"2018-12-13T10:09:31","guid":{"rendered":"https:\/\/ldb.spankracht-acceptatie.nl\/home\/"},"modified":"2025-11-28T11:46:33","modified_gmt":"2025-11-28T10:46:33","slug":"home","status":"publish","type":"page","link":"https:\/\/laundrydashboard.com\/de\/","title":{"rendered":"Home"},"content":{"rendered":"","protected":false},"excerpt":{"rendered":"","protected":false},"author":1,"featured_media":0,"parent":0,"menu_order":0,"comment_status":"closed","ping_status":"closed","template":"","meta":{"_acf_changed":false,"footnotes":""},"class_list":["post-1058","page","type-page","status-publish","hentry"],"acf":{"flexible_content":[{"acf_fc_layout":"pageheader_default","header_media":"image","color_overlay":"rgba(0,0,0,0.3)","platform_choice":"image","video":"","upload_video_file":null,"desktop":{"header_size":"fullscreen","fullscreen":"{\"original_image\":\"913\",\"cropped_image\":{\"image\":\"2024\/03\/laundry-dashboard-tablet_large_1600x900_acf_cropped-1.jpg\",\"preview\":\"2024\/03\/preview_laundry-dashboard-tablet_large_1600x900_acf_cropped-1.jpg\"}}","large":null,"small":null},"mobile":{"header_size":"fullscreen","fullscreen":"{\"original_image\":\"913\",\"cropped_image\":{\"image\":\"2024\/03\/laundry-dashboard-tablet_large_510x686_acf_cropped-3.jpg\",\"preview\":\"2024\/03\/preview_laundry-dashboard-tablet_large_510x686_acf_cropped-3.jpg\"}}","large":null,"small":null},"pre_title":"","header_title":"Entdecken Sie das verborgene Potenzial in Ihrer W\u00e4scherei","header_intro":"Das Management-Informationssystem, mit der die Produktivit\u00e4t 4% bis 35% steigt","header_btn-primary":{"header_btn-color":"is-primary","header_btn":""},"header_btn-secondary":{"header_btn-color":"is-primary","header_btn":""},"header_btn-video":{"header_btn-color":"is-primary","header_btn":""},"heading_type":"h2","heading":"h1","text_color":"#ffffff","text_shadow":false,"header_height":100,"horizontal_header_padding":"none","layout_custom_css":""},{"acf_fc_layout":"blurbs","pre_title":"","title":"Von der Inspiration zum Ertrag","intro":"Wenn Teamwork und intelligente Betriebsdatenerfassung zusammenfinden, passiert etwas Sch\u00f6nes. Laundry Dashboard bringt einzigartige Informationen in die W\u00e4scherei. Sogar in der besten W\u00e4scherei f\u00fchrt das zu inspirierenden Verbesserungen.","buttons":[{"link":""}],"items":[{"icon":"far fa-chart-line","title":"1. Nehmen Sie die Heraus-forderung an","desc":"Unabh\u00e4ngig davon, wie hoch Ihre Produktivit\u00e4t ist, es geht immer noch besser. Nehmen Sie die Herausforderung an.","link":""},{"icon":"far fa-database","title":"2. Ausrichtung auf Daten","desc":"\u00dcberwachen und steuern Sie Ihre W\u00e4scherei wie nie zuvor und entdecken Sie, was passiert.","link":""},{"icon":"far fa-random","title":"3. Gemeinsam verbessern","desc":"Steigern Sie die Produktivit\u00e4t in Ihrer professionellen Wascherei zwischen 4% bis 35%.","link":""}],"heading_type":"h2","heading":"h2","text_color":"","padding":{"top":"l","bottom":"s"},"layout_bg_show_image":false,"background_color":"","layout_bg_overlay":"","layout_bg_image_desktop":null,"layout_bg_position_desktop":"center","layout_bg_image_mobile":null,"layout_bg_position_mobile":"center","pre-title-transition":{"has_transition":false,"transition_type":"none","transition_offset":0,"transition_delay":0},"title-transition":{"has_transition":false,"transition_type":"none","transition_offset":"","transition_delay":0},"intro-transition":{"has_transition":false,"transition_type":"none","transition_offset":"","transition_delay":0},"text-transition":{"has_transition":false,"transition_type":"none","transition_offset":"","transition_delay":0},"buttons-transition":{"has_transition":false,"transition_type":"none","transition_offset":"","transition_delay":0},"layout_custom_css":""},{"acf_fc_layout":"wysiwyg","pre_title":"","title":"","intro":"","content":"<p style=\"text-align: center;\"><img class=\"aligncenter wp-image-952 size-large\" src=\"https:\/\/www.laundrydashboard.com\/wp-content\/uploads\/2020\/07\/laundry-dashboard-screens-1024x713.png\" alt=\"Laundry Dashboard Screens\" width=\"1024\" height=\"713\" \/><a href=\"https:\/\/www.laundrydashboard.com\/de\/losung\/\">Siehe die L\u00f6sung<\/a><\/p>","buttons":null,"heading_type":"h2","heading":"h1","layout_text_align":"centered","layout_textbox_size":"8","text_color":"","padding":{"top":"0","bottom":"m"},"layout_bg_show_image":false,"background_color":"","layout_bg_overlay":"","layout_bg_image_desktop":null,"layout_bg_position_desktop":"center","layout_bg_image_mobile":null,"layout_bg_position_mobile":"center","pre-title-transition":{"has_transition":false,"transition_type":"none","transition_offset":0,"transition_delay":0},"title-transition":{"has_transition":false,"transition_type":"none","transition_offset":"","transition_delay":0},"intro-transition":{"has_transition":false,"transition_type":"none","transition_offset":"","transition_delay":0},"text-transition":{"has_transition":false,"transition_type":"none","transition_offset":"","transition_delay":0},"layout_custom_css":""},{"acf_fc_layout":"ctabanner","title":"\u201eIch kann mir keinen Tag mehr ohne Laundry Dashboard in meiner W\u00e4scherei vorstellen. Es gibt alles vor, was wir tun. \u201c","intro":"S\u00f8ren Fuglsang-Gram (Centralvaskeriet, D\u00e4nemark)","link":{"title":"Kundengeschichten lesen","url":"\/de\/cases\/","target":""},"heading_type":"h2","heading":"h2","layout_background_image":"","background_color":"","text_color":"","padding":{"top":"m","bottom":"m"},"title-transition":{"has_transition":false,"transition_type":"none","transition_offset":"","transition_delay":0},"intro-transition":{"has_transition":false,"transition_type":"none","transition_offset":"","transition_delay":0},"buttons-transition":{"has_transition":false,"transition_type":"none","transition_offset":"","transition_delay":0},"layout_custom_css":""},{"acf_fc_layout":"content_img","option_alignment":true,"option_reversed":false,"option_img_full":false,"pre_title":"ISO 50001, Pflicht f\u00fcr viele deutsche W\u00e4schereien - Wir haben die L\u00f6sung","title":"Profitiere von bis zu 45% F\u00f6rderung","intro":"<h4>Wir sind f\u00f6rderf\u00e4hig und haben die L\u00f6sung<\/h4>\r\n\u2013 <strong>Datenerfassung<\/strong> durch vorhandene Verbrauchsmesser\r\n\u2013 <strong>Visualisierung<\/strong> des Verbrauchs\r\n\u2013 <strong>Datenspeicherung<\/strong> in unserer Energiemanagement-Software\r\n<strong>\u2013 <\/strong>Der Antrag ist <strong>innerhalb von 6 Wochen<\/strong> erledigt\r\n\r\num\u00a0<strong>Transparenz\u00a0<\/strong>\u00fcber Energie- und Wasserverbr\u00e4uche zu schaffen \u2013\u00a0<strong>ausreichend\u00a0<\/strong>f\u00fcr die Zertifizierung nach ISO 50001.\r\n\r\nSchnell, einfach und kosteng\u00fcnstig.\r\n\r\nWir helfen Ihnen gerne weiter. Jetzt informieren oder direkt loslegen!","buttons":[{"link":{"title":"Weiterlesen","url":"https:\/\/www.laundrydashboard.com\/de\/iso-50001-pflicht-fuer-viele-deutsche-waeschereien-wir-haben-die-loesung\/","target":""}}],"media":{"choice":"image","toggle":true,"chosen_element":"","attributes":{"horizontal":"center","vertical":"center","custom_style_element_size":false,"min_element_size":"","style_element_size":50,"max_element_size":""},"image":"{\"original_image\":\"5269\",\"cropped_image\":{\"image\":\"2025\/05\/Post-ISO-50001-LDB-1-scaled_600x600_acf_cropped.jpg\",\"preview\":\"2025\/05\/preview_Post-ISO-50001-LDB-1-scaled_600x600_acf_cropped.jpg\"}}","platform":"vimeo","autoplay_toggle":false,"vimeo":"","youtube":"","upload_video_file":null},"heading_type":"h2","heading":"h2","text_color":"","padding":{"top":"0","bottom":"0"},"layout_bg_show_image":false,"background_color":"","layout_bg_overlay":"","layout_bg_image_desktop":null,"layout_bg_position_desktop":"center","layout_bg_image_mobile":null,"layout_bg_position_mobile":"center","pre-title-transition":{"has_transition":false,"transition_type":"none","transition_offset":0,"transition_delay":0},"title-transition":{"has_transition":false,"transition_type":"none","transition_offset":"","transition_delay":0},"intro-transition":{"has_transition":false,"transition_type":"none","transition_offset":"","transition_delay":0},"image-transition":{"has_transition":false,"transition_type":"none","transition_offset":"","transition_delay":0},"buttons-transition":{"has_transition":false,"transition_type":"none","transition_offset":"","transition_delay":0},"layout_custom_css":""},{"acf_fc_layout":"feature","pre_title":"","title":"Testen Sie es auch!","intro":"<div id=\"u46\" class=\"ax_default paragraph\">\r\n<div id=\"u46_text\" class=\"text \">\r\n\r\nSind Sie neugierig, wie Laundry Dashboard in der Praxis in Ihrer W\u00e4scherei funktioniert? \u00dcberzeugen Sie sich mithilfe unserer einzigartigen Demoversion. Die Pr\u00fcfvorrichtung kann einfach selbst installiert werden.\r\n<ul>\r\n \t<li>Innerhalb von drei Wochen lieferbar<\/li>\r\n \t<li>Plug &amp; Play<\/li>\r\n \t<li>Kostenlose Schulung<\/li>\r\n \t<li>Direktes Ergebnis<\/li>\r\n \t<li>Drei Monate keine Lizenzkosten<\/li>\r\n \t<li>Nicht gut, Geld zur\u00fcck<\/li>\r\n<\/ul>\r\n<\/div>\r\n<\/div>","buttons":[{"link":{"title":"Kontakt","url":"\/de\/kontakt\/","target":""}}],"media":{"choice":"image","toggle":false,"chosen_element":"","attributes":{"horizontal":"","vertical":"","custom_style_element_size":false,"min_element_size":"","style_element_size":50,"max_element_size":""},"image":"{\"original_image\":\"1955\",\"cropped_image\":{\"image\":\"2024\/09\/zuil-aanvraag-de_x_acf_cropped.jpg\",\"preview\":\"2024\/09\/preview_zuil-aanvraag-de_x_acf_cropped.jpg\"}}","platform":"vimeo","autoplay_toggle":false,"vimeo":"","youtube":"","upload_video_file":null},"type":"right","vertical_alignment":"top","heading_type":"h2","heading":"h1","text_color":"#ffffff","padding":{"top":"m","bottom":"m"},"layout_bg_show_image":false,"background_color":"#0097f6","layout_bg_overlay":"","layout_bg_image_desktop":null,"layout_bg_position_desktop":"center","layout_bg_image_mobile":null,"layout_bg_position_mobile":"center","title-transition":{"has_transition":false,"transition_type":"none","transition_offset":"","transition_delay":0},"intro-transition":{"has_transition":false,"transition_type":"none","transition_offset":"","transition_delay":0},"image-transition":{"has_transition":false,"transition_type":"none","transition_offset":"","transition_delay":0},"buttons-transition":{"has_transition":false,"transition_type":"none","transition_offset":"","transition_delay":0},"layout_custom_css":""}]},"yoast_head":"<!-- This site is optimized with the Yoast SEO plugin v27.0 - https:\/\/yoast.com\/product\/yoast-seo-wordpress\/ -->\n<title>Home - Laundry Dashboard<\/title>\n<meta name=\"robots\" content=\"index, follow, max-snippet:-1, max-image-preview:large, max-video-preview:-1\" \/>\n<link rel=\"canonical\" href=\"https:\/\/www.laundrydashboard.com\/de\/\" \/>\n<meta property=\"og:locale\" content=\"de_DE\" \/>\n<meta property=\"og:type\" content=\"article\" \/>\n<meta property=\"og:title\" content=\"Home - Laundry Dashboard\" \/>\n<meta property=\"og:url\" content=\"https:\/\/www.laundrydashboard.com\/de\/\" \/>\n<meta property=\"og:site_name\" content=\"Laundry Dashboard\" \/>\n<meta property=\"article:modified_time\" content=\"2025-11-28T10:46:33+00:00\" \/>\n<meta name=\"twitter:card\" content=\"summary_large_image\" \/>\n<meta name=\"twitter:label1\" content=\"Est. reading time\" \/>\n\t<meta name=\"twitter:data1\" content=\"2 minutes\" \/>\n<script type=\"application\/ld+json\" class=\"yoast-schema-graph\">{\"@context\":\"https:\/\/schema.org\",\"@graph\":[{\"@type\":\"WebPage\",\"@id\":\"https:\/\/www.laundrydashboard.com\/de\/\",\"url\":\"https:\/\/www.laundrydashboard.com\/de\/\",\"name\":\"Home - Laundry Dashboard\",\"isPartOf\":{\"@id\":\"https:\/\/laundrydashboard.com\/nl\/#website\"},\"datePublished\":\"2018-12-13T10:09:31+00:00\",\"dateModified\":\"2025-11-28T10:46:33+00:00\",\"breadcrumb\":{\"@id\":\"https:\/\/www.laundrydashboard.com\/de\/#breadcrumb\"},\"inLanguage\":\"de-DE\",\"potentialAction\":[{\"@type\":\"ReadAction\",\"target\":[\"https:\/\/www.laundrydashboard.com\/de\/\"]}]},{\"@type\":\"BreadcrumbList\",\"@id\":\"https:\/\/www.laundrydashboard.com\/de\/#breadcrumb\",\"itemListElement\":[{\"@type\":\"ListItem\",\"position\":1,\"name\":\"Home\",\"item\":\"https:\/\/www.laundrydashboard.com\/de\/\"},{\"@type\":\"ListItem\",\"position\":2,\"name\":\"Home\"}]},{\"@type\":\"WebSite\",\"@id\":\"https:\/\/laundrydashboard.com\/nl\/#website\",\"url\":\"https:\/\/laundrydashboard.com\/nl\/\",\"name\":\"Laundry Dashboard\",\"description\":\"\",\"potentialAction\":[{\"@type\":\"SearchAction\",\"target\":{\"@type\":\"EntryPoint\",\"urlTemplate\":\"https:\/\/laundrydashboard.com\/nl\/?s={search_term_string}\"},\"query-input\":{\"@type\":\"PropertyValueSpecification\",\"valueRequired\":true,\"valueName\":\"search_term_string\"}}],\"inLanguage\":\"de-DE\"}]}<\/script>\n<!-- \/ Yoast SEO plugin. -->","yoast_head_json":{"title":"Home - Laundry Dashboard","robots":{"index":"index","follow":"follow","max-snippet":"max-snippet:-1","max-image-preview":"max-image-preview:large","max-video-preview":"max-video-preview:-1"},"canonical":"https:\/\/www.laundrydashboard.com\/de\/","og_locale":"de_DE","og_type":"article","og_title":"Home - Laundry Dashboard","og_url":"https:\/\/www.laundrydashboard.com\/de\/","og_site_name":"Laundry Dashboard","article_modified_time":"2025-11-28T10:46:33+00:00","twitter_card":"summary_large_image","twitter_misc":{"Est. reading time":"2 minutes"},"schema":{"@context":"https:\/\/schema.org","@graph":[{"@type":"WebPage","@id":"https:\/\/www.laundrydashboard.com\/de\/","url":"https:\/\/www.laundrydashboard.com\/de\/","name":"Home - Laundry Dashboard","isPartOf":{"@id":"https:\/\/laundrydashboard.com\/nl\/#website"},"datePublished":"2018-12-13T10:09:31+00:00","dateModified":"2025-11-28T10:46:33+00:00","breadcrumb":{"@id":"https:\/\/www.laundrydashboard.com\/de\/#breadcrumb"},"inLanguage":"de-DE","potentialAction":[{"@type":"ReadAction","target":["https:\/\/www.laundrydashboard.com\/de\/"]}]},{"@type":"BreadcrumbList","@id":"https:\/\/www.laundrydashboard.com\/de\/#breadcrumb","itemListElement":[{"@type":"ListItem","position":1,"name":"Home","item":"https:\/\/www.laundrydashboard.com\/de\/"},{"@type":"ListItem","position":2,"name":"Home"}]},{"@type":"WebSite","@id":"https:\/\/laundrydashboard.com\/nl\/#website","url":"https:\/\/laundrydashboard.com\/nl\/","name":"Laundry Dashboard","description":"","potentialAction":[{"@type":"SearchAction","target":{"@type":"EntryPoint","urlTemplate":"https:\/\/laundrydashboard.com\/nl\/?s={search_term_string}"},"query-input":{"@type":"PropertyValueSpecification","valueRequired":true,"valueName":"search_term_string"}}],"inLanguage":"de-DE"}]}},"_links":{"self":[{"href":"https:\/\/laundrydashboard.com\/de\/wp-json\/wp\/v2\/pages\/1058","targetHints":{"allow":["GET"]}}],"collection":[{"href":"https:\/\/laundrydashboard.com\/de\/wp-json\/wp\/v2\/pages"}],"about":[{"href":"https:\/\/laundrydashboard.com\/de\/wp-json\/wp\/v2\/types\/page"}],"author":[{"embeddable":true,"href":"https:\/\/laundrydashboard.com\/de\/wp-json\/wp\/v2\/users\/1"}],"replies":[{"embeddable":true,"href":"https:\/\/laundrydashboard.com\/de\/wp-json\/wp\/v2\/comments?post=1058"}],"version-history":[{"count":41,"href":"https:\/\/laundrydashboard.com\/de\/wp-json\/wp\/v2\/pages\/1058\/revisions"}],"predecessor-version":[{"id":5370,"href":"https:\/\/laundrydashboard.com\/de\/wp-json\/wp\/v2\/pages\/1058\/revisions\/5370"}],"wp:attachment":[{"href":"https:\/\/laundrydashboard.com\/de\/wp-json\/wp\/v2\/media?parent=1058"}],"curies":[{"name":"wp","href":"https:\/\/api.w.org\/{rel}","templated":true}]}}