{"id":1125,"date":"2020-07-22T08:33:37","date_gmt":"2020-07-22T07:33:37","guid":{"rendered":"https:\/\/ldb.spankracht-acceptatie.nl\/oplossing\/"},"modified":"2025-12-12T10:26:30","modified_gmt":"2025-12-12T09:26:30","slug":"losung","status":"publish","type":"page","link":"https:\/\/laundrydashboard.com\/de\/losung\/","title":{"rendered":"L\u00f6sung"},"content":{"rendered":"","protected":false},"excerpt":{"rendered":"","protected":false},"author":1,"featured_media":0,"parent":0,"menu_order":0,"comment_status":"closed","ping_status":"closed","template":"","meta":{"_acf_changed":false,"footnotes":""},"class_list":["post-1125","page","type-page","status-publish","hentry"],"acf":{"flexible_content":[{"acf_fc_layout":"pageheader_default","header_media":"image","color_overlay":"rgba(0,0,0,0.3)","platform_choice":"image","video":"","upload_video_file":null,"desktop":{"header_size":"large","fullscreen":null,"large":"{\"original_image\":\"5002\",\"cropped_image\":{\"image\":\"2024\/03\/man-laundry_1600x700_acf_cropped-1_1600x700_acf_cropped-2.jpg\",\"preview\":\"2024\/03\/preview_man-laundry_1600x700_acf_cropped-1_1600x700_acf_cropped-2.jpg\"}}","small":null},"mobile":{"header_size":"large","fullscreen":null,"large":"{\"original_image\":\"5002\",\"cropped_image\":{\"image\":\"2024\/03\/man-laundry_1600x700_acf_cropped-1_450x420_acf_cropped-3.jpg\",\"preview\":\"2024\/03\/preview_man-laundry_1600x700_acf_cropped-1_450x420_acf_cropped-3.jpg\"}}","small":null},"pre_title":"","header_title":"Verschaffen Sie Ihrem Team neue Einblicke","header_intro":"","header_btn-primary":{"header_btn-color":"is-primary","header_btn":""},"header_btn-secondary":{"header_btn-color":"is-primary","header_btn":""},"header_btn-video":{"header_btn-color":"is-primary","header_btn":""},"heading_type":"h2","heading":"h1","text_color":"#ffffff","text_shadow":false,"header_height":100,"horizontal_header_padding":"none","layout_custom_css":""},{"acf_fc_layout":"feature","pre_title":"","title":"","intro":"Laundry Dashboard hilft Ihnen, die Ertr\u00e4ge zu steigern, indem es Ihnen Einblick in wichtige, sich ver\u00e4ndernde Beobachtungsgr\u00f6\u00dfen erm\u00f6glicht. Connectivity ist dabei das Schl\u00fcsselwort. Laundry Dashboard nutzt Daten aus dem Produktionsprozess sowie und aus anderen Systemen.\r\nIn \u00fcbersichtlichen Dashboards sehen Sie Kernleistungen. In Echtzeit. Beispiele? Die Produktion pro Stunde\/pro Team, die Produktion verglichen mit der (durch Sie zu bestimmenden) Norm, den Produktionsverlauf einer Maschine w\u00e4hrend des Tages, die durchschnittliche Mitarbeiterleistung pro Produktionsabteilung, der Gas-, Strom- und Wasserverbrauch im Vergleich zur Gesamtproduktion der W\u00e4scherei, die Gesamtanlageneffektivit\u00e4t (GAE) der Maschinen, usw.","buttons":null,"media":{"choice":"image","toggle":false,"chosen_element":"","attributes":{"horizontal":"","vertical":"","custom_style_element_size":false,"min_element_size":"","style_element_size":50,"max_element_size":""},"image":"{\"original_image\":\"1546\",\"cropped_image\":\"1546\"}","platform":"vimeo","autoplay_toggle":false,"vimeo":"","youtube":"","upload_video_file":null},"type":"left","vertical_alignment":"top","heading_type":"h2","heading":"h2","text_color":"","padding":{"top":"m","bottom":"m"},"layout_bg_show_image":false,"background_color":"","layout_bg_overlay":"","layout_bg_image_desktop":null,"layout_bg_position_desktop":"center","layout_bg_image_mobile":null,"layout_bg_position_mobile":"center","title-transition":{"has_transition":false,"transition_type":"none","transition_offset":"","transition_delay":0},"intro-transition":{"has_transition":false,"transition_type":"none","transition_offset":"","transition_delay":0},"image-transition":{"has_transition":false,"transition_type":"none","transition_offset":"","transition_delay":0},"buttons-transition":{"has_transition":false,"transition_type":"none","transition_offset":"","transition_delay":0},"layout_custom_css":""},{"acf_fc_layout":"grid","pre_title":"","title":"Entdecken Sie verborgenes Potenzial","intro":"","layout_columns":"three","photo_format":"rectangle","show_readmore_link":false,"blocks":[{"image":"{\"original_image\":\"699\",\"cropped_image\":\"699\"}","title":"Ressourcen","intro":"Nat\u00fcrlich wissen Sie, wie viel Gas, Wasser und Strom Ihre W\u00e4scherei verbraucht. Im Gro\u00dfen und Ganzen. Aber wo genau liegen die Verbrauchspitzen, Herausforderungen und Ineffizienzen? Mit welchen Maschinen, zu welchen Zeiten, mit welcher Art von W\u00e4sche und f\u00fcr welchen Kunden?","link":""},{"image":"{\"original_image\":\"698\",\"cropped_image\":\"698\"}","title":"Produktivit\u00e4t","intro":"Sie haben moderne Maschinen und motivierte Menschen. Sie wissen, was \r\nsie k\u00f6nnen. Ihre Maschinen laufen auf Hochtouren und Ihre Mitarbeiter arbeiten hart. Aber in welchen Momenten verursacht der Prozess eine Verz\u00f6gerung oder sogar einen Stillstand? Wie viel Produktivit\u00e4t geht unbemerkt verloren? Bei welchen Auftr\u00e4gen \u00fcbersteigt das Engagement Ihres Teams die tats\u00e4chliche Leistung? Wissen Sie es genau?","link":""},{"image":"{\"original_image\":\"697\",\"cropped_image\":\"697\"}","title":"Sales","intro":"Sie haben langfristige Gesch\u00e4ftsbeziehungen. Vertr\u00e4ge, die Ums\u00e4tze garantieren. Kunden, die \r\nSie sch\u00e4tzen. Aber wie profitabel sind Ihre Kunden wirklich? Wie effizient durchl\u00e4uft die W\u00e4sche eines bestimmten Kunden Ihre W\u00e4scherei? Wie k\u00f6nnen Sie Ihren Kunden attraktivere Auftragspreise bieten - und welche Auftr\u00e4ge kosten Sie Geld?","link":""}],"heading_type":"h2","heading":"h1","layout_text_align":"centered","text_color":"","block_styling":{"hover_shadow":true,"block_outline":true},"padding":{"top":"m","bottom":"m"},"layout_bg_show_image":false,"background_color":"","layout_bg_overlay":"","layout_bg_image_desktop":null,"layout_bg_position_desktop":"center","layout_bg_image_mobile":null,"layout_bg_position_mobile":"center","pre-title-transition":{"has_transition":false,"transition_type":"none","transition_offset":0,"transition_delay":0},"title-transition":{"has_transition":false,"transition_type":"none","transition_offset":"","transition_delay":0},"intro-transition":{"has_transition":false,"transition_type":"none","transition_offset":"","transition_delay":0},"text-transition":{"has_transition":false,"transition_type":"none","transition_offset":"","transition_delay":0},"layout_custom_css":""},{"acf_fc_layout":"ctabanner","title":"Einfach wissen, wie Sie arbeiten: Gut f\u00fcr 4% mehr Produktivit\u00e4t.","intro":"(Und das kann bis zu 23% gehen!)","link":"","heading_type":"h2","heading":"h2","layout_background_image":"","background_color":"","text_color":"","padding":{"top":"m","bottom":"m"},"title-transition":{"has_transition":false,"transition_type":"none","transition_offset":"","transition_delay":0},"intro-transition":{"has_transition":false,"transition_type":"none","transition_offset":"","transition_delay":0},"buttons-transition":{"has_transition":false,"transition_type":"none","transition_offset":"","transition_delay":0},"layout_custom_css":""},{"acf_fc_layout":"features-simple","title":"","items":[{"icon":"","title":"Produktionskapazit\u00e4t","desc":"Dank der Informationen aus Laundry Dashboard k\u00f6nnen Sie zielgerichtet in Maschinen- und Personalkapazit\u00e4t investieren. Doch nicht bevor die aktuelle Kapazit\u00e4t optimal genutzt wird.","link":""},{"icon":"","title":"Einblick in die GAE","desc":"Sie erhalten Einblick in die Overall Equipment Effectiveness (OEE) Ihrer Maschinen. Dadurch k\u00f6nnen Sie Verluste und Verbesserungsm\u00f6glichkeiten auf wirksame Weise identifizieren.","link":""},{"icon":"","title":"Kundenertrag","desc":"Treue Kundenbeziehungen oder viel versprechende potenzielle Kunden. Tragen sie wirklich zu Ihrem Ertrag bei? Laundry Dashboard vermittelt einen genauen Einblick in den Kundenertrag.","link":""},{"icon":"","title":"Benchmarking","desc":"Haben Sie mehrere Filialen? In Laundry Dashboard k\u00f6nnen Sie Benchmarks untereinander durchf\u00fchren. Ein Vergleich der Leistung f\u00fchrt zu neuen Einblicken.","link":""},{"icon":"","title":"Bewertungsgespr\u00e4che","desc":"Die Informationen in Laundry Dashboard sind immer objektiv und somit ein guter Ausgangspunkt f\u00fcr Bewertungsgespr\u00e4che zwischen Vorgesetzten und ihren Teams oder Mitarbeitern.","link":""},{"icon":"","title":"Fu\u00dfabdruck","desc":"Verringern Sie Ihren \u00f6kologischen Fu\u00dfabdruck mithilfe von Laundry Dashboard. Sie k\u00f6nnen ihn k\u00fcnftig sehr genau kontrollieren (korrigieren) auf der Grundlage von Echtzeit-Verbrauchsdaten.","link":""}],"heading_type":"h2","heading":"h1","text_color":"","item_h_type":"h3","padding":{"top":"m","bottom":"m"},"layout_bg_show_image":false,"background_color":"","layout_bg_overlay":"","layout_bg_image_desktop":null,"layout_bg_position_desktop":"center","layout_bg_image_mobile":null,"layout_bg_position_mobile":"center","title-transition":{"has_transition":false,"transition_type":"none","transition_offset":"","transition_delay":0},"text-transition":{"has_transition":false,"transition_type":"none","transition_offset":"","transition_delay":0},"layout_custom_css":""},{"acf_fc_layout":"feature","pre_title":"","title":"Testen Sie es auch!","intro":"Sind Sie neugierig, wie Laundry Dashboard in der Praxis in Ihrer W\u00e4scherei funktioniert? \u00dcberzeugen Sie sich mithilfe unserer einzigartigen Demoversion. Die Pr\u00fcfvorrichtung kann einfach selbst installiert werden.\r\n<ul>\r\n \t<li>Innerhalb von drei Wochen lieferbar<\/li>\r\n \t<li>Plug &amp; Play<\/li>\r\n \t<li>Kostenlose Schulung<\/li>\r\n \t<li>Direktes Ergebnis<\/li>\r\n \t<li>Drei Monate keine Lizenzkosten<\/li>\r\n \t<li>Nicht gut, Geld zur\u00fcck<\/li>\r\n<\/ul>","buttons":[{"link":{"title":"Kontakt","url":"\/de\/contact\/","target":""}}],"media":{"choice":"image","toggle":false,"chosen_element":"","attributes":{"horizontal":"","vertical":"","custom_style_element_size":false,"min_element_size":"","style_element_size":50,"max_element_size":""},"image":"{\"original_image\":\"1955\",\"cropped_image\":\"1955\"}","platform":"vimeo","autoplay_toggle":false,"vimeo":"","youtube":"","upload_video_file":null},"type":"right","vertical_alignment":"top","heading_type":"h2","heading":"h1","text_color":"","padding":{"top":"m","bottom":"m"},"layout_bg_show_image":false,"background_color":"","layout_bg_overlay":"","layout_bg_image_desktop":null,"layout_bg_position_desktop":"center","layout_bg_image_mobile":null,"layout_bg_position_mobile":"center","title-transition":{"has_transition":false,"transition_type":"none","transition_offset":"","transition_delay":0},"intro-transition":{"has_transition":false,"transition_type":"none","transition_offset":"","transition_delay":0},"image-transition":{"has_transition":false,"transition_type":"none","transition_offset":"","transition_delay":0},"buttons-transition":{"has_transition":false,"transition_type":"none","transition_offset":"","transition_delay":0},"layout_custom_css":""}]},"yoast_head":"<!-- This site is optimized with the Yoast SEO plugin v27.0 - https:\/\/yoast.com\/product\/yoast-seo-wordpress\/ -->\n<title>L\u00f6sung - Laundry Dashboard<\/title>\n<meta name=\"description\" content=\"Laundry Dashboard hilft Ihnen, Ihre Effizienz zu steigern, indem es Ihnen Einblick in die wichtigsten Variablen gibt. In \u00fcbersichtlichen Dashboards sehen Sie die wichtigsten Leistungskennzahlen.\" \/>\n<meta name=\"robots\" content=\"index, follow, max-snippet:-1, max-image-preview:large, max-video-preview:-1\" \/>\n<link rel=\"canonical\" href=\"https:\/\/laundrydashboard.com\/de\/losung\/\" \/>\n<meta property=\"og:locale\" content=\"de_DE\" \/>\n<meta property=\"og:type\" content=\"article\" \/>\n<meta property=\"og:title\" content=\"L\u00f6sung - Laundry Dashboard\" \/>\n<meta property=\"og:description\" content=\"Laundry Dashboard hilft Ihnen, Ihre Effizienz zu steigern, indem es Ihnen Einblick in die wichtigsten Variablen gibt. In \u00fcbersichtlichen Dashboards sehen Sie die wichtigsten Leistungskennzahlen.\" \/>\n<meta property=\"og:url\" content=\"https:\/\/laundrydashboard.com\/de\/losung\/\" \/>\n<meta property=\"og:site_name\" content=\"Laundry Dashboard\" \/>\n<meta property=\"article:modified_time\" content=\"2025-12-12T09:26:30+00:00\" \/>\n<meta name=\"twitter:card\" content=\"summary_large_image\" \/>\n<meta name=\"twitter:label1\" content=\"Est. reading time\" \/>\n\t<meta name=\"twitter:data1\" content=\"3 minutes\" \/>\n<script type=\"application\/ld+json\" class=\"yoast-schema-graph\">{\"@context\":\"https:\/\/schema.org\",\"@graph\":[{\"@type\":\"WebPage\",\"@id\":\"https:\/\/laundrydashboard.com\/de\/losung\/\",\"url\":\"https:\/\/laundrydashboard.com\/de\/losung\/\",\"name\":\"L\u00f6sung - Laundry Dashboard\",\"isPartOf\":{\"@id\":\"https:\/\/laundrydashboard.com\/nl\/#website\"},\"datePublished\":\"2020-07-22T07:33:37+00:00\",\"dateModified\":\"2025-12-12T09:26:30+00:00\",\"description\":\"Laundry Dashboard hilft Ihnen, Ihre Effizienz zu steigern, indem es Ihnen Einblick in die wichtigsten Variablen gibt. In \u00fcbersichtlichen Dashboards sehen Sie die wichtigsten Leistungskennzahlen.\",\"breadcrumb\":{\"@id\":\"https:\/\/laundrydashboard.com\/de\/losung\/#breadcrumb\"},\"inLanguage\":\"de-DE\",\"potentialAction\":[{\"@type\":\"ReadAction\",\"target\":[\"https:\/\/laundrydashboard.com\/de\/losung\/\"]}]},{\"@type\":\"BreadcrumbList\",\"@id\":\"https:\/\/laundrydashboard.com\/de\/losung\/#breadcrumb\",\"itemListElement\":[{\"@type\":\"ListItem\",\"position\":1,\"name\":\"Home\",\"item\":\"https:\/\/www.laundrydashboard.com\/de\/\"},{\"@type\":\"ListItem\",\"position\":2,\"name\":\"L\u00f6sung\"}]},{\"@type\":\"WebSite\",\"@id\":\"https:\/\/laundrydashboard.com\/nl\/#website\",\"url\":\"https:\/\/laundrydashboard.com\/nl\/\",\"name\":\"Laundry Dashboard\",\"description\":\"\",\"potentialAction\":[{\"@type\":\"SearchAction\",\"target\":{\"@type\":\"EntryPoint\",\"urlTemplate\":\"https:\/\/laundrydashboard.com\/nl\/?s={search_term_string}\"},\"query-input\":{\"@type\":\"PropertyValueSpecification\",\"valueRequired\":true,\"valueName\":\"search_term_string\"}}],\"inLanguage\":\"de-DE\"}]}<\/script>\n<!-- \/ Yoast SEO plugin. -->","yoast_head_json":{"title":"L\u00f6sung - Laundry Dashboard","description":"Laundry Dashboard hilft Ihnen, Ihre Effizienz zu steigern, indem es Ihnen Einblick in die wichtigsten Variablen gibt. In \u00fcbersichtlichen Dashboards sehen Sie die wichtigsten Leistungskennzahlen.","robots":{"index":"index","follow":"follow","max-snippet":"max-snippet:-1","max-image-preview":"max-image-preview:large","max-video-preview":"max-video-preview:-1"},"canonical":"https:\/\/laundrydashboard.com\/de\/losung\/","og_locale":"de_DE","og_type":"article","og_title":"L\u00f6sung - Laundry Dashboard","og_description":"Laundry Dashboard hilft Ihnen, Ihre Effizienz zu steigern, indem es Ihnen Einblick in die wichtigsten Variablen gibt. In \u00fcbersichtlichen Dashboards sehen Sie die wichtigsten Leistungskennzahlen.","og_url":"https:\/\/laundrydashboard.com\/de\/losung\/","og_site_name":"Laundry Dashboard","article_modified_time":"2025-12-12T09:26:30+00:00","twitter_card":"summary_large_image","twitter_misc":{"Est. reading time":"3 minutes"},"schema":{"@context":"https:\/\/schema.org","@graph":[{"@type":"WebPage","@id":"https:\/\/laundrydashboard.com\/de\/losung\/","url":"https:\/\/laundrydashboard.com\/de\/losung\/","name":"L\u00f6sung - Laundry Dashboard","isPartOf":{"@id":"https:\/\/laundrydashboard.com\/nl\/#website"},"datePublished":"2020-07-22T07:33:37+00:00","dateModified":"2025-12-12T09:26:30+00:00","description":"Laundry Dashboard hilft Ihnen, Ihre Effizienz zu steigern, indem es Ihnen Einblick in die wichtigsten Variablen gibt. In \u00fcbersichtlichen Dashboards sehen Sie die wichtigsten Leistungskennzahlen.","breadcrumb":{"@id":"https:\/\/laundrydashboard.com\/de\/losung\/#breadcrumb"},"inLanguage":"de-DE","potentialAction":[{"@type":"ReadAction","target":["https:\/\/laundrydashboard.com\/de\/losung\/"]}]},{"@type":"BreadcrumbList","@id":"https:\/\/laundrydashboard.com\/de\/losung\/#breadcrumb","itemListElement":[{"@type":"ListItem","position":1,"name":"Home","item":"https:\/\/www.laundrydashboard.com\/de\/"},{"@type":"ListItem","position":2,"name":"L\u00f6sung"}]},{"@type":"WebSite","@id":"https:\/\/laundrydashboard.com\/nl\/#website","url":"https:\/\/laundrydashboard.com\/nl\/","name":"Laundry Dashboard","description":"","potentialAction":[{"@type":"SearchAction","target":{"@type":"EntryPoint","urlTemplate":"https:\/\/laundrydashboard.com\/nl\/?s={search_term_string}"},"query-input":{"@type":"PropertyValueSpecification","valueRequired":true,"valueName":"search_term_string"}}],"inLanguage":"de-DE"}]}},"_links":{"self":[{"href":"https:\/\/laundrydashboard.com\/de\/wp-json\/wp\/v2\/pages\/1125","targetHints":{"allow":["GET"]}}],"collection":[{"href":"https:\/\/laundrydashboard.com\/de\/wp-json\/wp\/v2\/pages"}],"about":[{"href":"https:\/\/laundrydashboard.com\/de\/wp-json\/wp\/v2\/types\/page"}],"author":[{"embeddable":true,"href":"https:\/\/laundrydashboard.com\/de\/wp-json\/wp\/v2\/users\/1"}],"replies":[{"embeddable":true,"href":"https:\/\/laundrydashboard.com\/de\/wp-json\/wp\/v2\/comments?post=1125"}],"version-history":[{"count":38,"href":"https:\/\/laundrydashboard.com\/de\/wp-json\/wp\/v2\/pages\/1125\/revisions"}],"predecessor-version":[{"id":5372,"href":"https:\/\/laundrydashboard.com\/de\/wp-json\/wp\/v2\/pages\/1125\/revisions\/5372"}],"wp:attachment":[{"href":"https:\/\/laundrydashboard.com\/de\/wp-json\/wp\/v2\/media?parent=1125"}],"curies":[{"name":"wp","href":"https:\/\/api.w.org\/{rel}","templated":true}]}}