{"id":1179,"date":"2020-07-22T12:17:26","date_gmt":"2020-07-22T11:17:26","guid":{"rendered":"https:\/\/ldb.spankracht-acceptatie.nl\/cases\/"},"modified":"2025-11-27T15:19:41","modified_gmt":"2025-11-27T14:19:41","slug":"fallbeispiele","status":"publish","type":"page","link":"https:\/\/laundrydashboard.com\/de\/fallbeispiele\/","title":{"rendered":"Fallbeispielen"},"content":{"rendered":"","protected":false},"excerpt":{"rendered":"","protected":false},"author":1,"featured_media":0,"parent":0,"menu_order":0,"comment_status":"closed","ping_status":"closed","template":"","meta":{"_acf_changed":false,"footnotes":""},"class_list":["post-1179","page","type-page","status-publish","hentry"],"acf":{"flexible_content":[{"acf_fc_layout":"feature","pre_title":"Fallbeispiel DECOCLEAN, Gladenbach","title":"34% mehr Produktivit\u00e4t dank Laundry Dashboard","intro":"\u201eWir gingen urspr\u00fcnglich von einer Amortisationszeit von vier Jahren aus, inzwischen sind es nur noch zw\u00f6lf Monate.\u201d","buttons":[{"link":{"title":"KUNDENBERICHTE ANZEIGEN","url":"https:\/\/www.laundrydashboard.com\/de\/fallbeispiele\/decoclean-gladenbach\/","target":""}}],"media":{"choice":"image","toggle":false,"chosen_element":"","attributes":{"horizontal":"","vertical":"","custom_style_element_size":false,"min_element_size":"","style_element_size":50,"max_element_size":""},"image":"{\"original_image\":\"5325\",\"cropped_image\":5337}","platform":"vimeo","autoplay_toggle":false,"vimeo":"","youtube":"","upload_video_file":null},"type":"left","vertical_alignment":"top","heading_type":"h2","heading":"h2","text_color":"","padding":{"top":"m","bottom":"m"},"layout_bg_show_image":false,"background_color":"","layout_bg_overlay":"","layout_bg_image_desktop":null,"layout_bg_position_desktop":"center","layout_bg_image_mobile":null,"layout_bg_position_mobile":"center","title-transition":{"has_transition":false,"transition_type":"none","transition_offset":"","transition_delay":0},"intro-transition":{"has_transition":false,"transition_type":"none","transition_offset":"","transition_delay":0},"image-transition":{"has_transition":false,"transition_type":"none","transition_offset":"","transition_delay":0},"buttons-transition":{"has_transition":false,"transition_type":"none","transition_offset":"","transition_delay":0},"layout_custom_css":""},{"acf_fc_layout":"feature","pre_title":"Fallbeispiel Gunderson Cleaners, Menasha, USA","title":"Eine Produktivit\u00e4ts Steigerung um 33%","intro":"Ein ROI von weniger als einem Jahr macht Laundry Dashboard f\u00fcr jede W\u00e4scherei zu einem unschlagbaren Angebot.","buttons":[{"link":{"title":"Kundenberichte anzeigen","url":"https:\/\/www.laundrydashboard.com\/de\/fallbeispiele\/case-gunderson-cleaners\/","target":""}}],"media":{"choice":"image","toggle":false,"chosen_element":"","attributes":{"horizontal":"","vertical":"","custom_style_element_size":false,"min_element_size":"","style_element_size":50,"max_element_size":""},"image":"{\"original_image\":\"5078\",\"cropped_image\":{\"image\":\"2024\/07\/Gunderson-pand-1-scaled_x_acf_cropped-1.jpg\",\"preview\":\"2024\/07\/preview_Gunderson-pand-1-scaled_x_acf_cropped-1.jpg\"}}","platform":"vimeo","autoplay_toggle":false,"vimeo":"","youtube":"","upload_video_file":null},"type":"right","vertical_alignment":"top","heading_type":"h2","heading":"h2","text_color":"","padding":{"top":"m","bottom":"m"},"layout_bg_show_image":false,"background_color":"","layout_bg_overlay":"","layout_bg_image_desktop":null,"layout_bg_position_desktop":"center","layout_bg_image_mobile":null,"layout_bg_position_mobile":"center","title-transition":{"has_transition":false,"transition_type":"none","transition_offset":"","transition_delay":0},"intro-transition":{"has_transition":false,"transition_type":"none","transition_offset":"","transition_delay":0},"image-transition":{"has_transition":false,"transition_type":"none","transition_offset":"","transition_delay":0},"buttons-transition":{"has_transition":false,"transition_type":"none","transition_offset":"","transition_delay":0},"layout_custom_css":""},{"acf_fc_layout":"feature","pre_title":"Fallbeispiel CHMS (Coburger Handtuch & Matten Service), Deutschland","title":"Leistungssteigerung von bis zu 5 % bereits im ersten Monat ","intro":"CHMS hatte den Wunsch, vor allem bei der Mangeleingabe Stand-, Postenwechsel- und Ausfallzeiten sichtbar zu machen um die allgemeine Produktivit\u00e4t ohne Mehrarbeit zu erh\u00f6hen.","buttons":[{"link":{"title":"Kundenberichte anzeigen","url":"https:\/\/www.laundrydashboard.com\/de\/fallbeispiele\/bis-zu-5-leistungssteigerung\/","target":""}}],"media":{"choice":"image","toggle":false,"chosen_element":"","attributes":{"horizontal":"","vertical":"","custom_style_element_size":false,"min_element_size":"","style_element_size":50,"max_element_size":""},"image":"{\"original_image\":\"4837\",\"cropped_image\":4953}","platform":"vimeo","autoplay_toggle":false,"vimeo":"","youtube":"","upload_video_file":null},"type":"left","vertical_alignment":"top","heading_type":"h2","heading":"h2","text_color":"","padding":{"top":"m","bottom":"m"},"layout_bg_show_image":false,"background_color":"","layout_bg_overlay":"","layout_bg_image_desktop":null,"layout_bg_position_desktop":"center","layout_bg_image_mobile":null,"layout_bg_position_mobile":"center","title-transition":{"has_transition":false,"transition_type":"none","transition_offset":"","transition_delay":0},"intro-transition":{"has_transition":false,"transition_type":"none","transition_offset":"","transition_delay":0},"image-transition":{"has_transition":false,"transition_type":"none","transition_offset":"","transition_delay":0},"buttons-transition":{"has_transition":false,"transition_type":"none","transition_offset":"","transition_delay":0},"layout_custom_css":""},{"acf_fc_layout":"feature","pre_title":"Fallbeispiel G\u00f6ddecke Textilpflege Olsberg, Deutschland","title":"15% Produktivit\u00e4tssteigerung in der Bewohnerw\u00e4sche-Abteilung.","intro":"'Wir haben fr\u00fcher nur geglaubt, dass wir besser geworden sind. Heute wissen wir, dass wir durch diese Daten wirklich 10 bis 15 Prozent mehr Leistung erh\u00f6ht haben.'","buttons":[{"link":{"title":"Kundenberichte anzeigen","url":"https:\/\/www.laundrydashboard.com\/de\/fallbeispiele\/fallbeispiel-goeddecke-textilpflege-olsberg-deutschland\/","target":""}}],"media":{"choice":"image","toggle":false,"chosen_element":"","attributes":{"horizontal":"","vertical":"","custom_style_element_size":false,"min_element_size":"","style_element_size":50,"max_element_size":""},"image":"{\"original_image\":\"3431\",\"cropped_image\":\"3431\"}","platform":"vimeo","autoplay_toggle":false,"vimeo":"","youtube":"","upload_video_file":null},"type":"right","vertical_alignment":"top","heading_type":"h2","heading":"h2","text_color":"","padding":{"top":"m","bottom":"m"},"layout_bg_show_image":false,"background_color":"","layout_bg_overlay":"","layout_bg_image_desktop":null,"layout_bg_position_desktop":"center","layout_bg_image_mobile":null,"layout_bg_position_mobile":"center","title-transition":{"has_transition":false,"transition_type":"none","transition_offset":"","transition_delay":0},"intro-transition":{"has_transition":false,"transition_type":"none","transition_offset":"","transition_delay":0},"image-transition":{"has_transition":false,"transition_type":"none","transition_offset":"","transition_delay":0},"buttons-transition":{"has_transition":false,"transition_type":"none","transition_offset":"","transition_delay":0},"layout_custom_css":""},{"acf_fc_layout":"feature","pre_title":"Centralvaskeriet L\u00f8gumkloster, D\u00e4nemark","title":"30% Verbesserung Bettw\u00e4scheproduktion","intro":"'Man kann sich zwar schon in der W\u00e4scherei umsehen und denken, dass alle flei\u00dfig arbeiten oder momentan auch nicht, aber das ist immer eine Momentaufnahme. Darauf kann man sich nicht verlassen. Man braucht ein Werkzeug, mit dem man dies alles kontrollieren und erfassen kann.'","buttons":[{"link":{"title":"Kundenberichte anzeigen","url":"https:\/\/www.laundrydashboard.com\/de\/fallbeispiele\/fallbeispiel-centralvaskeriet-denemarken\/","target":""}}],"media":{"choice":"image","toggle":false,"chosen_element":"","attributes":{"horizontal":"","vertical":"","custom_style_element_size":false,"min_element_size":"","style_element_size":50,"max_element_size":""},"image":"{\"original_image\":\"3331\",\"cropped_image\":\"3331\"}","platform":"vimeo","autoplay_toggle":false,"vimeo":"","youtube":"","upload_video_file":null},"type":"left","vertical_alignment":"top","heading_type":"h2","heading":"h2","text_color":"","padding":{"top":"m","bottom":"m"},"layout_bg_show_image":false,"background_color":"","layout_bg_overlay":"","layout_bg_image_desktop":null,"layout_bg_position_desktop":"center","layout_bg_image_mobile":null,"layout_bg_position_mobile":"center","title-transition":{"has_transition":false,"transition_type":"none","transition_offset":"","transition_delay":0},"intro-transition":{"has_transition":false,"transition_type":"none","transition_offset":"","transition_delay":0},"image-transition":{"has_transition":false,"transition_type":"none","transition_offset":"","transition_delay":0},"buttons-transition":{"has_transition":false,"transition_type":"none","transition_offset":"","transition_delay":0},"layout_custom_css":""},{"acf_fc_layout":"feature","pre_title":"Moderna Textielservice Hardenberg, Niederlande","title":"Gaseinsparungen von 10% im Hotel- und Gastronomie W\u00e4scherei","intro":"Laundry Dashboard bietet Einblicke in die Effektivit\u00e4t der Arbeitskapazit\u00e4t, der Maschinenleistung und der Verbrauchsleistung. Auf der Grundlage dieser Daten konnte Moderna ihren Energieverbrauch optimieren und eine Menge Zeit an den Trocknern einsparen.","buttons":[{"link":{"title":"Kundenberichte anzeigen","url":"https:\/\/www.laundrydashboard.com\/de\/fallbeispiele\/fallbeispiel-moderna-textielservice-hardenberg\/","target":""}}],"media":{"choice":"image","toggle":false,"chosen_element":"","attributes":{"horizontal":"","vertical":"","custom_style_element_size":false,"min_element_size":"","style_element_size":50,"max_element_size":""},"image":"{\"original_image\":\"3244\",\"cropped_image\":\"3244\"}","platform":"vimeo","autoplay_toggle":false,"vimeo":"","youtube":"","upload_video_file":null},"type":"right","vertical_alignment":"top","heading_type":"h2","heading":"h2","text_color":"","padding":{"top":"m","bottom":"m"},"layout_bg_show_image":false,"background_color":"","layout_bg_overlay":"","layout_bg_image_desktop":null,"layout_bg_position_desktop":"center","layout_bg_image_mobile":null,"layout_bg_position_mobile":"center","title-transition":{"has_transition":false,"transition_type":"none","transition_offset":"","transition_delay":0},"intro-transition":{"has_transition":false,"transition_type":"none","transition_offset":"","transition_delay":0},"image-transition":{"has_transition":false,"transition_type":"none","transition_offset":"","transition_delay":0},"buttons-transition":{"has_transition":false,"transition_type":"none","transition_offset":"","transition_delay":0},"layout_custom_css":""},{"acf_fc_layout":"feature","pre_title":"CleanLease Goes, Niederlande","title":"Produktivit\u00e4tssteigerungen von 4% versprochen, 15% realisiert.","intro":"Der Hauptgrund f\u00fcr CleanLease Goes, Laundry Dashboard einzusetzen, besteht darin, die Leistung der W\u00e4scherei auf ein h\u00f6heres Niveau zu bringen. Dies spiegelt sich in einem Einblick in die Maschinenleistung, die Abteilungsleistung und die Mitarbeiterleistung wider.","buttons":[{"link":{"title":"Kundenberichte anzeigen","url":"https:\/\/www.laundrydashboard.com\/de\/fallbeispiele\/fallbeispiel-cleanlease-goes\/","target":""}}],"media":{"choice":"image","toggle":false,"chosen_element":"","attributes":{"horizontal":"","vertical":"","custom_style_element_size":false,"min_element_size":"","style_element_size":50,"max_element_size":""},"image":"{\"original_image\":\"730\",\"cropped_image\":\"730\"}","platform":"vimeo","autoplay_toggle":false,"vimeo":"","youtube":"","upload_video_file":null},"type":"left","vertical_alignment":"top","heading_type":"h2","heading":"h2","text_color":"","padding":{"top":"m","bottom":"m"},"layout_bg_show_image":false,"background_color":"","layout_bg_overlay":"","layout_bg_image_desktop":null,"layout_bg_position_desktop":"center","layout_bg_image_mobile":null,"layout_bg_position_mobile":"center","title-transition":{"has_transition":false,"transition_type":"none","transition_offset":"","transition_delay":0},"intro-transition":{"has_transition":false,"transition_type":"none","transition_offset":"","transition_delay":0},"image-transition":{"has_transition":false,"transition_type":"none","transition_offset":"","transition_delay":0},"buttons-transition":{"has_transition":false,"transition_type":"none","transition_offset":"","transition_delay":0},"layout_custom_css":""},{"acf_fc_layout":"feature","pre_title":"CleanLease Eindhoven, Niederlande","title":"H\u00f6here finanzielle Ertr\u00e4ge, h\u00f6here Kundenzufriedenheit.","intro":"Die Gr\u00fcnde f\u00fcr den Kauf von Laundry Dashboard durch CleanLease Eindhoven waren zum einen der Wunsch nach h\u00f6herer Produktivit\u00e4t und zum anderen der Wunsch nach einem objektiveren System zur \u00dcberwachung der Leistung der Mitarbeiter.","buttons":[{"link":{"title":"Kundenberichte anzeigen","url":"https:\/\/www.laundrydashboard.com\/de\/fallbeispiele\/fallbeispiel-cleanlease-eindhoven\/","target":""}}],"media":{"choice":"image","toggle":false,"chosen_element":"","attributes":{"horizontal":"","vertical":"","custom_style_element_size":false,"min_element_size":"","style_element_size":50,"max_element_size":""},"image":"{\"original_image\":\"2181\",\"cropped_image\":\"2181\"}","platform":"vimeo","autoplay_toggle":false,"vimeo":"","youtube":"","upload_video_file":null},"type":"right","vertical_alignment":"top","heading_type":"h2","heading":"h2","text_color":"","padding":{"top":"m","bottom":"m"},"layout_bg_show_image":false,"background_color":"","layout_bg_overlay":"","layout_bg_image_desktop":null,"layout_bg_position_desktop":"center","layout_bg_image_mobile":null,"layout_bg_position_mobile":"center","title-transition":{"has_transition":false,"transition_type":"none","transition_offset":"","transition_delay":0},"intro-transition":{"has_transition":false,"transition_type":"none","transition_offset":"","transition_delay":0},"image-transition":{"has_transition":false,"transition_type":"none","transition_offset":"","transition_delay":0},"buttons-transition":{"has_transition":false,"transition_type":"none","transition_offset":"","transition_delay":0},"layout_custom_css":null}]},"yoast_head":"<!-- This site is optimized with the Yoast SEO plugin v27.0 - https:\/\/yoast.com\/product\/yoast-seo-wordpress\/ -->\n<title>Fallbeispielen - Laundry Dashboard<\/title>\n<meta name=\"description\" content=\"Werfen Sie einen Blick auf die verschiedenen Fallstudien und finden Sie heraus, was Laundry Dashboard bereits f\u00fcr andere W\u00e4schereien tun konnte.\" \/>\n<meta name=\"robots\" content=\"index, follow, max-snippet:-1, max-image-preview:large, max-video-preview:-1\" \/>\n<link rel=\"canonical\" href=\"https:\/\/www.laundrydashboard.com\/de\/fallbeispiele\/\" \/>\n<meta property=\"og:locale\" content=\"de_DE\" \/>\n<meta property=\"og:type\" content=\"article\" \/>\n<meta property=\"og:title\" content=\"Fallbeispielen - Laundry Dashboard\" \/>\n<meta property=\"og:description\" content=\"Werfen Sie einen Blick auf die verschiedenen Fallstudien und finden Sie heraus, was Laundry Dashboard bereits f\u00fcr andere W\u00e4schereien tun konnte.\" \/>\n<meta property=\"og:url\" content=\"https:\/\/www.laundrydashboard.com\/de\/fallbeispiele\/\" \/>\n<meta property=\"og:site_name\" content=\"Laundry Dashboard\" \/>\n<meta property=\"article:modified_time\" content=\"2025-11-27T14:19:41+00:00\" \/>\n<meta name=\"twitter:card\" content=\"summary_large_image\" \/>\n<meta name=\"twitter:label1\" content=\"Est. reading time\" \/>\n\t<meta name=\"twitter:data1\" content=\"2 minutes\" \/>\n<script type=\"application\/ld+json\" class=\"yoast-schema-graph\">{\"@context\":\"https:\/\/schema.org\",\"@graph\":[{\"@type\":\"WebPage\",\"@id\":\"https:\/\/www.laundrydashboard.com\/de\/fallbeispiele\/\",\"url\":\"https:\/\/www.laundrydashboard.com\/de\/fallbeispiele\/\",\"name\":\"Fallbeispielen - Laundry Dashboard\",\"isPartOf\":{\"@id\":\"https:\/\/laundrydashboard.com\/nl\/#website\"},\"datePublished\":\"2020-07-22T11:17:26+00:00\",\"dateModified\":\"2025-11-27T14:19:41+00:00\",\"description\":\"Werfen Sie einen Blick auf die verschiedenen Fallstudien und finden Sie heraus, was Laundry Dashboard bereits f\u00fcr andere W\u00e4schereien tun konnte.\",\"breadcrumb\":{\"@id\":\"https:\/\/www.laundrydashboard.com\/de\/fallbeispiele\/#breadcrumb\"},\"inLanguage\":\"de-DE\",\"potentialAction\":[{\"@type\":\"ReadAction\",\"target\":[\"https:\/\/www.laundrydashboard.com\/de\/fallbeispiele\/\"]}]},{\"@type\":\"BreadcrumbList\",\"@id\":\"https:\/\/www.laundrydashboard.com\/de\/fallbeispiele\/#breadcrumb\",\"itemListElement\":[{\"@type\":\"ListItem\",\"position\":1,\"name\":\"Home\",\"item\":\"https:\/\/laundrydashboard.com\/de\/\"},{\"@type\":\"ListItem\",\"position\":2,\"name\":\"Fallbeispielen\"}]},{\"@type\":\"WebSite\",\"@id\":\"https:\/\/laundrydashboard.com\/nl\/#website\",\"url\":\"https:\/\/laundrydashboard.com\/nl\/\",\"name\":\"Laundry Dashboard\",\"description\":\"\",\"potentialAction\":[{\"@type\":\"SearchAction\",\"target\":{\"@type\":\"EntryPoint\",\"urlTemplate\":\"https:\/\/laundrydashboard.com\/nl\/?s={search_term_string}\"},\"query-input\":{\"@type\":\"PropertyValueSpecification\",\"valueRequired\":true,\"valueName\":\"search_term_string\"}}],\"inLanguage\":\"de-DE\"}]}<\/script>\n<!-- \/ Yoast SEO plugin. -->","yoast_head_json":{"title":"Fallbeispielen - Laundry Dashboard","description":"Werfen Sie einen Blick auf die verschiedenen Fallstudien und finden Sie heraus, was Laundry Dashboard bereits f\u00fcr andere W\u00e4schereien tun konnte.","robots":{"index":"index","follow":"follow","max-snippet":"max-snippet:-1","max-image-preview":"max-image-preview:large","max-video-preview":"max-video-preview:-1"},"canonical":"https:\/\/www.laundrydashboard.com\/de\/fallbeispiele\/","og_locale":"de_DE","og_type":"article","og_title":"Fallbeispielen - Laundry Dashboard","og_description":"Werfen Sie einen Blick auf die verschiedenen Fallstudien und finden Sie heraus, was Laundry Dashboard bereits f\u00fcr andere W\u00e4schereien tun konnte.","og_url":"https:\/\/www.laundrydashboard.com\/de\/fallbeispiele\/","og_site_name":"Laundry Dashboard","article_modified_time":"2025-11-27T14:19:41+00:00","twitter_card":"summary_large_image","twitter_misc":{"Est. reading time":"2 minutes"},"schema":{"@context":"https:\/\/schema.org","@graph":[{"@type":"WebPage","@id":"https:\/\/www.laundrydashboard.com\/de\/fallbeispiele\/","url":"https:\/\/www.laundrydashboard.com\/de\/fallbeispiele\/","name":"Fallbeispielen - Laundry Dashboard","isPartOf":{"@id":"https:\/\/laundrydashboard.com\/nl\/#website"},"datePublished":"2020-07-22T11:17:26+00:00","dateModified":"2025-11-27T14:19:41+00:00","description":"Werfen Sie einen Blick auf die verschiedenen Fallstudien und finden Sie heraus, was Laundry Dashboard bereits f\u00fcr andere W\u00e4schereien tun konnte.","breadcrumb":{"@id":"https:\/\/www.laundrydashboard.com\/de\/fallbeispiele\/#breadcrumb"},"inLanguage":"de-DE","potentialAction":[{"@type":"ReadAction","target":["https:\/\/www.laundrydashboard.com\/de\/fallbeispiele\/"]}]},{"@type":"BreadcrumbList","@id":"https:\/\/www.laundrydashboard.com\/de\/fallbeispiele\/#breadcrumb","itemListElement":[{"@type":"ListItem","position":1,"name":"Home","item":"https:\/\/laundrydashboard.com\/de\/"},{"@type":"ListItem","position":2,"name":"Fallbeispielen"}]},{"@type":"WebSite","@id":"https:\/\/laundrydashboard.com\/nl\/#website","url":"https:\/\/laundrydashboard.com\/nl\/","name":"Laundry Dashboard","description":"","potentialAction":[{"@type":"SearchAction","target":{"@type":"EntryPoint","urlTemplate":"https:\/\/laundrydashboard.com\/nl\/?s={search_term_string}"},"query-input":{"@type":"PropertyValueSpecification","valueRequired":true,"valueName":"search_term_string"}}],"inLanguage":"de-DE"}]}},"_links":{"self":[{"href":"https:\/\/laundrydashboard.com\/de\/wp-json\/wp\/v2\/pages\/1179","targetHints":{"allow":["GET"]}}],"collection":[{"href":"https:\/\/laundrydashboard.com\/de\/wp-json\/wp\/v2\/pages"}],"about":[{"href":"https:\/\/laundrydashboard.com\/de\/wp-json\/wp\/v2\/types\/page"}],"author":[{"embeddable":true,"href":"https:\/\/laundrydashboard.com\/de\/wp-json\/wp\/v2\/users\/1"}],"replies":[{"embeddable":true,"href":"https:\/\/laundrydashboard.com\/de\/wp-json\/wp\/v2\/comments?post=1179"}],"version-history":[{"count":49,"href":"https:\/\/laundrydashboard.com\/de\/wp-json\/wp\/v2\/pages\/1179\/revisions"}],"predecessor-version":[{"id":5365,"href":"https:\/\/laundrydashboard.com\/de\/wp-json\/wp\/v2\/pages\/1179\/revisions\/5365"}],"wp:attachment":[{"href":"https:\/\/laundrydashboard.com\/de\/wp-json\/wp\/v2\/media?parent=1179"}],"curies":[{"name":"wp","href":"https:\/\/api.w.org\/{rel}","templated":true}]}}