{"id":1182,"date":"2020-07-22T10:10:23","date_gmt":"2020-07-22T09:10:23","guid":{"rendered":"https:\/\/ldb.spankracht-acceptatie.nl\/about\/"},"modified":"2024-09-19T10:19:17","modified_gmt":"2024-09-19T09:19:17","slug":"uber-uns","status":"publish","type":"page","link":"https:\/\/laundrydashboard.com\/de\/uber-uns\/","title":{"rendered":"\u00dcber uns"},"content":{"rendered":"","protected":false},"excerpt":{"rendered":"","protected":false},"author":4,"featured_media":0,"parent":0,"menu_order":0,"comment_status":"closed","ping_status":"closed","template":"","meta":{"_acf_changed":false,"footnotes":""},"class_list":["post-1182","page","type-page","status-publish","hentry"],"acf":{"flexible_content":[{"acf_fc_layout":"pageheader_default","header_media":"image","color_overlay":"rgba(0,0,0,0.3)","platform_choice":"image","video":"","upload_video_file":null,"desktop":{"header_size":"small","fullscreen":null,"large":null,"small":"{\"original_image\":\"5150\",\"cropped_image\":{\"image\":\"2024\/09\/WSP-PAND-1-scaled_1600x340_acf_cropped-1.jpg\",\"preview\":\"2024\/09\/preview_WSP-PAND-1-scaled_1600x340_acf_cropped-1.jpg\"}}"},"mobile":{"header_size":"small","fullscreen":null,"large":null,"small":"{\"original_image\":\"5150\",\"cropped_image\":{\"image\":\"2024\/09\/WSP-PAND-1-scaled_450x210_acf_cropped-1.jpg\",\"preview\":\"2024\/09\/preview_WSP-PAND-1-scaled_450x210_acf_cropped-1.jpg\"}}"},"pre_title":"","header_title":"","header_intro":"","header_btn-primary":{"header_btn-color":"is-primary","header_btn":""},"header_btn-secondary":{"header_btn-color":"is-primary","header_btn":""},"header_btn-video":{"header_btn-color":"is-primary","header_btn":""},"heading_type":"h2","heading":"h1","text_color":"#ffffff","text_shadow":false,"header_height":100,"horizontal_header_padding":"","layout_custom_css":""},{"acf_fc_layout":"wysiwyg","pre_title":"Laundry Dashboard","title":"Das Ergebnis von IT-Kenntnissen und W\u00e4schereierfahrung","intro":"Verborgenes Potenzial sichtbar machen. W\u00e4schereien und ihren Teams helfen, ihre Leistung bewusst zu verbessern.","content":"Das betrachten wir bei Laundry Dashboard als unsere Mission. Wir wurden vom Systemintegrator <a href=\"https:\/\/www.wspsystems.com\/de\/\">WSP<\/a> und dem Waschmittellieferanten <a href=\"https:\/\/www.christeyns.com\/de\">Christeyns<\/a> gegr\u00fcndet. Unsere L\u00f6sungen basieren deshalb auf tiefgreifenden Kenntnissen \u00fcber W\u00e4schereien und unserer IT-Spezialisierung.","buttons":null,"heading_type":"h2","heading":"h1","layout_text_align":"centered","layout_textbox_size":"8","text_color":"","padding":{"top":"s","bottom":"s"},"layout_bg_show_image":false,"background_color":"","layout_bg_overlay":"","layout_bg_image_desktop":null,"layout_bg_position_desktop":"center","layout_bg_image_mobile":null,"layout_bg_position_mobile":"center","pre-title-transition":{"has_transition":false,"transition_type":"none","transition_offset":0,"transition_delay":0},"title-transition":{"has_transition":false,"transition_type":"none","transition_offset":"","transition_delay":0},"intro-transition":{"has_transition":false,"transition_type":"none","transition_offset":"","transition_delay":0},"text-transition":{"has_transition":false,"transition_type":"none","transition_offset":"","transition_delay":0},"layout_custom_css":""},{"acf_fc_layout":"grid","pre_title":"","title":"","intro":"","layout_columns":"three","photo_format":"rectangle","show_readmore_link":false,"blocks":[{"image":"{\"original_image\":\"1772\",\"cropped_image\":{\"image\":\"2020\/10\/IMG_2754-scaled_274x167_acf_cropped-2.jpg\",\"preview\":\"2020\/10\/preview_IMG_2754-scaled_274x167_acf_cropped-2.jpg\"}}","title":"Entwicklung","intro":"Laundry Dashboard wurde komplett im eigenen Haus entwickelt. St\u00e4ndig inspiriert durch technische Entwicklungen und angetrieben durch herausfordernde Gesch\u00e4ftsszenarien. Das Ergebnis ist eine ausgesprochen leistungsstarke L\u00f6sung, f\u00fcr die praktische Anwendung in gro\u00dfen und kleinen W\u00e4schereien.","link":""},{"image":"{\"original_image\":\"765\",\"cropped_image\":{\"image\":\"2020\/07\/consultant_274x167_acf_cropped-1.jpg\",\"preview\":\"2020\/07\/preview_consultant_274x167_acf_cropped-1.jpg\"}}","title":"Implementierung","intro":"Die Implementierung von Laundry Dashboard wird durch unsere Spezialisten durchgef\u00fchrt. Schnell, lautlos und fast ohne Unterbrechung Ihres Produktionsprozesses installieren wir die Hard- und Software. Die Anwendung funktioniert innerhalb von vier Monaten.","link":""},{"image":"{\"original_image\":\"776\",\"cropped_image\":{\"image\":\"2020\/07\/uitleg_274x167_acf_cropped.jpg\",\"preview\":\"2020\/07\/preview_uitleg_274x167_acf_cropped.jpg\"}}","title":"Consultancy","intro":"Unsere Spezialisten schulen Ihr W\u00e4schereiteam, Ihre Vorgesetzte und die Manager bei der Nutzung von Laundry Dashboard. Abh\u00e4ngig von Ihrem Bedarf analysieren wir gemeinsam mit Ihnen die gesammelten Daten. Wir helfen Ihnen bei der Interpretation der Informationen und bei der Lokalisierung wichtiger Optimierungschancen.","link":""}],"heading_type":"h2","heading":"h1","layout_text_align":"centered","text_color":"","block_styling":{"hover_shadow":true,"block_outline":true},"padding":{"top":"m","bottom":"m"},"layout_bg_show_image":false,"background_color":"","layout_bg_overlay":"","layout_bg_image_desktop":null,"layout_bg_position_desktop":"center","layout_bg_image_mobile":null,"layout_bg_position_mobile":"center","pre-title-transition":{"has_transition":false,"transition_type":"none","transition_offset":0,"transition_delay":0},"title-transition":{"has_transition":false,"transition_type":"none","transition_offset":"","transition_delay":0},"intro-transition":{"has_transition":false,"transition_type":"none","transition_offset":"","transition_delay":0},"text-transition":{"has_transition":false,"transition_type":"none","transition_offset":"","transition_delay":0},"layout_custom_css":""},{"acf_fc_layout":"ctabanner","title":"\"Bis zur Einf\u00fchrung von Laundry Dashboard gab es in unserer Branche in den letzten 10 Jahren relativ wenig Innovationen.\"","intro":"Richard Turvill, Swiss Camplings, England","link":{"title":"Kundengeschichten anzeigen","url":"\/de\/cases\/","target":""},"heading_type":"h2","heading":"h2","layout_background_image":"","background_color":"","text_color":"","padding":{"top":"m","bottom":"m"},"title-transition":{"has_transition":false,"transition_type":"none","transition_offset":"","transition_delay":0},"intro-transition":{"has_transition":false,"transition_type":"none","transition_offset":"","transition_delay":0},"buttons-transition":{"has_transition":false,"transition_type":"none","transition_offset":"","transition_delay":0},"layout_custom_css":""},{"acf_fc_layout":"blurbs","pre_title":"","title":"unsere Partner","intro":"Laundry Dashboard sichert kontinuierlich die Qualit\u00e4t durch die Zusammenarbeit mit zuverl\u00e4ssigen Partnern. Unsere L\u00f6sung kann mit verschiedenen Anwendungen verkn\u00fcpft werden. Hier finden Sie unsere Partner.","buttons":null,"items":[{"icon":"","title":"Dyflexis","desc":"F\u00fcr eine optimale Personalplanung und automatische Zeiterfassung mit \u00fcbersichtlichen Berichten.","link":{"title":"","url":"https:\/\/www.dyflexis.com\/de\/","target":""}},{"icon":"","title":"Control Office","desc":"Control Office ist ein Instandhaltungsmanagementsystem, das die t\u00e4gliche Arbeit in der technischen Abteilung einfacher und angenehmer macht.","link":{"title":"","url":"https:\/\/www.tdo.nl\/en\/","target":""}}],"heading_type":"h2","heading":"h1","text_color":"","padding":{"top":"m","bottom":"m"},"layout_bg_show_image":false,"background_color":"","layout_bg_overlay":"","layout_bg_image_desktop":null,"layout_bg_position_desktop":"center","layout_bg_image_mobile":null,"layout_bg_position_mobile":"center","pre-title-transition":{"has_transition":false,"transition_type":"none","transition_offset":0,"transition_delay":0},"title-transition":{"has_transition":false,"transition_type":"none","transition_offset":"","transition_delay":0},"intro-transition":{"has_transition":false,"transition_type":"none","transition_offset":"","transition_delay":0},"text-transition":{"has_transition":false,"transition_type":"none","transition_offset":"","transition_delay":0},"buttons-transition":{"has_transition":false,"transition_type":"none","transition_offset":"","transition_delay":0},"layout_custom_css":""}]},"yoast_head":"<!-- This site is optimized with the Yoast SEO plugin v27.0 - https:\/\/yoast.com\/product\/yoast-seo-wordpress\/ -->\n<title>\u00dcber uns - Laundry Dashboard<\/title>\n<meta name=\"description\" content=\"Verborgenes Potenzial sichtbar machen und W\u00e4schereien und ihren Teams helfen, ihre Leistung bewusst zu verbessern.\" \/>\n<meta name=\"robots\" content=\"index, follow, max-snippet:-1, max-image-preview:large, max-video-preview:-1\" \/>\n<link rel=\"canonical\" href=\"https:\/\/laundrydashboard.com\/de\/uber-uns\/\" \/>\n<meta property=\"og:locale\" content=\"de_DE\" \/>\n<meta property=\"og:type\" content=\"article\" \/>\n<meta property=\"og:title\" content=\"\u00dcber uns - Laundry Dashboard\" \/>\n<meta property=\"og:description\" content=\"Verborgenes Potenzial sichtbar machen und W\u00e4schereien und ihren Teams helfen, ihre Leistung bewusst zu verbessern.\" \/>\n<meta property=\"og:url\" content=\"https:\/\/laundrydashboard.com\/de\/uber-uns\/\" \/>\n<meta property=\"og:site_name\" content=\"Laundry Dashboard\" \/>\n<meta property=\"article:modified_time\" content=\"2024-09-19T09:19:17+00:00\" \/>\n<meta name=\"twitter:card\" content=\"summary_large_image\" \/>\n<meta name=\"twitter:label1\" content=\"Est. reading time\" \/>\n\t<meta name=\"twitter:data1\" content=\"2 minutes\" \/>\n<script type=\"application\/ld+json\" class=\"yoast-schema-graph\">{\"@context\":\"https:\/\/schema.org\",\"@graph\":[{\"@type\":\"WebPage\",\"@id\":\"https:\/\/laundrydashboard.com\/de\/uber-uns\/\",\"url\":\"https:\/\/laundrydashboard.com\/de\/uber-uns\/\",\"name\":\"\u00dcber uns - Laundry Dashboard\",\"isPartOf\":{\"@id\":\"https:\/\/laundrydashboard.com\/nl\/#website\"},\"datePublished\":\"2020-07-22T09:10:23+00:00\",\"dateModified\":\"2024-09-19T09:19:17+00:00\",\"description\":\"Verborgenes Potenzial sichtbar machen und W\u00e4schereien und ihren Teams helfen, ihre Leistung bewusst zu verbessern.\",\"breadcrumb\":{\"@id\":\"https:\/\/laundrydashboard.com\/de\/uber-uns\/#breadcrumb\"},\"inLanguage\":\"de-DE\",\"potentialAction\":[{\"@type\":\"ReadAction\",\"target\":[\"https:\/\/laundrydashboard.com\/de\/uber-uns\/\"]}]},{\"@type\":\"BreadcrumbList\",\"@id\":\"https:\/\/laundrydashboard.com\/de\/uber-uns\/#breadcrumb\",\"itemListElement\":[{\"@type\":\"ListItem\",\"position\":1,\"name\":\"Home\",\"item\":\"https:\/\/laundrydashboard.com\/de\/\"},{\"@type\":\"ListItem\",\"position\":2,\"name\":\"\u00dcber uns\"}]},{\"@type\":\"WebSite\",\"@id\":\"https:\/\/laundrydashboard.com\/nl\/#website\",\"url\":\"https:\/\/laundrydashboard.com\/nl\/\",\"name\":\"Laundry Dashboard\",\"description\":\"\",\"potentialAction\":[{\"@type\":\"SearchAction\",\"target\":{\"@type\":\"EntryPoint\",\"urlTemplate\":\"https:\/\/laundrydashboard.com\/nl\/?s={search_term_string}\"},\"query-input\":{\"@type\":\"PropertyValueSpecification\",\"valueRequired\":true,\"valueName\":\"search_term_string\"}}],\"inLanguage\":\"de-DE\"}]}<\/script>\n<!-- \/ Yoast SEO plugin. -->","yoast_head_json":{"title":"\u00dcber uns - Laundry Dashboard","description":"Verborgenes Potenzial sichtbar machen und W\u00e4schereien und ihren Teams helfen, ihre Leistung bewusst zu verbessern.","robots":{"index":"index","follow":"follow","max-snippet":"max-snippet:-1","max-image-preview":"max-image-preview:large","max-video-preview":"max-video-preview:-1"},"canonical":"https:\/\/laundrydashboard.com\/de\/uber-uns\/","og_locale":"de_DE","og_type":"article","og_title":"\u00dcber uns - Laundry Dashboard","og_description":"Verborgenes Potenzial sichtbar machen und W\u00e4schereien und ihren Teams helfen, ihre Leistung bewusst zu verbessern.","og_url":"https:\/\/laundrydashboard.com\/de\/uber-uns\/","og_site_name":"Laundry Dashboard","article_modified_time":"2024-09-19T09:19:17+00:00","twitter_card":"summary_large_image","twitter_misc":{"Est. reading time":"2 minutes"},"schema":{"@context":"https:\/\/schema.org","@graph":[{"@type":"WebPage","@id":"https:\/\/laundrydashboard.com\/de\/uber-uns\/","url":"https:\/\/laundrydashboard.com\/de\/uber-uns\/","name":"\u00dcber uns - Laundry Dashboard","isPartOf":{"@id":"https:\/\/laundrydashboard.com\/nl\/#website"},"datePublished":"2020-07-22T09:10:23+00:00","dateModified":"2024-09-19T09:19:17+00:00","description":"Verborgenes Potenzial sichtbar machen und W\u00e4schereien und ihren Teams helfen, ihre Leistung bewusst zu verbessern.","breadcrumb":{"@id":"https:\/\/laundrydashboard.com\/de\/uber-uns\/#breadcrumb"},"inLanguage":"de-DE","potentialAction":[{"@type":"ReadAction","target":["https:\/\/laundrydashboard.com\/de\/uber-uns\/"]}]},{"@type":"BreadcrumbList","@id":"https:\/\/laundrydashboard.com\/de\/uber-uns\/#breadcrumb","itemListElement":[{"@type":"ListItem","position":1,"name":"Home","item":"https:\/\/laundrydashboard.com\/de\/"},{"@type":"ListItem","position":2,"name":"\u00dcber uns"}]},{"@type":"WebSite","@id":"https:\/\/laundrydashboard.com\/nl\/#website","url":"https:\/\/laundrydashboard.com\/nl\/","name":"Laundry Dashboard","description":"","potentialAction":[{"@type":"SearchAction","target":{"@type":"EntryPoint","urlTemplate":"https:\/\/laundrydashboard.com\/nl\/?s={search_term_string}"},"query-input":{"@type":"PropertyValueSpecification","valueRequired":true,"valueName":"search_term_string"}}],"inLanguage":"de-DE"}]}},"_links":{"self":[{"href":"https:\/\/laundrydashboard.com\/de\/wp-json\/wp\/v2\/pages\/1182","targetHints":{"allow":["GET"]}}],"collection":[{"href":"https:\/\/laundrydashboard.com\/de\/wp-json\/wp\/v2\/pages"}],"about":[{"href":"https:\/\/laundrydashboard.com\/de\/wp-json\/wp\/v2\/types\/page"}],"author":[{"embeddable":true,"href":"https:\/\/laundrydashboard.com\/de\/wp-json\/wp\/v2\/users\/4"}],"replies":[{"embeddable":true,"href":"https:\/\/laundrydashboard.com\/de\/wp-json\/wp\/v2\/comments?post=1182"}],"version-history":[{"count":22,"href":"https:\/\/laundrydashboard.com\/de\/wp-json\/wp\/v2\/pages\/1182\/revisions"}],"predecessor-version":[{"id":5152,"href":"https:\/\/laundrydashboard.com\/de\/wp-json\/wp\/v2\/pages\/1182\/revisions\/5152"}],"wp:attachment":[{"href":"https:\/\/laundrydashboard.com\/de\/wp-json\/wp\/v2\/media?parent=1182"}],"curies":[{"name":"wp","href":"https:\/\/api.w.org\/{rel}","templated":true}]}}