{"id":1185,"date":"2020-07-22T12:27:53","date_gmt":"2020-07-22T11:27:53","guid":{"rendered":"https:\/\/ldb.spankracht-acceptatie.nl\/cases\/casus-lips-2\/"},"modified":"2021-07-14T10:58:40","modified_gmt":"2021-07-14T09:58:40","slug":"fallbeispiel-cleanlease-goes","status":"publish","type":"page","link":"https:\/\/laundrydashboard.com\/de\/fallbeispiele\/fallbeispiel-cleanlease-goes\/","title":{"rendered":"Fallbeispiel CleanLease Goes"},"content":{"rendered":"","protected":false},"excerpt":{"rendered":"","protected":false},"author":1,"featured_media":0,"parent":1179,"menu_order":3,"comment_status":"closed","ping_status":"closed","template":"","meta":{"_acf_changed":false,"footnotes":""},"class_list":["post-1185","page","type-page","status-publish","hentry"],"acf":{"flexible_content":[{"acf_fc_layout":"videoblock","pre_title":"Fallbeispiele CleanLease Goes","title":"Produktivit\u00e4tssteigerung von 4% versprochen, und 15% realisiert.","intro":"","platform":"vimeo","vimeo":"438889310","youtube":"","heading_type":"h2","heading":"h1","layout_text_align":"centered","text_color":"","padding":{"top":"m","bottom":"m"},"layout_bg_show_image":false,"background_color":"","layout_bg_overlay":"","layout_bg_image_desktop":null,"layout_bg_position_desktop":"center","layout_bg_image_mobile":null,"layout_bg_position_mobile":"center","layout_custom_css":null,"pre-title-transition":{"has_transition":false,"transition_type":"none","transition_offset":0,"transition_delay":0},"title-transition":{"has_transition":false,"transition_type":"none","transition_offset":"","transition_delay":0},"intro-transition":{"has_transition":false,"transition_type":"none","transition_offset":"","transition_delay":0},"text-transition":{"has_transition":false,"transition_type":"none","transition_offset":"","transition_delay":0}},{"acf_fc_layout":"wysiwyg","pre_title":"","title":"","intro":"","content":"<strong>Die Herausforderung<\/strong>\r\n\r\nAls nationaler Dienstleister mit mehreren Niederlassungen ist Cleanlease immer in der N\u00e4he seiner Kunden, insbesondere von Krankenh\u00e4usern, Pflegeeinrichtungen und Ferienparks. Kunden, die f\u00fcr einen abwechslungsreichen W\u00e4schestrom gut sind: ca. 160 Tonnen pro Woche. Cleanlease achtet schon seit einiger Zeit auf die Produktionseffizienz.\r\n<ul>\r\n \t<li>Konzepte wie Lean Six Sigma lieferten reichlich Inspiration. Die Frage war: Wie k\u00f6nnen wir die Leistung der W\u00e4scherei verbessern? Wie k\u00f6nnen wir Verschwendung vermeiden und die Kapazit\u00e4t maximal nutzen?<\/li>\r\n \t<li>Unser Laundry Dashboard Tool kam mit dieser Aufgabe zum richtigen Zeitpunkt. In dieser Kategorie - und in zwei weiteren - haben wir das Laundry Dashboard implementiert.<\/li>\r\n<\/ul>\r\n<strong>Die L\u00f6sung<\/strong>\r\n\r\nWir haben das Laundry Dashboard bei Cleanlease in Goes implementiert. Dies ist ein intelligentes System zur \u00dcberwachung der W\u00e4scherei. Die von Cleanlease gew\u00e4hlte Version gibt vor allem Aufschluss \u00fcber die Produktivit\u00e4t der Mitarbeiter.\r\n<ul>\r\n \t<li>Wir haben so genannte Subboxen installiert, die Messdaten aus dem Prozess extrahieren. Die W\u00e4scherei wurde mit Touch-PCs ausgestattet: Die Mitarbeiter k\u00f6nnen sich mit RFID-Tags einloggen und ihre aktuelle Aufgabe registrieren. An verschiedenen Stellen in der W\u00e4scherei haben wir Bildschirme aufgestellt, auf denen die Produktivit\u00e4t visualisiert wird, sichtbar f\u00fcr die Teams.<\/li>\r\n \t<li>Vom ersten Tag an hatte der Filialleiter Echtzeit-Einblick in die Produktivit\u00e4t. Was fr\u00fcher weitgehend auf Gef\u00fchlen beruhte, wurde nun durch objektive Daten ersetzt.<\/li>\r\n \t<li>Zusammen mit Cleanlease analysierten wir im ersten Jahr mehrmals die Informationen aus dem Laundry Dashboard und suchten nach Optimierungsm\u00f6glichkeiten.<\/li>\r\n<\/ul>\r\n<strong>Das Ergebnis<\/strong>\r\n\r\nWir haben Cleanlease im Voraus einen Produktivit\u00e4tszuwachs von 4% garantiert. Nach dem ersten Jahr lag der Z\u00e4hler bei nicht weniger als 15%! Ein Jahr sp\u00e4ter hatte sich die Investition in Laundry Dashboard bereits mehr als bezahlt gemacht.\r\n\r\nDem Management und den Teams von Cleanlease war es gelungen, die Leistung mit Hilfe des Laundry Dashboards deutlich zu verbessern. Das Schl\u00fcsselwort ist hier Einblick. Cleanlease hat nun Einblick in die Nutzung der Maschinenkapazit\u00e4t, die Leistung der Abteilungen und die Leistung der einzelnen Mitarbeiter. Der Einblick in die objektiven Informationen aus dem Laundry Dashboard, erm\u00f6glicht es die Leistungen von Abteilungen, Teams und einzelner Mitarbeiter gezielt zu optimieren.","buttons":null,"heading_type":"h2","heading":"h1","layout_text_align":"centered","layout_textbox_size":8,"text_color":"","padding":{"top":"0","bottom":"m"},"layout_bg_show_image":false,"background_color":"","layout_bg_overlay":"","layout_bg_image_desktop":null,"layout_bg_position_desktop":"center","layout_bg_image_mobile":null,"layout_bg_position_mobile":"center","pre-title-transition":{"has_transition":false,"transition_type":"none","transition_offset":0,"transition_delay":0},"title-transition":{"has_transition":false,"transition_type":"none","transition_offset":"","transition_delay":0},"intro-transition":{"has_transition":false,"transition_type":"none","transition_offset":"","transition_delay":0},"text-transition":{"has_transition":false,"transition_type":"none","transition_offset":"","transition_delay":0},"layout_custom_css":null},{"acf_fc_layout":"ctabanner","title":"\u201eDie Besch\u00e4ftigten genie\u00dfen es, ihre Leistungen w\u00e4hrend des Arbeitstages verfolgen zu k\u00f6nnen.\u201c","intro":"William Harte, Abteilungsleiter CleanLease Goes","link":"","heading_type":"h2","heading":"h2","layout_background_image":null,"background_color":"","text_color":"","padding":{"top":"m","bottom":"m"},"title-transition":{"has_transition":false,"transition_type":"none","transition_offset":"","transition_delay":0},"intro-transition":{"has_transition":false,"transition_type":"none","transition_offset":"","transition_delay":0},"buttons-transition":{"has_transition":false,"transition_type":"none","transition_offset":"","transition_delay":0},"layout_custom_css":null}]},"yoast_head":"<!-- This site is optimized with the Yoast SEO plugin v27.0 - https:\/\/yoast.com\/product\/yoast-seo-wordpress\/ -->\n<title>Fallbeispiel CleanLease Goes - Laundry Dashboard<\/title>\n<meta name=\"robots\" content=\"index, follow, max-snippet:-1, max-image-preview:large, max-video-preview:-1\" \/>\n<link rel=\"canonical\" href=\"https:\/\/laundrydashboard.com\/de\/fallbeispiele\/fallbeispiel-cleanlease-goes\/\" \/>\n<meta property=\"og:locale\" content=\"de_DE\" \/>\n<meta property=\"og:type\" content=\"article\" \/>\n<meta property=\"og:title\" content=\"Fallbeispiel CleanLease Goes - Laundry Dashboard\" \/>\n<meta property=\"og:url\" content=\"https:\/\/laundrydashboard.com\/de\/fallbeispiele\/fallbeispiel-cleanlease-goes\/\" \/>\n<meta property=\"og:site_name\" content=\"Laundry Dashboard\" \/>\n<meta property=\"article:modified_time\" content=\"2021-07-14T09:58:40+00:00\" \/>\n<meta name=\"twitter:card\" content=\"summary_large_image\" \/>\n<script type=\"application\/ld+json\" class=\"yoast-schema-graph\">{\"@context\":\"https:\/\/schema.org\",\"@graph\":[{\"@type\":\"WebPage\",\"@id\":\"https:\/\/laundrydashboard.com\/de\/fallbeispiele\/fallbeispiel-cleanlease-goes\/\",\"url\":\"https:\/\/laundrydashboard.com\/de\/fallbeispiele\/fallbeispiel-cleanlease-goes\/\",\"name\":\"Fallbeispiel CleanLease Goes - Laundry Dashboard\",\"isPartOf\":{\"@id\":\"https:\/\/www.laundrydashboard.com\/de\/#website\"},\"datePublished\":\"2020-07-22T11:27:53+00:00\",\"dateModified\":\"2021-07-14T09:58:40+00:00\",\"breadcrumb\":{\"@id\":\"https:\/\/laundrydashboard.com\/de\/fallbeispiele\/fallbeispiel-cleanlease-goes\/#breadcrumb\"},\"inLanguage\":\"de-DE\",\"potentialAction\":[{\"@type\":\"ReadAction\",\"target\":[\"https:\/\/laundrydashboard.com\/de\/fallbeispiele\/fallbeispiel-cleanlease-goes\/\"]}]},{\"@type\":\"BreadcrumbList\",\"@id\":\"https:\/\/laundrydashboard.com\/de\/fallbeispiele\/fallbeispiel-cleanlease-goes\/#breadcrumb\",\"itemListElement\":[{\"@type\":\"ListItem\",\"position\":1,\"name\":\"Home\",\"item\":\"https:\/\/www.laundrydashboard.com\/de\/\"},{\"@type\":\"ListItem\",\"position\":2,\"name\":\"Fallbeispielen\",\"item\":\"https:\/\/www.laundrydashboard.com\/de\/fallbeispiele\/\"},{\"@type\":\"ListItem\",\"position\":3,\"name\":\"Fallbeispiel CleanLease Goes\"}]},{\"@type\":\"WebSite\",\"@id\":\"https:\/\/www.laundrydashboard.com\/de\/#website\",\"url\":\"https:\/\/www.laundrydashboard.com\/de\/\",\"name\":\"Laundry Dashboard\",\"description\":\"\",\"potentialAction\":[{\"@type\":\"SearchAction\",\"target\":{\"@type\":\"EntryPoint\",\"urlTemplate\":\"https:\/\/www.laundrydashboard.com\/de\/?s={search_term_string}\"},\"query-input\":{\"@type\":\"PropertyValueSpecification\",\"valueRequired\":true,\"valueName\":\"search_term_string\"}}],\"inLanguage\":\"de-DE\"}]}<\/script>\n<!-- \/ Yoast SEO plugin. -->","yoast_head_json":{"title":"Fallbeispiel CleanLease Goes - Laundry Dashboard","robots":{"index":"index","follow":"follow","max-snippet":"max-snippet:-1","max-image-preview":"max-image-preview:large","max-video-preview":"max-video-preview:-1"},"canonical":"https:\/\/laundrydashboard.com\/de\/fallbeispiele\/fallbeispiel-cleanlease-goes\/","og_locale":"de_DE","og_type":"article","og_title":"Fallbeispiel CleanLease Goes - Laundry Dashboard","og_url":"https:\/\/laundrydashboard.com\/de\/fallbeispiele\/fallbeispiel-cleanlease-goes\/","og_site_name":"Laundry Dashboard","article_modified_time":"2021-07-14T09:58:40+00:00","twitter_card":"summary_large_image","schema":{"@context":"https:\/\/schema.org","@graph":[{"@type":"WebPage","@id":"https:\/\/laundrydashboard.com\/de\/fallbeispiele\/fallbeispiel-cleanlease-goes\/","url":"https:\/\/laundrydashboard.com\/de\/fallbeispiele\/fallbeispiel-cleanlease-goes\/","name":"Fallbeispiel CleanLease Goes - Laundry Dashboard","isPartOf":{"@id":"https:\/\/www.laundrydashboard.com\/de\/#website"},"datePublished":"2020-07-22T11:27:53+00:00","dateModified":"2021-07-14T09:58:40+00:00","breadcrumb":{"@id":"https:\/\/laundrydashboard.com\/de\/fallbeispiele\/fallbeispiel-cleanlease-goes\/#breadcrumb"},"inLanguage":"de-DE","potentialAction":[{"@type":"ReadAction","target":["https:\/\/laundrydashboard.com\/de\/fallbeispiele\/fallbeispiel-cleanlease-goes\/"]}]},{"@type":"BreadcrumbList","@id":"https:\/\/laundrydashboard.com\/de\/fallbeispiele\/fallbeispiel-cleanlease-goes\/#breadcrumb","itemListElement":[{"@type":"ListItem","position":1,"name":"Home","item":"https:\/\/www.laundrydashboard.com\/de\/"},{"@type":"ListItem","position":2,"name":"Fallbeispielen","item":"https:\/\/www.laundrydashboard.com\/de\/fallbeispiele\/"},{"@type":"ListItem","position":3,"name":"Fallbeispiel CleanLease Goes"}]},{"@type":"WebSite","@id":"https:\/\/www.laundrydashboard.com\/de\/#website","url":"https:\/\/www.laundrydashboard.com\/de\/","name":"Laundry Dashboard","description":"","potentialAction":[{"@type":"SearchAction","target":{"@type":"EntryPoint","urlTemplate":"https:\/\/www.laundrydashboard.com\/de\/?s={search_term_string}"},"query-input":{"@type":"PropertyValueSpecification","valueRequired":true,"valueName":"search_term_string"}}],"inLanguage":"de-DE"}]}},"_links":{"self":[{"href":"https:\/\/laundrydashboard.com\/de\/wp-json\/wp\/v2\/pages\/1185","targetHints":{"allow":["GET"]}}],"collection":[{"href":"https:\/\/laundrydashboard.com\/de\/wp-json\/wp\/v2\/pages"}],"about":[{"href":"https:\/\/laundrydashboard.com\/de\/wp-json\/wp\/v2\/types\/page"}],"author":[{"embeddable":true,"href":"https:\/\/laundrydashboard.com\/de\/wp-json\/wp\/v2\/users\/1"}],"replies":[{"embeddable":true,"href":"https:\/\/laundrydashboard.com\/de\/wp-json\/wp\/v2\/comments?post=1185"}],"version-history":[{"count":17,"href":"https:\/\/laundrydashboard.com\/de\/wp-json\/wp\/v2\/pages\/1185\/revisions"}],"predecessor-version":[{"id":3391,"href":"https:\/\/laundrydashboard.com\/de\/wp-json\/wp\/v2\/pages\/1185\/revisions\/3391"}],"up":[{"embeddable":true,"href":"https:\/\/laundrydashboard.com\/de\/wp-json\/wp\/v2\/pages\/1179"}],"wp:attachment":[{"href":"https:\/\/laundrydashboard.com\/de\/wp-json\/wp\/v2\/media?parent=1185"}],"curies":[{"name":"wp","href":"https:\/\/api.w.org\/{rel}","templated":true}]}}