{"id":1188,"date":"2020-07-22T13:42:49","date_gmt":"2020-07-22T12:42:49","guid":{"rendered":"https:\/\/ldb.spankracht-acceptatie.nl\/webinars\/"},"modified":"2024-07-08T14:35:18","modified_gmt":"2024-07-08T13:35:18","slug":"webinare","status":"publish","type":"page","link":"https:\/\/laundrydashboard.com\/de\/webinare\/","title":{"rendered":"Webinare"},"content":{"rendered":"","protected":false},"excerpt":{"rendered":"","protected":false},"author":4,"featured_media":0,"parent":0,"menu_order":0,"comment_status":"closed","ping_status":"closed","template":"","meta":{"_acf_changed":false,"footnotes":""},"class_list":["post-1188","page","type-page","status-publish","hentry"],"acf":{"flexible_content":[{"acf_fc_layout":"wysiwyg","pre_title":"","title":"Webinare","intro":"Wir geben regelm\u00e4\u00dfig Webinare, in denen jedes Mal ein Thema im Zusammenhang mit Laundry Dashboard besprochen wird. Von der Erkl\u00e4rung der Leistung bis zur Erkl\u00e4rung der Analysen und Ver\u00f6ffentlichungen. Sind Sie interessiert? Dann melden Sie sich schnell f\u00fcr eines unserer Webinare an.","content":"","buttons":null,"heading_type":"h2","heading":"h1","layout_text_align":"centered","layout_textbox_size":"8","text_color":"","padding":{"top":"m","bottom":"m"},"layout_bg_show_image":false,"background_color":"","layout_bg_overlay":"","layout_bg_image_desktop":null,"layout_bg_position_desktop":"center","layout_bg_image_mobile":null,"layout_bg_position_mobile":"center","pre-title-transition":{"has_transition":false,"transition_type":"none","transition_offset":0,"transition_delay":0},"title-transition":{"has_transition":false,"transition_type":"none","transition_offset":"","transition_delay":0},"intro-transition":{"has_transition":false,"transition_type":"none","transition_offset":"","transition_delay":0},"text-transition":{"has_transition":false,"transition_type":"none","transition_offset":"","transition_delay":0},"layout_custom_css":""},{"acf_fc_layout":"features-simple","title":"","items":[{"icon":"far fa-tachometer","title":"Intelligente Indikatoren - Teil 6","desc":"24\/05\/2022 - 14:00 CET Erfahren Sie in diesem Webinar, mit welchen Indikatoren Sie Ihre Mitarbeiterstunden im Griff behalten.","link":{"title":"Registrieren","url":"https:\/\/laundrydashboard.webinargeek.com\/intelligente-indikatoren-teil-6","target":""}}],"heading_type":"h2","heading":"h2","text_color":"","item_h_type":"h3","padding":{"top":"0","bottom":"m"},"layout_bg_show_image":false,"background_color":"","layout_bg_overlay":"","layout_bg_image_desktop":null,"layout_bg_position_desktop":"center","layout_bg_image_mobile":null,"layout_bg_position_mobile":"center","title-transition":{"has_transition":false,"transition_type":"none","transition_offset":"","transition_delay":0},"text-transition":{"has_transition":false,"transition_type":"none","transition_offset":"","transition_delay":0},"layout_custom_css":""},{"acf_fc_layout":"anchor","anchor":"Zur\u00fcckblicken"},{"acf_fc_layout":"split-content","title":"Webinare zur\u00fcckblicken","column_1":"","column_2":"","link":"","heading_type":"h2","heading":"h1","column_layout":"halve","text_color":"","padding":{"top":"m","bottom":"0"},"layout_bg_show_image":false,"background_color":"","layout_bg_overlay":"","layout_bg_image_desktop":null,"layout_bg_position_desktop":"center","layout_bg_image_mobile":null,"layout_bg_position_mobile":"center","title-transition":{"has_transition":false,"transition_type":"none","transition_offset":"","transition_delay":0},"text-transition":{"has_transition":false,"transition_type":"none","transition_offset":"","transition_delay":0},"layout_custom_css":""},{"acf_fc_layout":"features-simple","title":"","items":[{"icon":"far fa-tachometer","title":"Intelligente Indikatoren - Teil 5","desc":"Erfahren Sie in diesem Webinar, mit welchen Indikatoren Sie Ihre Produktionskosten im Griff behalten.","link":{"title":"Verpasst? Fordern Sie hier das Video an!","url":"mailto:webinar@laundrydashboard.com","target":""}},{"icon":"far fa-tachometer","title":"Intelligente Indikatoren - Teil 4","desc":"Erfahren Sie in diesem Webinar, mit welchen Indikatoren Sie die Arbeitsleistung im Griff behalten.","link":{"title":"Verpasst? Fordern Sie hier das Video an!","url":"mailto:webinar@laundrydashboard.com","target":""}},{"icon":"far fa-tachometer","title":"Intelligente Indikatoren - Teil 3","desc":"Erfahren Sie in diesem Webinar, mit welchen Indikatoren Sie die Leistung Ihrer Maschinen im Griff behalten.","link":{"title":"Verpasst? Fordern Sie hier das Video an!","url":"mailto:webinar@laundrydashboard.com","target":""}},{"icon":"far fa-tachometer","title":"Intelligente Indikatoren - Teil 2","desc":"Erfahren Sie in diesem Webinar, mit welchen Indikatoren Sie Ihren Wasser- und Energieverbrauch im Griff behalten. ","link":{"title":"Verpasst? Fordern Sie hier das Video an!","url":"mailto:webinar@laundrydashboard.com","target":""}},{"icon":"far fa-tachometer","title":"Intelligente Indikatoren - Teil 1","desc":"Mitarbeiter, Vorgesetzte, Manager: Sie k\u00f6nnen jeder Person Zugriff auf relevante Informationen in LDB gew\u00e4hren. Ein Tool das von jedem verwendet werden kann.","link":{"title":"Verpasst? Fordern Sie hier das Video an!","url":"mailto:webinar@laundrydashboard.com","target":""}},{"icon":"far fa-sack-dollar","title":"Wie profitabel ist ein Kunde f\u00fcr Ihre W\u00e4scherei und welche Vertr\u00e4ge kosten Sie Geld?","desc":"Sie haben langfristige Beziehungen. Vertr\u00e4ge, die Umsatz garantieren. Kunden, die Sie sch\u00e4tzen. Aber wie viel verdienen sie dir wirklich?","link":{"title":"Verpasst? Fordern Sie hier das Video an!","url":"mailto:webinar@laundrydashboard.com","target":""}},{"icon":"far fa-analytics","title":"Datenanalyse im Detail","desc":"Laundry Dashboard kombiniert alle Daten aus Messungen und anderen Systemen zu einzigartigen Informationen. Lernen Sie in diesem Webinar wie Sie Daten analysieren.","link":{"title":"Verpasst? Fordern Sie hier das Video an!","url":"mailto:webinar@laundrydashboard.com","target":""}},{"icon":"far fa-shoe-prints","title":"Wie reduzieren Sie Ihren \u00f6kologischen Fu\u00dfabdruck? Ana-lysieren und kon-trollieren mit LDB.","desc":"Reduzieren Sie Ihren \u00f6kologischen Fu\u00dfabdruck mit LDB. Sie k\u00f6nnen jetzt genau steuern, unter anderem basierend auf Echtzeit-Verbrauchsdaten von Gas, Wasser und Strom.","link":{"title":"Verpasst? Fordern Sie hier das Video an!","url":"mailto:webinar@laundrydashboard.com","target":""}},{"icon":"far fa-analytics","title":"Verborgenes Potenzial entdecken: Analyse der Maschinenleistung.","desc":"In welchen Momenten verursachen die Maschinen Verz\u00f6gerungen oder sogar Ausfallzeiten? Wie lange wird eine St\u00f6rung behoben? ","link":{"title":"Verpasst? Fordern Sie hier das Video an!","url":"mailto:webinar@laundrydashboard.com","target":""}},{"icon":"far fa-function","title":"Erkl\u00e4rung zur Verwendung neuer Funktionen. Release November 2020.","desc":"In diesem Webinar lernten Sie, wie Sie die neuen Funktionen von Laundry Dashboard verwenden, um Ihre W\u00e4scherei zu optimieren.","link":{"title":"Verpasst? Fordern Sie hier das Video an!","url":"mailto:webinar@laundrydashboard.com","target":""}},{"icon":"far fa-lock-open-alt","title":"Verborgenes Potenzial entdecken: Analyse der Arbeitsleistung.","desc":"In welchen Momenten verursacht der Prozess eine Verz\u00f6gerung oder sogar einen Stillstand? Wann ist der Aufwand Ihres Teams gr\u00f6\u00dfer als die tats\u00e4chliche Leistung?","link":{"title":"Verpasst? Fordern Sie hier das Video an!","url":"mailto:webinar@laundrydashboard.com","target":""}},{"icon":"far fa-tachometer-alt","title":"Bauen Sie Ihr eigenes Cockpit im Laundry Dashboard","desc":"Wie erhalten Sie Einblick in Ihre Prozesse? Wie erschlie\u00dfen Sie verborgene Potenziale? Wie stellen Sie sicher, dass Sie und Ihr Team heute effizienter arbeiten als gestern?","link":{"title":"Verpasst? Fordern Sie hier das Video an!","url":"mailto:webinar@laundrydashboard.com","target":""}},{"icon":"far fa-balance-scale-left","title":"Der Unterschied zwischen Maschinenleistung und Arbeitsleistung","desc":"Wie k\u00f6nnen Sie Daten und IoT verwenden, um die verf\u00fcgbaren Ressourcen verantwortungsbewusst und nachhaltig bereitzustellen? ","link":{"title":"Verpasst? Fordern Sie hier das Video an!","url":"mailto:webinar@laundrydashboard.com","target":""}}],"heading_type":"h2","heading":"h2","text_color":"","item_h_type":"h3","padding":{"top":"0","bottom":"m"},"layout_bg_show_image":false,"background_color":"","layout_bg_overlay":"","layout_bg_image_desktop":null,"layout_bg_position_desktop":"center","layout_bg_image_mobile":null,"layout_bg_position_mobile":"center","title-transition":{"has_transition":false,"transition_type":"none","transition_offset":"","transition_delay":0},"text-transition":{"has_transition":false,"transition_type":"none","transition_offset":"","transition_delay":0},"layout_custom_css":""},{"acf_fc_layout":"feature","pre_title":"Interessiert?","title":"Erfahren Sie mehr \u00fcber unsere Webinare.","intro":"Haben Sie das Webinar verpasst, aber m\u00f6chten Sie es gerne noch sehen? Das ist m\u00f6glich! Bitte kontaktieren Sie uns.","buttons":[{"link":{"title":"E-Mail schicken","url":"mailto:webinar@laundrydashboard.com","target":""}}],"media":{"choice":"image","toggle":false,"chosen_element":"","attributes":{"horizontal":"","vertical":"","custom_style_element_size":false,"min_element_size":"","style_element_size":50,"max_element_size":""},"image":"{\"original_image\":\"1094\",\"cropped_image\":1098}","platform":"vimeo","autoplay_toggle":false,"vimeo":"","youtube":"","upload_video_file":null},"type":"left","vertical_alignment":"top","heading_type":"h2","heading":"h1","text_color":"","padding":{"top":"m","bottom":"m"},"layout_bg_show_image":false,"background_color":"","layout_bg_overlay":"","layout_bg_image_desktop":null,"layout_bg_position_desktop":"center","layout_bg_image_mobile":null,"layout_bg_position_mobile":"center","title-transition":{"has_transition":false,"transition_type":"none","transition_offset":"","transition_delay":0},"intro-transition":{"has_transition":false,"transition_type":"none","transition_offset":"","transition_delay":0},"image-transition":{"has_transition":false,"transition_type":"none","transition_offset":"","transition_delay":0},"buttons-transition":{"has_transition":false,"transition_type":"none","transition_offset":"","transition_delay":0},"layout_custom_css":""},{"acf_fc_layout":"ctabanner","title":"\u201eLaundry Dashboard hilft uns bei der Verwaltung des Produktionsprozesses und der Produktionsabl\u00e4ufe, was letztendlich zu einer Optimierung im gesamten Unternehmen f\u00fchrt.\u201c","intro":"DANIEL TARCZY\u0143SKI (FLIEGEL TEXTILSERVICE, Duitsland en Polen)","link":{"title":"Kundengeschichten anzeigen","url":"\/de\/cases\/","target":""},"heading_type":"h2","heading":"h2","layout_background_image":"","background_color":"","text_color":"","padding":{"top":"m","bottom":"m"},"title-transition":{"has_transition":false,"transition_type":"none","transition_offset":"","transition_delay":0},"intro-transition":{"has_transition":false,"transition_type":"none","transition_offset":"","transition_delay":0},"buttons-transition":{"has_transition":false,"transition_type":"none","transition_offset":"","transition_delay":0},"layout_custom_css":""}]},"yoast_head":"<!-- This site is optimized with the Yoast SEO plugin v27.0 - https:\/\/yoast.com\/product\/yoast-seo-wordpress\/ -->\n<title>Webinare - Laundry Dashboard<\/title>\n<meta name=\"robots\" content=\"index, follow, max-snippet:-1, max-image-preview:large, max-video-preview:-1\" \/>\n<link rel=\"canonical\" href=\"https:\/\/laundrydashboard.com\/de\/webinare\/\" \/>\n<meta property=\"og:locale\" content=\"de_DE\" \/>\n<meta property=\"og:type\" content=\"article\" \/>\n<meta property=\"og:title\" content=\"Webinare - Laundry Dashboard\" \/>\n<meta property=\"og:url\" content=\"https:\/\/laundrydashboard.com\/de\/webinare\/\" \/>\n<meta property=\"og:site_name\" content=\"Laundry Dashboard\" \/>\n<meta property=\"article:modified_time\" content=\"2024-07-08T13:35:18+00:00\" \/>\n<meta name=\"twitter:card\" content=\"summary_large_image\" \/>\n<meta name=\"twitter:label1\" content=\"Est. reading time\" \/>\n\t<meta name=\"twitter:data1\" content=\"3 minutes\" \/>\n<script type=\"application\/ld+json\" class=\"yoast-schema-graph\">{\"@context\":\"https:\/\/schema.org\",\"@graph\":[{\"@type\":\"WebPage\",\"@id\":\"https:\/\/laundrydashboard.com\/de\/webinare\/\",\"url\":\"https:\/\/laundrydashboard.com\/de\/webinare\/\",\"name\":\"Webinare - Laundry Dashboard\",\"isPartOf\":{\"@id\":\"https:\/\/laundrydashboard.com\/nl\/#website\"},\"datePublished\":\"2020-07-22T12:42:49+00:00\",\"dateModified\":\"2024-07-08T13:35:18+00:00\",\"breadcrumb\":{\"@id\":\"https:\/\/laundrydashboard.com\/de\/webinare\/#breadcrumb\"},\"inLanguage\":\"de-DE\",\"potentialAction\":[{\"@type\":\"ReadAction\",\"target\":[\"https:\/\/laundrydashboard.com\/de\/webinare\/\"]}]},{\"@type\":\"BreadcrumbList\",\"@id\":\"https:\/\/laundrydashboard.com\/de\/webinare\/#breadcrumb\",\"itemListElement\":[{\"@type\":\"ListItem\",\"position\":1,\"name\":\"Home\",\"item\":\"https:\/\/laundrydashboard.com\/de\/\"},{\"@type\":\"ListItem\",\"position\":2,\"name\":\"Webinare\"}]},{\"@type\":\"WebSite\",\"@id\":\"https:\/\/laundrydashboard.com\/nl\/#website\",\"url\":\"https:\/\/laundrydashboard.com\/nl\/\",\"name\":\"Laundry Dashboard\",\"description\":\"\",\"potentialAction\":[{\"@type\":\"SearchAction\",\"target\":{\"@type\":\"EntryPoint\",\"urlTemplate\":\"https:\/\/laundrydashboard.com\/nl\/?s={search_term_string}\"},\"query-input\":{\"@type\":\"PropertyValueSpecification\",\"valueRequired\":true,\"valueName\":\"search_term_string\"}}],\"inLanguage\":\"de-DE\"}]}<\/script>\n<!-- \/ Yoast SEO plugin. -->","yoast_head_json":{"title":"Webinare - Laundry Dashboard","robots":{"index":"index","follow":"follow","max-snippet":"max-snippet:-1","max-image-preview":"max-image-preview:large","max-video-preview":"max-video-preview:-1"},"canonical":"https:\/\/laundrydashboard.com\/de\/webinare\/","og_locale":"de_DE","og_type":"article","og_title":"Webinare - Laundry Dashboard","og_url":"https:\/\/laundrydashboard.com\/de\/webinare\/","og_site_name":"Laundry Dashboard","article_modified_time":"2024-07-08T13:35:18+00:00","twitter_card":"summary_large_image","twitter_misc":{"Est. reading time":"3 minutes"},"schema":{"@context":"https:\/\/schema.org","@graph":[{"@type":"WebPage","@id":"https:\/\/laundrydashboard.com\/de\/webinare\/","url":"https:\/\/laundrydashboard.com\/de\/webinare\/","name":"Webinare - Laundry Dashboard","isPartOf":{"@id":"https:\/\/laundrydashboard.com\/nl\/#website"},"datePublished":"2020-07-22T12:42:49+00:00","dateModified":"2024-07-08T13:35:18+00:00","breadcrumb":{"@id":"https:\/\/laundrydashboard.com\/de\/webinare\/#breadcrumb"},"inLanguage":"de-DE","potentialAction":[{"@type":"ReadAction","target":["https:\/\/laundrydashboard.com\/de\/webinare\/"]}]},{"@type":"BreadcrumbList","@id":"https:\/\/laundrydashboard.com\/de\/webinare\/#breadcrumb","itemListElement":[{"@type":"ListItem","position":1,"name":"Home","item":"https:\/\/laundrydashboard.com\/de\/"},{"@type":"ListItem","position":2,"name":"Webinare"}]},{"@type":"WebSite","@id":"https:\/\/laundrydashboard.com\/nl\/#website","url":"https:\/\/laundrydashboard.com\/nl\/","name":"Laundry Dashboard","description":"","potentialAction":[{"@type":"SearchAction","target":{"@type":"EntryPoint","urlTemplate":"https:\/\/laundrydashboard.com\/nl\/?s={search_term_string}"},"query-input":{"@type":"PropertyValueSpecification","valueRequired":true,"valueName":"search_term_string"}}],"inLanguage":"de-DE"}]}},"_links":{"self":[{"href":"https:\/\/laundrydashboard.com\/de\/wp-json\/wp\/v2\/pages\/1188","targetHints":{"allow":["GET"]}}],"collection":[{"href":"https:\/\/laundrydashboard.com\/de\/wp-json\/wp\/v2\/pages"}],"about":[{"href":"https:\/\/laundrydashboard.com\/de\/wp-json\/wp\/v2\/types\/page"}],"author":[{"embeddable":true,"href":"https:\/\/laundrydashboard.com\/de\/wp-json\/wp\/v2\/users\/4"}],"replies":[{"embeddable":true,"href":"https:\/\/laundrydashboard.com\/de\/wp-json\/wp\/v2\/comments?post=1188"}],"version-history":[{"count":59,"href":"https:\/\/laundrydashboard.com\/de\/wp-json\/wp\/v2\/pages\/1188\/revisions"}],"predecessor-version":[{"id":3796,"href":"https:\/\/laundrydashboard.com\/de\/wp-json\/wp\/v2\/pages\/1188\/revisions\/3796"}],"wp:attachment":[{"href":"https:\/\/laundrydashboard.com\/de\/wp-json\/wp\/v2\/media?parent=1188"}],"curies":[{"name":"wp","href":"https:\/\/api.w.org\/{rel}","templated":true}]}}