{"id":3278,"date":"2021-05-19T11:28:47","date_gmt":"2021-05-19T10:28:47","guid":{"rendered":"\/?page_id=3278"},"modified":"2022-10-07T12:45:23","modified_gmt":"2022-10-07T11:45:23","slug":"fallbeispiel-moderna-textielservice-hardenberg","status":"publish","type":"page","link":"https:\/\/laundrydashboard.com\/de\/fallbeispiele\/fallbeispiel-moderna-textielservice-hardenberg\/","title":{"rendered":"Fallbeispiel Moderna Textielservice Hardenberg"},"content":{"rendered":"","protected":false},"excerpt":{"rendered":"","protected":false},"author":5,"featured_media":3244,"parent":1179,"menu_order":1,"comment_status":"closed","ping_status":"closed","template":"","meta":{"_acf_changed":false,"footnotes":""},"class_list":["post-3278","page","type-page","status-publish","has-post-thumbnail","hentry"],"acf":{"flexible_content":[{"acf_fc_layout":"wysiwyg","pre_title":"Fallbeispiele Moderna Textielservice Hardenberg","title":"10% Gaseinsparung im Hotel- und Gastronomie W\u00e4scherei","intro":"","content":"<img class=\"aligncenter wp-image-3244 size-large\" src=\"https:\/\/www.laundrydashboard.com\/app\/uploads\/2021\/05\/Moderna-1024x642.png\" alt=\"\" width=\"1024\" height=\"642\" \/>","buttons":null,"heading_type":"h2","heading":"h1","layout_text_align":"centered","layout_textbox_size":8,"text_color":"","padding":{"top":"m","bottom":"0"},"layout_bg_show_image":false,"background_color":"","layout_bg_overlay":"","layout_bg_image_desktop":null,"layout_bg_position_desktop":"center","layout_bg_image_mobile":null,"layout_bg_position_mobile":"center","pre-title-transition":{"has_transition":false,"transition_type":"none","transition_offset":0,"transition_delay":0},"title-transition":{"has_transition":false,"transition_type":"none","transition_offset":"","transition_delay":0},"intro-transition":{"has_transition":false,"transition_type":"none","transition_offset":"","transition_delay":0},"text-transition":{"has_transition":false,"transition_type":"none","transition_offset":"","transition_delay":0},"layout_custom_css":null},{"acf_fc_layout":"wysiwyg","pre_title":"","title":"","intro":"Laundry Dashboard erm\u00f6glicht detaillierte Einblicke in die Arbeits- und Maschinenleistung und in die Verbrauchswerte eines W\u00e4schereibetriebs. Auf Grundlage dieser Daten konnte das Textildienstleistungsunternehmen Moderna den Energieverbrauch optimieren und die Trocknungszeiten deutlich reduzieren.","content":"<strong>Die Herausforderung<\/strong>\r\n\r\n<img class=\"size-medium wp-image-3245 alignright\" src=\"https:\/\/www.laundrydashboard.com\/app\/uploads\/2021\/05\/Moderna-medewerker-200x300.jpg\" alt=\"\" width=\"200\" height=\"300\" \/>Moderna ist ein nachhaltiger Komplettanbieter, der neben Arbeitskleidung und deren Aufbereitung, auch PSA-Artikel, Produkte f\u00fcr Sanit\u00e4rr\u00e4ume und Arbeitsbereiche, Reinigungsmittel, Matten und eine Reihe weiterer Artikel liefert.\r\n\r\nDurch die Nutzung des Managementinformationssystems Laundry Dashboard ist es m\u00f6glich die Prozesse kontinuierlich zu verbessern.\r\n\r\nModerna hatte im Vorfeld eine Reihe von Anforderungen, beispielsweise: \u201eWie k\u00f6nnen wir einen genaueren Einblick in die Abl\u00e4ufe unserer W\u00e4scherei bekommen? Wie k\u00f6nnen wir gemessene Daten aus der Produktion verwenden, um die Leistungsf\u00e4higkeit unserer Mitarbeiter und Maschinen vern\u00fcnftig zu verbessern? K\u00f6nnen wir auf Grundlage von Messdaten bessere Entscheidungen treffen?\u201c Moderna war auf der Suche nach einem System, dass die nicht greifbaren und unsichtbaren Prozesse innerhalb ihrer W\u00e4scherei sichtbar macht, um das gro\u00dfe Ziel der Nachhaltigkeit durch effektive und effiziente Prozessabl\u00e4ufe zu erreichen.\r\n\r\nWir sprachen mit Luuk Hans, Mitarbeiter bei Moderna. Er und sein Team haben innerhalb der Hotel- und Gastronomie Abteilung bedeutende Einsparungen beim Energieverbrauch erzielt: \u201eIn W\u00e4schereien finden komplexe Prozessabl\u00e4ufe statt, deshalb sind Know-how und das Erkennen von Zusammenh\u00e4ngen wichtig. Zum Beispiel ist es schwierig zu beurteilen, wann etwas wirklich energiesparend ist und wo genau die bestm\u00f6gliche Energieeinsparung liegt ohne andere Abl\u00e4ufe negativ zu beeinflussen. Es geht immer darum, die richtige Balance zu finden. Dieser Optimierungsprozess wird mit Hilfe von Messdaten vereinfacht\u201c, so Luuk Hans.\r\n\r\n&nbsp;\r\n\r\n<strong>Die L\u00f6sung<\/strong>\r\n\r\nDie L\u00f6sung f\u00fcr diese Herausforderungen liefert Laundry Dashboard. Die bei Moderna implementierte Version erm\u00f6glicht detaillierte Einblicke in die Arbeits- und Maschinenleistung und in die Verbrauchswerte des W\u00e4schereibetriebs. Basierend auf die von Laundry Dashboard bereitgestellten Daten ergaben v\u00f6llig neue Erkenntnisse. \u201eDie Zahlen sprechen f\u00fcr sich\u201c, sagte Luuk. \u201eWenn wir mit einem Optimierungsprojekt beginnen, m\u00fcssen wir nat\u00fcrlich zuerst alles messen, damit keine falschen Entscheidungen im Verbesserungsprozess getroffen werden. F\u00fcr den Optimierungsprozess sind Daten wirklich unerl\u00e4sslich. Die Daten zeigen beispielsweise, wo man aktuell im Energieverbrauch steht. Auf Grundlage dessen kann man definieren, auf welches Ziel man hinarbeiten m\u00f6chte.\u201c\r\n\r\nAuf die Frage, wie Luuk die Energieeinsparungen realisiert hat, antwortet er: \u201eWir haben den Gasverbrauch der Trockner der Hotel- und Gastronomie Abteilung optimiert, durch Hinzuf\u00fcgen von warmem Wasser in die Waschstra\u00dfe. Wie wir zu dieser Ma\u00dfnahme gekommen sind? Wir haben die Daten von Laundry Dashboard verwendet, um zu sehen, wie hoch der Energieverbrauch bei den Trocknern ist. Dabei zeigte sich, dass die W\u00e4sche mit einer zu niedrigen Ausgangstemperatur in die Trockner \u00fcbergeben wurde. Deshalb haben wir der Sp\u00fclkammer die Waschstra\u00dfe zun\u00e4chst warmes Wasser hinzugef\u00fcgt, damit die W\u00e4sche mit einer h\u00f6heren Temperatur und weiniger Restfeuchtigkeit in die Trockner gelangt. Au\u00dferdem haben wir die Trocknereinstellungen manuell optimiert. Beispielsweise durch das Absenken der Einlasstemperatur an den Trocknern um 10\u00b0C. Insgesamt wird dadurch weniger Gas ben\u00f6tigt, weil in den Trocknern eine konstantere Temperatur herrscht.\r\n\r\n&nbsp;\r\n\r\n<strong>Das Ergebnis<\/strong>\r\n\r\n<img class=\"size-medium wp-image-3249 alignright\" src=\"https:\/\/www.laundrydashboard.com\/app\/uploads\/2021\/05\/Moderna-medewerker-2-200x300.jpg\" alt=\"\" width=\"200\" height=\"300\" \/>\r\n\r\n\u201eWir haben nicht weniger als 10 % Gas eingespart. Dar\u00fcber hinaus wurde an den Trocknern eine Zeitersparnis von mehr als 25 % pro Posten erzielt. Das ist ein doppelter Gewinn!\u201c, sagt Luuk.\r\n\r\nEin weiterer wichtiger Aspekt bei Moderna sind die Mitarbeiter. \u201eWir messen die Leistung unserer Mitarbeiter, um die Prozesse zu verbessern. Dies kommt wiederum unseren Mitarbeitern zugute. Ganz zu schweigen davon, dass die Daten, die wir jetzt messen, in der Zukunft \u00e4u\u00dferst wertvoll sein werden, wenn es um die Robotisierung und Automatisierung geht. Schlie\u00dflich erfordert es viel Zeit, um Big Data selbst zu erstellen.\u201c\r\n\r\nDas Unternehmen Laundry Dashboard ist stolz auf dieses Projekt, das gemeinsam mit Moderna umgesetzt wurde. Aus diesem Fallbeispiel k\u00f6nnen wir schlie\u00dfen, dass der richtige Einblick in Prozessabl\u00e4ufe einer W\u00e4scherei durch reale Daten, einer der wichtigsten Voraussetzungen ist, um die gesetzten Ziele zu erreichen. Moderna hat damit L\u00f6sungen f\u00fcr ihre Herausforderungen erarbeitet und umgesetzt. Reale Daten liefern genaue Einblicke in Prozessabl\u00e4ufe und erm\u00f6glichen es auf Grundlagen basierende Entscheidungen f\u00fcr Optimierungsprozesse zu treffen. Dadurch wird ein effektiveres und effizienteres Arbeiten m\u00f6glich. In diesem Beispiel f\u00fchrte dies zu einer deutlichen Reduzierung des Energieverbrauch und den damit verbundenen erheblichen Kosteneinsparungen. So baut Moderna sein Unternehmen nachhaltig und zukunftsorientiert auf.","buttons":null,"heading_type":"h2","heading":"h1","layout_text_align":"centered","layout_textbox_size":8,"text_color":"","padding":{"top":"0","bottom":"m"},"layout_bg_show_image":false,"background_color":"","layout_bg_overlay":"","layout_bg_image_desktop":null,"layout_bg_position_desktop":"center","layout_bg_image_mobile":null,"layout_bg_position_mobile":"center","pre-title-transition":{"has_transition":false,"transition_type":"none","transition_offset":0,"transition_delay":0},"title-transition":{"has_transition":false,"transition_type":"none","transition_offset":"","transition_delay":0},"intro-transition":{"has_transition":false,"transition_type":"none","transition_offset":"","transition_delay":0},"text-transition":{"has_transition":false,"transition_type":"none","transition_offset":"","transition_delay":0},"layout_custom_css":null}]},"yoast_head":"<!-- This site is optimized with the Yoast SEO plugin v27.0 - https:\/\/yoast.com\/product\/yoast-seo-wordpress\/ -->\n<title>Fallbeispiel Moderna Textielservice Hardenberg - Laundry Dashboard<\/title>\n<meta name=\"description\" content=\"&quot;Wir haben eine Gaseinsparung von bis zu 10 % erzielt. Au\u00dferdem haben wir mit den Trocknern eine Zeitersparnis von mehr als 25 % pro Artikel erzielt. Das ist der doppelte Gewinn!&quot;\" \/>\n<meta name=\"robots\" content=\"index, follow, max-snippet:-1, max-image-preview:large, max-video-preview:-1\" \/>\n<link rel=\"canonical\" href=\"https:\/\/www.laundrydashboard.com\/de\/fallbeispiele\/fallbeispiel-moderna-textielservice-hardenberg\/\" \/>\n<meta property=\"og:locale\" content=\"de_DE\" \/>\n<meta property=\"og:type\" content=\"article\" \/>\n<meta property=\"og:title\" content=\"Fallbeispiel Moderna Textielservice Hardenberg - Laundry Dashboard\" \/>\n<meta property=\"og:description\" content=\"&quot;Wir haben eine Gaseinsparung von bis zu 10 % erzielt. Au\u00dferdem haben wir mit den Trocknern eine Zeitersparnis von mehr als 25 % pro Artikel erzielt. Das ist der doppelte Gewinn!&quot;\" \/>\n<meta property=\"og:url\" content=\"https:\/\/www.laundrydashboard.com\/de\/fallbeispiele\/fallbeispiel-moderna-textielservice-hardenberg\/\" \/>\n<meta property=\"og:site_name\" content=\"Laundry Dashboard\" \/>\n<meta property=\"article:modified_time\" content=\"2022-10-07T11:45:23+00:00\" \/>\n<meta property=\"og:image\" content=\"https:\/\/www.laundrydashboard.com\/app\/uploads\/2021\/05\/Moderna.png\" \/>\n\t<meta property=\"og:image:width\" content=\"1402\" \/>\n\t<meta property=\"og:image:height\" content=\"879\" \/>\n\t<meta property=\"og:image:type\" content=\"image\/png\" \/>\n<meta name=\"twitter:card\" content=\"summary_large_image\" \/>\n<script type=\"application\/ld+json\" class=\"yoast-schema-graph\">{\"@context\":\"https:\/\/schema.org\",\"@graph\":[{\"@type\":\"WebPage\",\"@id\":\"https:\/\/www.laundrydashboard.com\/de\/fallbeispiele\/fallbeispiel-moderna-textielservice-hardenberg\/\",\"url\":\"https:\/\/www.laundrydashboard.com\/de\/fallbeispiele\/fallbeispiel-moderna-textielservice-hardenberg\/\",\"name\":\"Fallbeispiel Moderna Textielservice Hardenberg - Laundry Dashboard\",\"isPartOf\":{\"@id\":\"https:\/\/laundrydashboard.com\/nl\/#website\"},\"primaryImageOfPage\":{\"@id\":\"https:\/\/www.laundrydashboard.com\/de\/fallbeispiele\/fallbeispiel-moderna-textielservice-hardenberg\/#primaryimage\"},\"image\":{\"@id\":\"https:\/\/www.laundrydashboard.com\/de\/fallbeispiele\/fallbeispiel-moderna-textielservice-hardenberg\/#primaryimage\"},\"thumbnailUrl\":\"https:\/\/laundrydashboard.com\/app\/uploads\/2021\/05\/Moderna.png\",\"datePublished\":\"2021-05-19T10:28:47+00:00\",\"dateModified\":\"2022-10-07T11:45:23+00:00\",\"description\":\"\\\"Wir haben eine Gaseinsparung von bis zu 10 % erzielt. Au\u00dferdem haben wir mit den Trocknern eine Zeitersparnis von mehr als 25 % pro Artikel erzielt. Das ist der doppelte Gewinn!\\\"\",\"breadcrumb\":{\"@id\":\"https:\/\/www.laundrydashboard.com\/de\/fallbeispiele\/fallbeispiel-moderna-textielservice-hardenberg\/#breadcrumb\"},\"inLanguage\":\"de-DE\",\"potentialAction\":[{\"@type\":\"ReadAction\",\"target\":[\"https:\/\/www.laundrydashboard.com\/de\/fallbeispiele\/fallbeispiel-moderna-textielservice-hardenberg\/\"]}]},{\"@type\":\"ImageObject\",\"inLanguage\":\"de-DE\",\"@id\":\"https:\/\/www.laundrydashboard.com\/de\/fallbeispiele\/fallbeispiel-moderna-textielservice-hardenberg\/#primaryimage\",\"url\":\"https:\/\/laundrydashboard.com\/app\/uploads\/2021\/05\/Moderna.png\",\"contentUrl\":\"https:\/\/laundrydashboard.com\/app\/uploads\/2021\/05\/Moderna.png\",\"width\":1402,\"height\":879},{\"@type\":\"BreadcrumbList\",\"@id\":\"https:\/\/www.laundrydashboard.com\/de\/fallbeispiele\/fallbeispiel-moderna-textielservice-hardenberg\/#breadcrumb\",\"itemListElement\":[{\"@type\":\"ListItem\",\"position\":1,\"name\":\"Home\",\"item\":\"https:\/\/laundrydashboard.com\/de\/\"},{\"@type\":\"ListItem\",\"position\":2,\"name\":\"Fallbeispielen\",\"item\":\"https:\/\/www.laundrydashboard.com\/de\/fallbeispiele\/\"},{\"@type\":\"ListItem\",\"position\":3,\"name\":\"Fallbeispiel Moderna Textielservice Hardenberg\"}]},{\"@type\":\"WebSite\",\"@id\":\"https:\/\/laundrydashboard.com\/nl\/#website\",\"url\":\"https:\/\/laundrydashboard.com\/nl\/\",\"name\":\"Laundry Dashboard\",\"description\":\"\",\"potentialAction\":[{\"@type\":\"SearchAction\",\"target\":{\"@type\":\"EntryPoint\",\"urlTemplate\":\"https:\/\/laundrydashboard.com\/nl\/?s={search_term_string}\"},\"query-input\":{\"@type\":\"PropertyValueSpecification\",\"valueRequired\":true,\"valueName\":\"search_term_string\"}}],\"inLanguage\":\"de-DE\"}]}<\/script>\n<!-- \/ Yoast SEO plugin. -->","yoast_head_json":{"title":"Fallbeispiel Moderna Textielservice Hardenberg - Laundry Dashboard","description":"\"Wir haben eine Gaseinsparung von bis zu 10 % erzielt. Au\u00dferdem haben wir mit den Trocknern eine Zeitersparnis von mehr als 25 % pro Artikel erzielt. Das ist der doppelte Gewinn!\"","robots":{"index":"index","follow":"follow","max-snippet":"max-snippet:-1","max-image-preview":"max-image-preview:large","max-video-preview":"max-video-preview:-1"},"canonical":"https:\/\/www.laundrydashboard.com\/de\/fallbeispiele\/fallbeispiel-moderna-textielservice-hardenberg\/","og_locale":"de_DE","og_type":"article","og_title":"Fallbeispiel Moderna Textielservice Hardenberg - Laundry Dashboard","og_description":"\"Wir haben eine Gaseinsparung von bis zu 10 % erzielt. Au\u00dferdem haben wir mit den Trocknern eine Zeitersparnis von mehr als 25 % pro Artikel erzielt. Das ist der doppelte Gewinn!\"","og_url":"https:\/\/www.laundrydashboard.com\/de\/fallbeispiele\/fallbeispiel-moderna-textielservice-hardenberg\/","og_site_name":"Laundry Dashboard","article_modified_time":"2022-10-07T11:45:23+00:00","og_image":[{"width":1402,"height":879,"url":"https:\/\/www.laundrydashboard.com\/app\/uploads\/2021\/05\/Moderna.png","type":"image\/png"}],"twitter_card":"summary_large_image","schema":{"@context":"https:\/\/schema.org","@graph":[{"@type":"WebPage","@id":"https:\/\/www.laundrydashboard.com\/de\/fallbeispiele\/fallbeispiel-moderna-textielservice-hardenberg\/","url":"https:\/\/www.laundrydashboard.com\/de\/fallbeispiele\/fallbeispiel-moderna-textielservice-hardenberg\/","name":"Fallbeispiel Moderna Textielservice Hardenberg - Laundry Dashboard","isPartOf":{"@id":"https:\/\/laundrydashboard.com\/nl\/#website"},"primaryImageOfPage":{"@id":"https:\/\/www.laundrydashboard.com\/de\/fallbeispiele\/fallbeispiel-moderna-textielservice-hardenberg\/#primaryimage"},"image":{"@id":"https:\/\/www.laundrydashboard.com\/de\/fallbeispiele\/fallbeispiel-moderna-textielservice-hardenberg\/#primaryimage"},"thumbnailUrl":"https:\/\/laundrydashboard.com\/app\/uploads\/2021\/05\/Moderna.png","datePublished":"2021-05-19T10:28:47+00:00","dateModified":"2022-10-07T11:45:23+00:00","description":"\"Wir haben eine Gaseinsparung von bis zu 10 % erzielt. Au\u00dferdem haben wir mit den Trocknern eine Zeitersparnis von mehr als 25 % pro Artikel erzielt. Das ist der doppelte Gewinn!\"","breadcrumb":{"@id":"https:\/\/www.laundrydashboard.com\/de\/fallbeispiele\/fallbeispiel-moderna-textielservice-hardenberg\/#breadcrumb"},"inLanguage":"de-DE","potentialAction":[{"@type":"ReadAction","target":["https:\/\/www.laundrydashboard.com\/de\/fallbeispiele\/fallbeispiel-moderna-textielservice-hardenberg\/"]}]},{"@type":"ImageObject","inLanguage":"de-DE","@id":"https:\/\/www.laundrydashboard.com\/de\/fallbeispiele\/fallbeispiel-moderna-textielservice-hardenberg\/#primaryimage","url":"https:\/\/laundrydashboard.com\/app\/uploads\/2021\/05\/Moderna.png","contentUrl":"https:\/\/laundrydashboard.com\/app\/uploads\/2021\/05\/Moderna.png","width":1402,"height":879},{"@type":"BreadcrumbList","@id":"https:\/\/www.laundrydashboard.com\/de\/fallbeispiele\/fallbeispiel-moderna-textielservice-hardenberg\/#breadcrumb","itemListElement":[{"@type":"ListItem","position":1,"name":"Home","item":"https:\/\/laundrydashboard.com\/de\/"},{"@type":"ListItem","position":2,"name":"Fallbeispielen","item":"https:\/\/www.laundrydashboard.com\/de\/fallbeispiele\/"},{"@type":"ListItem","position":3,"name":"Fallbeispiel Moderna Textielservice Hardenberg"}]},{"@type":"WebSite","@id":"https:\/\/laundrydashboard.com\/nl\/#website","url":"https:\/\/laundrydashboard.com\/nl\/","name":"Laundry Dashboard","description":"","potentialAction":[{"@type":"SearchAction","target":{"@type":"EntryPoint","urlTemplate":"https:\/\/laundrydashboard.com\/nl\/?s={search_term_string}"},"query-input":{"@type":"PropertyValueSpecification","valueRequired":true,"valueName":"search_term_string"}}],"inLanguage":"de-DE"}]}},"_links":{"self":[{"href":"https:\/\/laundrydashboard.com\/de\/wp-json\/wp\/v2\/pages\/3278","targetHints":{"allow":["GET"]}}],"collection":[{"href":"https:\/\/laundrydashboard.com\/de\/wp-json\/wp\/v2\/pages"}],"about":[{"href":"https:\/\/laundrydashboard.com\/de\/wp-json\/wp\/v2\/types\/page"}],"author":[{"embeddable":true,"href":"https:\/\/laundrydashboard.com\/de\/wp-json\/wp\/v2\/users\/5"}],"replies":[{"embeddable":true,"href":"https:\/\/laundrydashboard.com\/de\/wp-json\/wp\/v2\/comments?post=3278"}],"version-history":[{"count":7,"href":"https:\/\/laundrydashboard.com\/de\/wp-json\/wp\/v2\/pages\/3278\/revisions"}],"predecessor-version":[{"id":3389,"href":"https:\/\/laundrydashboard.com\/de\/wp-json\/wp\/v2\/pages\/3278\/revisions\/3389"}],"up":[{"embeddable":true,"href":"https:\/\/laundrydashboard.com\/de\/wp-json\/wp\/v2\/pages\/1179"}],"wp:featuredmedia":[{"embeddable":true,"href":"https:\/\/laundrydashboard.com\/de\/wp-json\/wp\/v2\/media\/3244"}],"wp:attachment":[{"href":"https:\/\/laundrydashboard.com\/de\/wp-json\/wp\/v2\/media?parent=3278"}],"curies":[{"name":"wp","href":"https:\/\/api.w.org\/{rel}","templated":true}]}}