{"id":3356,"date":"2021-07-07T09:45:54","date_gmt":"2021-07-07T08:45:54","guid":{"rendered":"\/fallbeispiele\/casus-centralvaskeriet-denemarken\/"},"modified":"2022-10-07T12:41:40","modified_gmt":"2022-10-07T11:41:40","slug":"fallbeispiel-centralvaskeriet-denemarken","status":"publish","type":"page","link":"https:\/\/laundrydashboard.com\/de\/fallbeispiele\/fallbeispiel-centralvaskeriet-denemarken\/","title":{"rendered":"Fallbeispiel Centralvaskeriet D\u00e4nemark"},"content":{"rendered":"","protected":false},"excerpt":{"rendered":"","protected":false},"author":5,"featured_media":0,"parent":1179,"menu_order":0,"comment_status":"closed","ping_status":"closed","template":"","meta":{"_acf_changed":false,"footnotes":""},"class_list":["post-3356","page","type-page","status-publish","hentry"],"acf":{"flexible_content":[{"acf_fc_layout":"wysiwyg","pre_title":"Fallbeispiel Centralvaskeriet D\u00e4nemark","title":"30% Verbesserung Bettw\u00e4scheproduktion.","intro":"","content":"<img class=\"aligncenter wp-image-3328 size-large\" src=\"https:\/\/www.laundrydashboard.com\/app\/uploads\/2021\/07\/Centralvaskeriet-SFG-1024x640.jpg\" alt=\"\" width=\"1024\" height=\"640\" \/>\r\n\r\n&nbsp;","buttons":null,"heading_type":"h2","heading":"h1","layout_text_align":"centered","layout_textbox_size":8,"text_color":"","padding":{"top":"m","bottom":"0"},"layout_bg_show_image":false,"background_color":"","layout_bg_overlay":"","layout_bg_image_desktop":null,"layout_bg_position_desktop":"center","layout_bg_image_mobile":null,"layout_bg_position_mobile":"center","pre-title-transition":{"has_transition":false,"transition_type":"none","transition_offset":0,"transition_delay":0},"title-transition":{"has_transition":false,"transition_type":"none","transition_offset":"","transition_delay":0},"intro-transition":{"has_transition":false,"transition_type":"none","transition_offset":"","transition_delay":0},"text-transition":{"has_transition":false,"transition_type":"none","transition_offset":"","transition_delay":0},"layout_custom_css":null},{"acf_fc_layout":"wysiwyg","pre_title":"","title":"","intro":"Selten sieht man den Eigent\u00fcmer einer W\u00e4scherei, 600 km von zuhause entfernt, derart entspannt auf einer Bank sitzen. Doch S\u00f8ren Fuglsang-Gram braucht sich    nicht viele Sorgen zu machen. Dank Laundry Dashboard sieht er mit einem Blick auf seinem Smartphone, ob in seiner W\u00e4scherei alles planm\u00e4\u00dfig und mit der n\u00f6tigen Produktivit\u00e4t l\u00e4uft.","content":"<strong>Die Herausforderung<\/strong>\r\n\r\nS\u00f8ren\u00a0kam 2013 \u00fcber Christeyns mit Laundry Dashboard in Kontakt. Er war vom Konzept sofort begeistert. S\u00f8ren: \u201eMan kann sich zwar schon in der W\u00e4scherei umsehen und denken, dass alle flei\u00dfig arbeiten oder momentan auch nicht, aber das ist immer eine Momentaufnahme. Darauf kann man sich nicht verlassen. Vielleicht ist eine Maschine gerade bei einem Programmwechsel und die Arbeitskraft ist deswegen gerade unt\u00e4tig. Oder es erscheint eine augenscheinlich gerade stark besch\u00e4ftigte Mitarbeiterin, die aber tats\u00e4chlich ihre Arbeit nicht bew\u00e4ltigt bekommt. Man braucht ein Werkzeug, mit dem man dies alles kontrollieren und erfassen kann. Erst dann kann man fundierte Entscheidungen dar\u00fcber treffen, welche Ma\u00dfnahmen ergriffen werden.\u201c\r\n\r\n&nbsp;\r\n\r\n<strong>Die L\u00f6sung<\/strong>\r\n\r\nDieses Tool fand er in Laundry Dashboard. Zielstrebig ging er mit der Implementierung an die Arbeit und analysierte Arbeitsplatz f\u00fcr Arbeitsplatz. Indem er auch die Belegschaft an diesem Prozess beteiligt hat, wurde sie motiviert, sich aktiv damit auseinanderzusetzen. \u201eAu\u00dferdem haben wir in unsere Belegschaft viel investiert\u201c, meint S\u00f8ren. \u201eIch halte mit jeder Abteilung w\u00f6chentlich eine kurze Besprechung. Dabei k\u00f6nnen Tipps und Ideen vorgeschlagen werden, die wir auch wirklich in die Tat umsetzen. Mit Laundry Dashboard kombiniert, bedeutet das sehr motivierte Mitarbeiter und Mitarbeiterinnen. Wir konnten unsere Bettw\u00e4scheproduktion um mehr als 30 % verbessern \u2013 einfach, indem wir die Arbeitskr\u00e4fte in die Optimierungsprozesse mit einbeziehen und ihnen in Echtzeit zeigen, wie ihre Leistungen sind, und dies \u00fcber Laundry Dashboard kontrollieren und steuern.\r\n\r\nAuf die Frage, wie S\u00f8ren\u00a0Laundry Dashboard in der t\u00e4glichen Praxis verwendet, fasst sich kurz: \u201eEs ist das erste, was ich am Morgen checke und das letzte, das ich abends wegklicke. Ich verwende es den ganzen Tag. Und wenn man das tagein, tagaus tut, jede Woche und jedes Jahr und dabei die Trends entdeckt, sieht man pro Tag, ob es ein guter oder weniger guter Tag war. Man erh\u00e4lt so viel Aufschluss dank Laundry Dashboard.\r\n\r\nIch sehe pro Arbeitsplatz, ob meine Jahreseinsch\u00e4tzung stimmt. Jede Arbeitskraft nimmt wahr, ob sie sich auf dem richtigen Kurs befindet, um ihr Ziel f\u00fcr diesen Tag zu erreichen.\u201c Entscheidungen \u00fcber Investitionen in neue Maschinen trifft er auf der Grundlage der erfassten Produktivit\u00e4t in Laundry Dashboard. Und anschlie\u00dfend \u00fcberpr\u00fcft er die vom Hersteller versprochene Kapazit\u00e4t, wiederum mit Laundry Dashboard. Abweichungen werden auf diese Weise sofort sichtbar.\r\n\r\n&nbsp;\r\n\r\n<strong>Das Ergebnis<\/strong>\r\n\r\nDass dies direkt Geld einbringt, kann man sich vorstellen. Doch auch indirekt zahlt sich diese Vorgehensweise aus. \u201eIch habe keine Produktionsleitung mehr,\" sagt S\u00f8ren. \u201eMeine Arbeitskr\u00e4fte arbeiten in Teams und ich verfolge alles, was geschieht, \u00fcber Laundry Dashboard. Das funktioniert perfekt.\u201c\r\n\r\nNeben der Einsparung von Kosten gewinnt er mit Laundry Dashboard auch viel Zeit. \u201eWeil Laundry Dashboard mir auf einen Blick so viel Aufschluss gibt, kann ich den Rest meiner Zeit dazu aufwenden, um an den Details zu arbeiten, um alles noch weiter zu optimieren. In diesem Markt muss man sein Geld auf der Seite der Selbstkosten verdienen \u2013 und das geht, indem man die W\u00e4scherei auf diese Art und Weise f\u00fchrt. Kenntnis dar\u00fcber was wirklich geschieht ist der Schl\u00fcssel \u2013 damit unterscheidet man sich.\u201c\r\n\r\nEs f\u00fchrt zu viel Gelassenheit, dass man einfach und genau sehen kann, was die W\u00e4scherei leistet. S\u00f8ren kann nun v\u00f6llig unbesorgt einen mehrt\u00e4gigen Gesch\u00e4ftsbesuch in den Niederlanden oder mit seiner Familie zwei Wochen Urlaub machen. \u201eIch schau mir jede Woche nur zwei Dashboards an \u2013 das reicht, um zu sehen, ob es gut lief, oder ob ich auf einfache Weise Anpassungen vornehmen muss.\u201c\r\n\r\n&nbsp;","buttons":null,"heading_type":"h2","heading":"h1","layout_text_align":"centered","layout_textbox_size":8,"text_color":"","padding":{"top":"0","bottom":"s"},"layout_bg_show_image":false,"background_color":"","layout_bg_overlay":"","layout_bg_image_desktop":null,"layout_bg_position_desktop":"center","layout_bg_image_mobile":null,"layout_bg_position_mobile":"center","pre-title-transition":{"has_transition":false,"transition_type":"none","transition_offset":0,"transition_delay":0},"title-transition":{"has_transition":false,"transition_type":"none","transition_offset":"","transition_delay":0},"intro-transition":{"has_transition":false,"transition_type":"none","transition_offset":"","transition_delay":0},"text-transition":{"has_transition":false,"transition_type":"none","transition_offset":"","transition_delay":0},"layout_custom_css":null},{"acf_fc_layout":"ctabanner","title":"'Man braucht ein Werkzeug, mit dem man dies alles kontrollieren und erfassen kann. Erst dann kann man fundierte Entscheidungen dar\u00fcber treffen, welche Ma\u00dfnahmen ergriffen werden.'","intro":"S\u00f8ren Fuglsang-Gram, CEO Centralvaskeriet D\u00e4nemark","link":"","heading_type":"h2","heading":"h2","layout_background_image":"","background_color":"","text_color":"","padding":{"top":"m","bottom":"m"},"title-transition":{"has_transition":false,"transition_type":"none","transition_offset":"","transition_delay":0},"intro-transition":{"has_transition":false,"transition_type":"none","transition_offset":"","transition_delay":0},"buttons-transition":{"has_transition":false,"transition_type":"none","transition_offset":"","transition_delay":0},"layout_custom_css":null}]},"yoast_head":"<!-- This site is optimized with the Yoast SEO plugin v27.0 - https:\/\/yoast.com\/product\/yoast-seo-wordpress\/ -->\n<title>Fallbeispiel Centralvaskeriet D\u00e4nemark - Laundry Dashboard<\/title>\n<meta name=\"description\" content=\"Mit einem Blick auf Ihr Telefon k\u00f6nnen Sie genau sehen, wie es um die W\u00e4sche steht und ob alles nach Plan l\u00e4uft. Und das dank Laundry Dashboard.\" \/>\n<meta name=\"robots\" content=\"index, follow, max-snippet:-1, max-image-preview:large, max-video-preview:-1\" \/>\n<link rel=\"canonical\" href=\"https:\/\/www.laundrydashboard.com\/de\/fallbeispiele\/fallbeispiel-centralvaskeriet-denemarken\/\" \/>\n<meta property=\"og:locale\" content=\"de_DE\" \/>\n<meta property=\"og:type\" content=\"article\" \/>\n<meta property=\"og:title\" content=\"Fallbeispiel Centralvaskeriet D\u00e4nemark - Laundry Dashboard\" \/>\n<meta property=\"og:description\" content=\"Mit einem Blick auf Ihr Telefon k\u00f6nnen Sie genau sehen, wie es um die W\u00e4sche steht und ob alles nach Plan l\u00e4uft. Und das dank Laundry Dashboard.\" \/>\n<meta property=\"og:url\" content=\"https:\/\/www.laundrydashboard.com\/de\/fallbeispiele\/fallbeispiel-centralvaskeriet-denemarken\/\" \/>\n<meta property=\"og:site_name\" content=\"Laundry Dashboard\" \/>\n<meta property=\"article:modified_time\" content=\"2022-10-07T11:41:40+00:00\" \/>\n<meta name=\"twitter:card\" content=\"summary_large_image\" \/>\n<script type=\"application\/ld+json\" class=\"yoast-schema-graph\">{\"@context\":\"https:\/\/schema.org\",\"@graph\":[{\"@type\":\"WebPage\",\"@id\":\"https:\/\/www.laundrydashboard.com\/de\/fallbeispiele\/fallbeispiel-centralvaskeriet-denemarken\/\",\"url\":\"https:\/\/www.laundrydashboard.com\/de\/fallbeispiele\/fallbeispiel-centralvaskeriet-denemarken\/\",\"name\":\"Fallbeispiel Centralvaskeriet D\u00e4nemark - Laundry Dashboard\",\"isPartOf\":{\"@id\":\"https:\/\/laundrydashboard.com\/nl\/#website\"},\"datePublished\":\"2021-07-07T08:45:54+00:00\",\"dateModified\":\"2022-10-07T11:41:40+00:00\",\"description\":\"Mit einem Blick auf Ihr Telefon k\u00f6nnen Sie genau sehen, wie es um die W\u00e4sche steht und ob alles nach Plan l\u00e4uft. Und das dank Laundry Dashboard.\",\"breadcrumb\":{\"@id\":\"https:\/\/www.laundrydashboard.com\/de\/fallbeispiele\/fallbeispiel-centralvaskeriet-denemarken\/#breadcrumb\"},\"inLanguage\":\"de-DE\",\"potentialAction\":[{\"@type\":\"ReadAction\",\"target\":[\"https:\/\/www.laundrydashboard.com\/de\/fallbeispiele\/fallbeispiel-centralvaskeriet-denemarken\/\"]}]},{\"@type\":\"BreadcrumbList\",\"@id\":\"https:\/\/www.laundrydashboard.com\/de\/fallbeispiele\/fallbeispiel-centralvaskeriet-denemarken\/#breadcrumb\",\"itemListElement\":[{\"@type\":\"ListItem\",\"position\":1,\"name\":\"Home\",\"item\":\"https:\/\/www.laundrydashboard.com\/de\/\"},{\"@type\":\"ListItem\",\"position\":2,\"name\":\"Fallbeispielen\",\"item\":\"https:\/\/www.laundrydashboard.com\/de\/fallbeispiele\/\"},{\"@type\":\"ListItem\",\"position\":3,\"name\":\"Fallbeispiel Centralvaskeriet D\u00e4nemark\"}]},{\"@type\":\"WebSite\",\"@id\":\"https:\/\/laundrydashboard.com\/nl\/#website\",\"url\":\"https:\/\/laundrydashboard.com\/nl\/\",\"name\":\"Laundry Dashboard\",\"description\":\"\",\"potentialAction\":[{\"@type\":\"SearchAction\",\"target\":{\"@type\":\"EntryPoint\",\"urlTemplate\":\"https:\/\/laundrydashboard.com\/nl\/?s={search_term_string}\"},\"query-input\":{\"@type\":\"PropertyValueSpecification\",\"valueRequired\":true,\"valueName\":\"search_term_string\"}}],\"inLanguage\":\"de-DE\"}]}<\/script>\n<!-- \/ Yoast SEO plugin. -->","yoast_head_json":{"title":"Fallbeispiel Centralvaskeriet D\u00e4nemark - Laundry Dashboard","description":"Mit einem Blick auf Ihr Telefon k\u00f6nnen Sie genau sehen, wie es um die W\u00e4sche steht und ob alles nach Plan l\u00e4uft. Und das dank Laundry Dashboard.","robots":{"index":"index","follow":"follow","max-snippet":"max-snippet:-1","max-image-preview":"max-image-preview:large","max-video-preview":"max-video-preview:-1"},"canonical":"https:\/\/www.laundrydashboard.com\/de\/fallbeispiele\/fallbeispiel-centralvaskeriet-denemarken\/","og_locale":"de_DE","og_type":"article","og_title":"Fallbeispiel Centralvaskeriet D\u00e4nemark - Laundry Dashboard","og_description":"Mit einem Blick auf Ihr Telefon k\u00f6nnen Sie genau sehen, wie es um die W\u00e4sche steht und ob alles nach Plan l\u00e4uft. Und das dank Laundry Dashboard.","og_url":"https:\/\/www.laundrydashboard.com\/de\/fallbeispiele\/fallbeispiel-centralvaskeriet-denemarken\/","og_site_name":"Laundry Dashboard","article_modified_time":"2022-10-07T11:41:40+00:00","twitter_card":"summary_large_image","schema":{"@context":"https:\/\/schema.org","@graph":[{"@type":"WebPage","@id":"https:\/\/www.laundrydashboard.com\/de\/fallbeispiele\/fallbeispiel-centralvaskeriet-denemarken\/","url":"https:\/\/www.laundrydashboard.com\/de\/fallbeispiele\/fallbeispiel-centralvaskeriet-denemarken\/","name":"Fallbeispiel Centralvaskeriet D\u00e4nemark - Laundry Dashboard","isPartOf":{"@id":"https:\/\/laundrydashboard.com\/nl\/#website"},"datePublished":"2021-07-07T08:45:54+00:00","dateModified":"2022-10-07T11:41:40+00:00","description":"Mit einem Blick auf Ihr Telefon k\u00f6nnen Sie genau sehen, wie es um die W\u00e4sche steht und ob alles nach Plan l\u00e4uft. Und das dank Laundry Dashboard.","breadcrumb":{"@id":"https:\/\/www.laundrydashboard.com\/de\/fallbeispiele\/fallbeispiel-centralvaskeriet-denemarken\/#breadcrumb"},"inLanguage":"de-DE","potentialAction":[{"@type":"ReadAction","target":["https:\/\/www.laundrydashboard.com\/de\/fallbeispiele\/fallbeispiel-centralvaskeriet-denemarken\/"]}]},{"@type":"BreadcrumbList","@id":"https:\/\/www.laundrydashboard.com\/de\/fallbeispiele\/fallbeispiel-centralvaskeriet-denemarken\/#breadcrumb","itemListElement":[{"@type":"ListItem","position":1,"name":"Home","item":"https:\/\/www.laundrydashboard.com\/de\/"},{"@type":"ListItem","position":2,"name":"Fallbeispielen","item":"https:\/\/www.laundrydashboard.com\/de\/fallbeispiele\/"},{"@type":"ListItem","position":3,"name":"Fallbeispiel Centralvaskeriet D\u00e4nemark"}]},{"@type":"WebSite","@id":"https:\/\/laundrydashboard.com\/nl\/#website","url":"https:\/\/laundrydashboard.com\/nl\/","name":"Laundry Dashboard","description":"","potentialAction":[{"@type":"SearchAction","target":{"@type":"EntryPoint","urlTemplate":"https:\/\/laundrydashboard.com\/nl\/?s={search_term_string}"},"query-input":{"@type":"PropertyValueSpecification","valueRequired":true,"valueName":"search_term_string"}}],"inLanguage":"de-DE"}]}},"_links":{"self":[{"href":"https:\/\/laundrydashboard.com\/de\/wp-json\/wp\/v2\/pages\/3356","targetHints":{"allow":["GET"]}}],"collection":[{"href":"https:\/\/laundrydashboard.com\/de\/wp-json\/wp\/v2\/pages"}],"about":[{"href":"https:\/\/laundrydashboard.com\/de\/wp-json\/wp\/v2\/types\/page"}],"author":[{"embeddable":true,"href":"https:\/\/laundrydashboard.com\/de\/wp-json\/wp\/v2\/users\/5"}],"replies":[{"embeddable":true,"href":"https:\/\/laundrydashboard.com\/de\/wp-json\/wp\/v2\/comments?post=3356"}],"version-history":[{"count":3,"href":"https:\/\/laundrydashboard.com\/de\/wp-json\/wp\/v2\/pages\/3356\/revisions"}],"predecessor-version":[{"id":3399,"href":"https:\/\/laundrydashboard.com\/de\/wp-json\/wp\/v2\/pages\/3356\/revisions\/3399"}],"up":[{"embeddable":true,"href":"https:\/\/laundrydashboard.com\/de\/wp-json\/wp\/v2\/pages\/1179"}],"wp:attachment":[{"href":"https:\/\/laundrydashboard.com\/de\/wp-json\/wp\/v2\/media?parent=3356"}],"curies":[{"name":"wp","href":"https:\/\/api.w.org\/{rel}","templated":true}]}}