{"id":3421,"date":"2021-07-22T13:56:42","date_gmt":"2021-07-22T12:56:42","guid":{"rendered":"\/?page_id=3421"},"modified":"2022-08-10T10:58:04","modified_gmt":"2022-08-10T09:58:04","slug":"fallbeispiel-goeddecke-textilpflege-olsberg-deutschland","status":"publish","type":"page","link":"https:\/\/laundrydashboard.com\/de\/fallbeispiele\/fallbeispiel-goeddecke-textilpflege-olsberg-deutschland\/","title":{"rendered":"Fallbeispiel G\u00f6ddecke Textilpflege Olsberg, Deutschland"},"content":{"rendered":"","protected":false},"excerpt":{"rendered":"","protected":false},"author":5,"featured_media":0,"parent":1179,"menu_order":0,"comment_status":"closed","ping_status":"closed","template":"","meta":{"_acf_changed":false,"footnotes":""},"class_list":["post-3421","page","type-page","status-publish","hentry"],"acf":{"flexible_content":[{"acf_fc_layout":"videoblock","pre_title":"Fallbeispiel G\u00f6ddecke Textilpflege Olsberg, Deutschland","title":"15% Produktivit\u00e4tssteigerung in der Bewohnerw\u00e4sche-Abteilung.","intro":"","platform":"vimeo","vimeo":"592080125","youtube":"","heading_type":"h2","heading":"h1","layout_text_align":"centered","text_color":"","padding":{"top":"m","bottom":"m"},"layout_bg_show_image":false,"background_color":"","layout_bg_overlay":"","layout_bg_image_desktop":null,"layout_bg_position_desktop":"center","layout_bg_image_mobile":null,"layout_bg_position_mobile":"center","layout_custom_css":null,"pre-title-transition":{"has_transition":false,"transition_type":"none","transition_offset":0,"transition_delay":0},"title-transition":{"has_transition":false,"transition_type":"none","transition_offset":"","transition_delay":0},"intro-transition":{"has_transition":false,"transition_type":"none","transition_offset":"","transition_delay":0},"text-transition":{"has_transition":false,"transition_type":"none","transition_offset":"","transition_delay":0}},{"acf_fc_layout":"wysiwyg","pre_title":"","title":"","intro":"","content":"<strong>Die Herausforderung\r\n<\/strong>Anfang 2020 schrieb das Familienunternehmen G\u00f6ddecke Textilpflege rote Zahlen. Aufgrund der Corona-Beschr\u00e4nkungen im Gastgewerbe gingen 40 % der Auftr\u00e4ge aus dem Gastgewerbe verloren. Daraufhin machte sich der Gesch\u00e4ftsf\u00fchrer von G\u00f6ddecke daran, die W\u00e4scherei effizienter zu gestalten. Dazu waren viele Daten aus den Waschprozessen erforderlich. Bis dahin wurden alle Werte der Maschinen je nach Hersteller in unterschiedlichen Systemen erfasst. Die Informationen mussten von Herrn G\u00f6ddecke selbst berechnet und ausgewertet werden.\r\n<strong>\r\nDie L\u00f6sung\r\n<\/strong>Die Suche nach Effizienz f\u00fchrte zu Laundry Dashboard, der L\u00f6sung, um s\u00e4mtliche Verbrauchsdaten schnell und \u00fcbersichtlich zu erfassen und darzustellen. Seit Anfang 2021 sind alle Maschinen bei G\u00f6ddecke mit Laundry Dashboard verkn\u00fcpft. Seitdem wird die Leistung dieser Maschinen gemessen und \u00fcberwacht. Wenn der Verbrauch abweicht, gibt das System eine Warnung aus. Das senkt die Kosten und hilft, den \u00f6kologischen Fu\u00dfabdruck zu verkleinern.\r\n\r\nF\u00fcr G\u00f6ddecke ist es wichtig, die Arbeitsabl\u00e4ufe zu verbessern, die Waschvorg\u00e4nge schneller abzuschlie\u00dfen und einen besseren Produktionsfluss zu erreichen. Um dies transparent zu machen, wurden an jeder Maschine \u00dcbersichtsbildschirme aufgeh\u00e4ngt. Diese zeigen die Produktivit\u00e4t eines jeden Mitarbeiters in Echtzeit an. Der Kunde analysiert, warum ein Mitarbeiter eine Produktivit\u00e4t von 120 Prozent und ein anderer nur von 80 Prozent erreicht. Es geht jedoch nicht darum, den Leistungsstandard der Mitarbeiterinnen und Mitarbeiter zu erh\u00f6hen, sondern darum, mehr Leistung zu erzielen, ohne den Arbeitsdruck zu erh\u00f6hen.\r\n\r\nBei der ersten RFID-Scanstelle, z.B. f\u00fcr die personengebundene W\u00e4sche, konnte durch entsprechende Arbeitsanweisungen eine Verbesserung erzielt werden. Durch die Einsparung einer bestimmten Handlung konnten die Leistungen der Mitarbeiterinnen und Mitarbeiter deutlich verbessert werden. Nicht, weil sie schneller arbeiten, sondern weil eine Handlung komplett eliminiert wird. So kann man mit ein paar kleinen Verbesserungen schlie\u00dflich eine gro\u00dfe Verbesserung erzielen.\r\n\r\n<strong>Das Ergebnis\r\n<\/strong>Die Daten von Laundry Dashboard haben dem Kunden sehr geholfen. In der Vergangenheit <em>glaubte<\/em> der Kunde nur, dass er besser geworden sei. Heute <em>wei\u00df<\/em> der Kunde anhand von Daten, dass sich seine Leistung tats\u00e4chlich um 10 % bis 15 % erh\u00f6ht hat, vor allem an den arbeitsintensiven und daher kostspieligen Arbeitsstationen.\r\n\r\nDer Kunde hat nun die M\u00f6glichkeit, die Produktionsdaten mit der Berechnung der Selbstkosten f\u00fcr das Finanzmanagement zu kombinieren. Dar\u00fcber hinaus kann er dank Laundry Dashboard feststellen, welche Kunden f\u00fcr ihn profitabel sind, wo er viel Personal einsetzen sollte, wo er weniger Personal einsetzen sollte und welche Kunden lukrativ sind. Er kann den Prozess beobachten und gegebenenfalls \u00c4nderungen vornehmen. Das war vorher nicht m\u00f6glich, weil man nicht wusste, wo und bei welchen Kunden die Energie verbraucht wurde. Laundry Dashboard bietet einen \u00dcberblick \u00fcber all diese Daten.","buttons":null,"heading_type":"h2","heading":"h1","layout_text_align":"centered","layout_textbox_size":8,"text_color":"","padding":{"top":"0","bottom":"s"},"layout_bg_show_image":false,"background_color":"","layout_bg_overlay":"","layout_bg_image_desktop":null,"layout_bg_position_desktop":"center","layout_bg_image_mobile":null,"layout_bg_position_mobile":"center","pre-title-transition":{"has_transition":false,"transition_type":"none","transition_offset":0,"transition_delay":0},"title-transition":{"has_transition":false,"transition_type":"none","transition_offset":"","transition_delay":0},"intro-transition":{"has_transition":false,"transition_type":"none","transition_offset":"","transition_delay":0},"text-transition":{"has_transition":false,"transition_type":"none","transition_offset":"","transition_delay":0},"layout_custom_css":null},{"acf_fc_layout":"ctabanner","title":"\u2018Wir haben fr\u00fcher nur geglaubt, dass wir besser geworden sind. Heute wissen wir, anhand von Daten, dass wir unsere Leistung tats\u00e4chlich um 10% bis 15% erh\u00f6ht haben.\u2019","intro":"J\u00fcrgen G\u00f6ddecke, Gesch\u00e4ftsf\u00fchrer G\u00f6ddecke Textilpflege","link":"","heading_type":"h2","heading":"h2","layout_background_image":"","background_color":"","text_color":"","padding":{"top":"m","bottom":"m"},"title-transition":{"has_transition":false,"transition_type":"none","transition_offset":"","transition_delay":0},"intro-transition":{"has_transition":false,"transition_type":"none","transition_offset":"","transition_delay":0},"buttons-transition":{"has_transition":false,"transition_type":"none","transition_offset":"","transition_delay":0},"layout_custom_css":null}]},"yoast_head":"<!-- This site is optimized with the Yoast SEO plugin v27.0 - https:\/\/yoast.com\/product\/yoast-seo-wordpress\/ -->\n<title>Fallbeispiel G\u00f6ddecke Textilpflege Olsberg, Deutschland - Laundry Dashboard<\/title>\n<meta name=\"robots\" content=\"index, follow, max-snippet:-1, max-image-preview:large, max-video-preview:-1\" \/>\n<link rel=\"canonical\" href=\"https:\/\/laundrydashboard.com\/nl\/casussen\/casus-goddecke-textilpflege-olsberg-duitsland\/\" \/>\n<meta property=\"og:locale\" content=\"de_DE\" \/>\n<meta property=\"og:type\" content=\"article\" \/>\n<meta property=\"og:title\" content=\"Fallbeispiel G\u00f6ddecke Textilpflege Olsberg, Deutschland - Laundry Dashboard\" \/>\n<meta property=\"og:url\" content=\"https:\/\/laundrydashboard.com\/nl\/casussen\/casus-goddecke-textilpflege-olsberg-duitsland\/\" \/>\n<meta property=\"og:site_name\" content=\"Laundry Dashboard\" \/>\n<meta property=\"article:modified_time\" content=\"2022-08-10T09:58:04+00:00\" \/>\n<meta name=\"twitter:card\" content=\"summary_large_image\" \/>\n<script type=\"application\/ld+json\" class=\"yoast-schema-graph\">{\"@context\":\"https:\/\/schema.org\",\"@graph\":[{\"@type\":\"WebPage\",\"@id\":\"https:\/\/laundrydashboard.com\/nl\/casussen\/casus-goddecke-textilpflege-olsberg-duitsland\/\",\"url\":\"https:\/\/laundrydashboard.com\/nl\/casussen\/casus-goddecke-textilpflege-olsberg-duitsland\/\",\"name\":\"Fallbeispiel G\u00f6ddecke Textilpflege Olsberg, Deutschland - Laundry Dashboard\",\"isPartOf\":{\"@id\":\"https:\/\/laundrydashboard.com\/nl\/#website\"},\"datePublished\":\"2021-07-22T12:56:42+00:00\",\"dateModified\":\"2022-08-10T09:58:04+00:00\",\"breadcrumb\":{\"@id\":\"https:\/\/laundrydashboard.com\/nl\/casussen\/casus-goddecke-textilpflege-olsberg-duitsland\/#breadcrumb\"},\"inLanguage\":\"de-DE\",\"potentialAction\":[{\"@type\":\"ReadAction\",\"target\":[\"https:\/\/laundrydashboard.com\/nl\/casussen\/casus-goddecke-textilpflege-olsberg-duitsland\/\"]}]},{\"@type\":\"BreadcrumbList\",\"@id\":\"https:\/\/laundrydashboard.com\/nl\/casussen\/casus-goddecke-textilpflege-olsberg-duitsland\/#breadcrumb\",\"itemListElement\":[{\"@type\":\"ListItem\",\"position\":1,\"name\":\"Home\",\"item\":\"https:\/\/laundrydashboard.com\/de\/\"},{\"@type\":\"ListItem\",\"position\":2,\"name\":\"Fallbeispielen\",\"item\":\"https:\/\/www.laundrydashboard.com\/de\/fallbeispiele\/\"},{\"@type\":\"ListItem\",\"position\":3,\"name\":\"Fallbeispiel G\u00f6ddecke Textilpflege Olsberg, Deutschland\"}]},{\"@type\":\"WebSite\",\"@id\":\"https:\/\/laundrydashboard.com\/nl\/#website\",\"url\":\"https:\/\/laundrydashboard.com\/nl\/\",\"name\":\"Laundry Dashboard\",\"description\":\"\",\"potentialAction\":[{\"@type\":\"SearchAction\",\"target\":{\"@type\":\"EntryPoint\",\"urlTemplate\":\"https:\/\/laundrydashboard.com\/nl\/?s={search_term_string}\"},\"query-input\":{\"@type\":\"PropertyValueSpecification\",\"valueRequired\":true,\"valueName\":\"search_term_string\"}}],\"inLanguage\":\"de-DE\"}]}<\/script>\n<!-- \/ Yoast SEO plugin. -->","yoast_head_json":{"title":"Fallbeispiel G\u00f6ddecke Textilpflege Olsberg, Deutschland - Laundry Dashboard","robots":{"index":"index","follow":"follow","max-snippet":"max-snippet:-1","max-image-preview":"max-image-preview:large","max-video-preview":"max-video-preview:-1"},"canonical":"https:\/\/laundrydashboard.com\/nl\/casussen\/casus-goddecke-textilpflege-olsberg-duitsland\/","og_locale":"de_DE","og_type":"article","og_title":"Fallbeispiel G\u00f6ddecke Textilpflege Olsberg, Deutschland - Laundry Dashboard","og_url":"https:\/\/laundrydashboard.com\/nl\/casussen\/casus-goddecke-textilpflege-olsberg-duitsland\/","og_site_name":"Laundry Dashboard","article_modified_time":"2022-08-10T09:58:04+00:00","twitter_card":"summary_large_image","schema":{"@context":"https:\/\/schema.org","@graph":[{"@type":"WebPage","@id":"https:\/\/laundrydashboard.com\/nl\/casussen\/casus-goddecke-textilpflege-olsberg-duitsland\/","url":"https:\/\/laundrydashboard.com\/nl\/casussen\/casus-goddecke-textilpflege-olsberg-duitsland\/","name":"Fallbeispiel G\u00f6ddecke Textilpflege Olsberg, Deutschland - Laundry Dashboard","isPartOf":{"@id":"https:\/\/laundrydashboard.com\/nl\/#website"},"datePublished":"2021-07-22T12:56:42+00:00","dateModified":"2022-08-10T09:58:04+00:00","breadcrumb":{"@id":"https:\/\/laundrydashboard.com\/nl\/casussen\/casus-goddecke-textilpflege-olsberg-duitsland\/#breadcrumb"},"inLanguage":"de-DE","potentialAction":[{"@type":"ReadAction","target":["https:\/\/laundrydashboard.com\/nl\/casussen\/casus-goddecke-textilpflege-olsberg-duitsland\/"]}]},{"@type":"BreadcrumbList","@id":"https:\/\/laundrydashboard.com\/nl\/casussen\/casus-goddecke-textilpflege-olsberg-duitsland\/#breadcrumb","itemListElement":[{"@type":"ListItem","position":1,"name":"Home","item":"https:\/\/laundrydashboard.com\/de\/"},{"@type":"ListItem","position":2,"name":"Fallbeispielen","item":"https:\/\/www.laundrydashboard.com\/de\/fallbeispiele\/"},{"@type":"ListItem","position":3,"name":"Fallbeispiel G\u00f6ddecke Textilpflege Olsberg, Deutschland"}]},{"@type":"WebSite","@id":"https:\/\/laundrydashboard.com\/nl\/#website","url":"https:\/\/laundrydashboard.com\/nl\/","name":"Laundry Dashboard","description":"","potentialAction":[{"@type":"SearchAction","target":{"@type":"EntryPoint","urlTemplate":"https:\/\/laundrydashboard.com\/nl\/?s={search_term_string}"},"query-input":{"@type":"PropertyValueSpecification","valueRequired":true,"valueName":"search_term_string"}}],"inLanguage":"de-DE"}]}},"_links":{"self":[{"href":"https:\/\/laundrydashboard.com\/de\/wp-json\/wp\/v2\/pages\/3421","targetHints":{"allow":["GET"]}}],"collection":[{"href":"https:\/\/laundrydashboard.com\/de\/wp-json\/wp\/v2\/pages"}],"about":[{"href":"https:\/\/laundrydashboard.com\/de\/wp-json\/wp\/v2\/types\/page"}],"author":[{"embeddable":true,"href":"https:\/\/laundrydashboard.com\/de\/wp-json\/wp\/v2\/users\/5"}],"replies":[{"embeddable":true,"href":"https:\/\/laundrydashboard.com\/de\/wp-json\/wp\/v2\/comments?post=3421"}],"version-history":[{"count":13,"href":"https:\/\/laundrydashboard.com\/de\/wp-json\/wp\/v2\/pages\/3421\/revisions"}],"predecessor-version":[{"id":3803,"href":"https:\/\/laundrydashboard.com\/de\/wp-json\/wp\/v2\/pages\/3421\/revisions\/3803"}],"up":[{"embeddable":true,"href":"https:\/\/laundrydashboard.com\/de\/wp-json\/wp\/v2\/pages\/1179"}],"wp:attachment":[{"href":"https:\/\/laundrydashboard.com\/de\/wp-json\/wp\/v2\/media?parent=3421"}],"curies":[{"name":"wp","href":"https:\/\/api.w.org\/{rel}","templated":true}]}}