{"id":4947,"date":"2023-12-11T10:35:47","date_gmt":"2023-12-11T09:35:47","guid":{"rendered":"https:\/\/www.laundrydashboard.com\/?page_id=4947"},"modified":"2024-03-11T15:49:38","modified_gmt":"2024-03-11T14:49:38","slug":"bis-zu-5-leistungssteigerung","status":"publish","type":"page","link":"https:\/\/laundrydashboard.com\/de\/fallbeispiele\/bis-zu-5-leistungssteigerung\/","title":{"rendered":"Casus CHMS (Coburger Handtuch &#038; Matten Service)"},"content":{"rendered":"","protected":false},"excerpt":{"rendered":"","protected":false},"author":5,"featured_media":4837,"parent":1179,"menu_order":0,"comment_status":"closed","ping_status":"closed","template":"","meta":{"_acf_changed":false,"footnotes":""},"class_list":["post-4947","page","type-page","status-publish","has-post-thumbnail","hentry"],"acf":{"flexible_content":[{"acf_fc_layout":"wysiwyg","pre_title":"CHMS (Coburger Handtuch & Matten Service)","title":"Leistungssteigerung von bis zu 5 % <br> bereits im ersten Monat ","intro":"","content":"<img class=\"alignnone size-medium wp-image-4837\" src=\"https:\/\/www.laundrydashboard.com\/app\/uploads\/2023\/10\/20230228_113056-2-300x213.jpg\" alt=\"\" width=\"300\" height=\"213\" \/>\r\n\r\nCHMS (Coburger Handtuch &amp; Matten Service) mit Sitz in R\u00f6dental bearbeitet Handtuchrollen und Schmutzmatten f\u00fcr Direktkunden im Umkreis von rund 150 Kilometern und W\u00e4schereien als Wiederverk\u00e4ufer im Bundesgebiet und den Benelux-L\u00e4ndern. CHMS wurde 1954 gegr\u00fcndet und mittlerweile in der dritten Generation gef\u00fchrt.\r\n\r\n<strong>Die Herausforderung<\/strong>\r\n\r\nCHMS hatte den Wunsch, vor allem bei der Mangeleingabe Stand-, Postenwechsel- und Ausfallzeiten sichtbar zu machen um die allgemeine Produktivit\u00e4t ohne Mehrarbeit zu erh\u00f6hen. Gleichzeitig sollte die Produktivit\u00e4t pro Arbeitsplatz gemessen werden, um auch dem Mitarbeiter eine Einsch\u00e4tzung \u00fcber die eigene Leistung zu erm\u00f6glichen.\r\n\r\n<strong>Die L\u00f6sung<\/strong>\r\n\r\nDie L\u00f6sung wurde in Laundry Dashboard gefunden. Die Handtuchrollenabwickler und -mangeln wurden angeschlossen und insgesamt drei Laundry Dashboard Stations installiert. An den Laundry Dashboard Stations k\u00f6nnen sich die Mitarbeiter an den Arbeitspl\u00e4tzen anmelden und erhalten gleichzeitig \u00fcber den \u00dcbersichtsbildschirm Echtzeit-Feedback zu ihrer Leistung. Sowohl das Management als auch die Mitarbeiter erhalten so einen Einblick in die Effizienz der W\u00e4scherei. F\u00fcr die Mitarbeiter in der Produktion wirkt es motivierend. Sie erhalten einen Einblick in die t\u00e4glich geleistete Arbeit sowie in ihre eigene Leistung. Das Management kann die Daten nutzen, um so genannte \"Engp\u00e4sse\" im Prozess zu erkennen.\r\n\r\n<strong>Das Ergebnis<\/strong>\r\n\r\nNach Angaben des Kunden liegen die ersten gemessenen Ergebnisse bei einer Leistungssteigerung von bis zu 5 %. CHMS wird daran arbeiten, dies noch weiter zu verbessern. Bereits im zweiten Monat nach der Inbetriebnahme des Laundry Dashboards erhalten die ersten Mitarbeiter einen Bonus f\u00fcr gute Leistungen. Fabian Krause: \u201eDurch Laundry Dashboard haben wir einen besseren \u00dcberblick dar\u00fcber, wie viel Kapazit\u00e4t wir derzeit haben und welche Auftr\u00e4ge mit welchem Volumen angenommen werden k\u00f6nnen, ohne die Mitarbeiter und die innerbetriebliche Organisation zu \u00fcberfordern. Au\u00dferdem k\u00f6nnen wir schneller reagieren, wenn in der W\u00e4scherei ein Problem auftritt''","buttons":null,"heading_type":"h2","heading":"h1","layout_text_align":"centered","layout_textbox_size":"8","text_color":"","padding":{"top":"m","bottom":"m"},"layout_bg_show_image":false,"background_color":"","layout_bg_overlay":"","layout_bg_image_desktop":null,"layout_bg_position_desktop":"center","layout_bg_image_mobile":null,"layout_bg_position_mobile":"center","pre-title-transition":{"has_transition":false,"transition_type":"none","transition_offset":0,"transition_delay":0},"title-transition":{"has_transition":false,"transition_type":"none","transition_offset":"","transition_delay":0},"intro-transition":{"has_transition":false,"transition_type":"none","transition_offset":"","transition_delay":0},"text-transition":{"has_transition":false,"transition_type":"none","transition_offset":"","transition_delay":0},"layout_custom_css":""}]},"yoast_head":"<!-- This site is optimized with the Yoast SEO plugin v27.0 - https:\/\/yoast.com\/product\/yoast-seo-wordpress\/ -->\n<title>Casus CHMS (Coburger Handtuch &amp; Matten Service) - Laundry Dashboard<\/title>\n<meta name=\"robots\" content=\"index, follow, max-snippet:-1, max-image-preview:large, max-video-preview:-1\" \/>\n<link rel=\"canonical\" href=\"https:\/\/www.laundrydashboard.com\/de\/fallbeispiele\/bis-zu-5-leistungssteigerung\/\" \/>\n<meta property=\"og:locale\" content=\"de_DE\" \/>\n<meta property=\"og:type\" content=\"article\" \/>\n<meta property=\"og:title\" content=\"Casus CHMS (Coburger Handtuch &amp; Matten Service) - Laundry Dashboard\" \/>\n<meta property=\"og:url\" content=\"https:\/\/www.laundrydashboard.com\/de\/fallbeispiele\/bis-zu-5-leistungssteigerung\/\" \/>\n<meta property=\"og:site_name\" content=\"Laundry Dashboard\" \/>\n<meta property=\"article:modified_time\" content=\"2024-03-11T14:49:38+00:00\" \/>\n<meta property=\"og:image\" content=\"https:\/\/www.laundrydashboard.com\/app\/uploads\/2023\/10\/20230228_113056-2-scaled.jpg\" \/>\n\t<meta property=\"og:image:width\" content=\"2560\" \/>\n\t<meta property=\"og:image:height\" content=\"1815\" \/>\n\t<meta property=\"og:image:type\" content=\"image\/jpeg\" \/>\n<meta name=\"twitter:card\" content=\"summary_large_image\" \/>\n<script type=\"application\/ld+json\" class=\"yoast-schema-graph\">{\"@context\":\"https:\/\/schema.org\",\"@graph\":[{\"@type\":\"WebPage\",\"@id\":\"https:\/\/www.laundrydashboard.com\/de\/fallbeispiele\/bis-zu-5-leistungssteigerung\/\",\"url\":\"https:\/\/www.laundrydashboard.com\/de\/fallbeispiele\/bis-zu-5-leistungssteigerung\/\",\"name\":\"Casus CHMS (Coburger Handtuch & Matten Service) - Laundry Dashboard\",\"isPartOf\":{\"@id\":\"https:\/\/laundrydashboard.com\/nl\/#website\"},\"primaryImageOfPage\":{\"@id\":\"https:\/\/www.laundrydashboard.com\/de\/fallbeispiele\/bis-zu-5-leistungssteigerung\/#primaryimage\"},\"image\":{\"@id\":\"https:\/\/www.laundrydashboard.com\/de\/fallbeispiele\/bis-zu-5-leistungssteigerung\/#primaryimage\"},\"thumbnailUrl\":\"https:\/\/laundrydashboard.com\/app\/uploads\/2023\/10\/20230228_113056-2-scaled.jpg\",\"datePublished\":\"2023-12-11T09:35:47+00:00\",\"dateModified\":\"2024-03-11T14:49:38+00:00\",\"breadcrumb\":{\"@id\":\"https:\/\/www.laundrydashboard.com\/de\/fallbeispiele\/bis-zu-5-leistungssteigerung\/#breadcrumb\"},\"inLanguage\":\"de-DE\",\"potentialAction\":[{\"@type\":\"ReadAction\",\"target\":[\"https:\/\/www.laundrydashboard.com\/de\/fallbeispiele\/bis-zu-5-leistungssteigerung\/\"]}]},{\"@type\":\"ImageObject\",\"inLanguage\":\"de-DE\",\"@id\":\"https:\/\/www.laundrydashboard.com\/de\/fallbeispiele\/bis-zu-5-leistungssteigerung\/#primaryimage\",\"url\":\"https:\/\/laundrydashboard.com\/app\/uploads\/2023\/10\/20230228_113056-2-scaled.jpg\",\"contentUrl\":\"https:\/\/laundrydashboard.com\/app\/uploads\/2023\/10\/20230228_113056-2-scaled.jpg\",\"width\":2560,\"height\":1815},{\"@type\":\"BreadcrumbList\",\"@id\":\"https:\/\/www.laundrydashboard.com\/de\/fallbeispiele\/bis-zu-5-leistungssteigerung\/#breadcrumb\",\"itemListElement\":[{\"@type\":\"ListItem\",\"position\":1,\"name\":\"Home\",\"item\":\"https:\/\/www.laundrydashboard.com\/de\/\"},{\"@type\":\"ListItem\",\"position\":2,\"name\":\"Fallbeispielen\",\"item\":\"https:\/\/www.laundrydashboard.com\/de\/fallbeispiele\/\"},{\"@type\":\"ListItem\",\"position\":3,\"name\":\"Casus CHMS (Coburger Handtuch &#038; Matten Service)\"}]},{\"@type\":\"WebSite\",\"@id\":\"https:\/\/laundrydashboard.com\/nl\/#website\",\"url\":\"https:\/\/laundrydashboard.com\/nl\/\",\"name\":\"Laundry Dashboard\",\"description\":\"\",\"potentialAction\":[{\"@type\":\"SearchAction\",\"target\":{\"@type\":\"EntryPoint\",\"urlTemplate\":\"https:\/\/laundrydashboard.com\/nl\/?s={search_term_string}\"},\"query-input\":{\"@type\":\"PropertyValueSpecification\",\"valueRequired\":true,\"valueName\":\"search_term_string\"}}],\"inLanguage\":\"de-DE\"}]}<\/script>\n<!-- \/ Yoast SEO plugin. -->","yoast_head_json":{"title":"Casus CHMS (Coburger Handtuch & Matten Service) - Laundry Dashboard","robots":{"index":"index","follow":"follow","max-snippet":"max-snippet:-1","max-image-preview":"max-image-preview:large","max-video-preview":"max-video-preview:-1"},"canonical":"https:\/\/www.laundrydashboard.com\/de\/fallbeispiele\/bis-zu-5-leistungssteigerung\/","og_locale":"de_DE","og_type":"article","og_title":"Casus CHMS (Coburger Handtuch & Matten Service) - Laundry Dashboard","og_url":"https:\/\/www.laundrydashboard.com\/de\/fallbeispiele\/bis-zu-5-leistungssteigerung\/","og_site_name":"Laundry Dashboard","article_modified_time":"2024-03-11T14:49:38+00:00","og_image":[{"width":2560,"height":1815,"url":"https:\/\/www.laundrydashboard.com\/app\/uploads\/2023\/10\/20230228_113056-2-scaled.jpg","type":"image\/jpeg"}],"twitter_card":"summary_large_image","schema":{"@context":"https:\/\/schema.org","@graph":[{"@type":"WebPage","@id":"https:\/\/www.laundrydashboard.com\/de\/fallbeispiele\/bis-zu-5-leistungssteigerung\/","url":"https:\/\/www.laundrydashboard.com\/de\/fallbeispiele\/bis-zu-5-leistungssteigerung\/","name":"Casus CHMS (Coburger Handtuch & Matten Service) - Laundry Dashboard","isPartOf":{"@id":"https:\/\/laundrydashboard.com\/nl\/#website"},"primaryImageOfPage":{"@id":"https:\/\/www.laundrydashboard.com\/de\/fallbeispiele\/bis-zu-5-leistungssteigerung\/#primaryimage"},"image":{"@id":"https:\/\/www.laundrydashboard.com\/de\/fallbeispiele\/bis-zu-5-leistungssteigerung\/#primaryimage"},"thumbnailUrl":"https:\/\/laundrydashboard.com\/app\/uploads\/2023\/10\/20230228_113056-2-scaled.jpg","datePublished":"2023-12-11T09:35:47+00:00","dateModified":"2024-03-11T14:49:38+00:00","breadcrumb":{"@id":"https:\/\/www.laundrydashboard.com\/de\/fallbeispiele\/bis-zu-5-leistungssteigerung\/#breadcrumb"},"inLanguage":"de-DE","potentialAction":[{"@type":"ReadAction","target":["https:\/\/www.laundrydashboard.com\/de\/fallbeispiele\/bis-zu-5-leistungssteigerung\/"]}]},{"@type":"ImageObject","inLanguage":"de-DE","@id":"https:\/\/www.laundrydashboard.com\/de\/fallbeispiele\/bis-zu-5-leistungssteigerung\/#primaryimage","url":"https:\/\/laundrydashboard.com\/app\/uploads\/2023\/10\/20230228_113056-2-scaled.jpg","contentUrl":"https:\/\/laundrydashboard.com\/app\/uploads\/2023\/10\/20230228_113056-2-scaled.jpg","width":2560,"height":1815},{"@type":"BreadcrumbList","@id":"https:\/\/www.laundrydashboard.com\/de\/fallbeispiele\/bis-zu-5-leistungssteigerung\/#breadcrumb","itemListElement":[{"@type":"ListItem","position":1,"name":"Home","item":"https:\/\/www.laundrydashboard.com\/de\/"},{"@type":"ListItem","position":2,"name":"Fallbeispielen","item":"https:\/\/www.laundrydashboard.com\/de\/fallbeispiele\/"},{"@type":"ListItem","position":3,"name":"Casus CHMS (Coburger Handtuch &#038; Matten Service)"}]},{"@type":"WebSite","@id":"https:\/\/laundrydashboard.com\/nl\/#website","url":"https:\/\/laundrydashboard.com\/nl\/","name":"Laundry Dashboard","description":"","potentialAction":[{"@type":"SearchAction","target":{"@type":"EntryPoint","urlTemplate":"https:\/\/laundrydashboard.com\/nl\/?s={search_term_string}"},"query-input":{"@type":"PropertyValueSpecification","valueRequired":true,"valueName":"search_term_string"}}],"inLanguage":"de-DE"}]}},"_links":{"self":[{"href":"https:\/\/laundrydashboard.com\/de\/wp-json\/wp\/v2\/pages\/4947","targetHints":{"allow":["GET"]}}],"collection":[{"href":"https:\/\/laundrydashboard.com\/de\/wp-json\/wp\/v2\/pages"}],"about":[{"href":"https:\/\/laundrydashboard.com\/de\/wp-json\/wp\/v2\/types\/page"}],"author":[{"embeddable":true,"href":"https:\/\/laundrydashboard.com\/de\/wp-json\/wp\/v2\/users\/5"}],"replies":[{"embeddable":true,"href":"https:\/\/laundrydashboard.com\/de\/wp-json\/wp\/v2\/comments?post=4947"}],"version-history":[{"count":11,"href":"https:\/\/laundrydashboard.com\/de\/wp-json\/wp\/v2\/pages\/4947\/revisions"}],"predecessor-version":[{"id":5029,"href":"https:\/\/laundrydashboard.com\/de\/wp-json\/wp\/v2\/pages\/4947\/revisions\/5029"}],"up":[{"embeddable":true,"href":"https:\/\/laundrydashboard.com\/de\/wp-json\/wp\/v2\/pages\/1179"}],"wp:featuredmedia":[{"embeddable":true,"href":"https:\/\/laundrydashboard.com\/de\/wp-json\/wp\/v2\/media\/4837"}],"wp:attachment":[{"href":"https:\/\/laundrydashboard.com\/de\/wp-json\/wp\/v2\/media?parent=4947"}],"curies":[{"name":"wp","href":"https:\/\/api.w.org\/{rel}","templated":true}]}}