{"id":3453,"date":"2021-07-22T13:56:42","date_gmt":"2021-07-22T12:56:42","guid":{"rendered":"\/cases\/fallbeispiel-goeddecke-textilservice-olsberg-deutschland\/"},"modified":"2022-10-07T12:31:08","modified_gmt":"2022-10-07T11:31:08","slug":"case-goeddecke-textilpflege-olsberg-germany","status":"publish","type":"page","link":"https:\/\/laundrydashboard.com\/en\/cases\/case-goeddecke-textilpflege-olsberg-germany\/","title":{"rendered":"Case G\u00f6ddecke Textilpflege Olsberg, Germany"},"content":{"rendered":"","protected":false},"excerpt":{"rendered":"","protected":false},"author":5,"featured_media":0,"parent":1177,"menu_order":0,"comment_status":"closed","ping_status":"closed","template":"","meta":{"_acf_changed":false,"footnotes":""},"class_list":["post-3453","page","type-page","status-publish","hentry"],"acf":{"flexible_content":[{"acf_fc_layout":"videoblock","pre_title":"Case G\u00f6ddecke Textilpflege Olsberg, Germany","title":"15% increase in productivity in the PG department","intro":"","platform":"vimeo","vimeo":"611573769","youtube":"","heading_type":"h2","heading":"h1","layout_text_align":"centered","text_color":"","padding":{"top":"m","bottom":"m"},"layout_bg_show_image":false,"background_color":"","layout_bg_overlay":"","layout_bg_image_desktop":null,"layout_bg_position_desktop":"center","layout_bg_image_mobile":null,"layout_bg_position_mobile":"center","layout_custom_css":null,"pre-title-transition":{"has_transition":false,"transition_type":"none","transition_offset":0,"transition_delay":0},"title-transition":{"has_transition":false,"transition_type":"none","transition_offset":"","transition_delay":0},"intro-transition":{"has_transition":false,"transition_type":"none","transition_offset":"","transition_delay":0},"text-transition":{"has_transition":false,"transition_type":"none","transition_offset":"","transition_delay":0}},{"acf_fc_layout":"wysiwyg","pre_title":"","title":"","intro":"","content":"<strong>The challenge\r\n<\/strong>At the beginning of 2020, the family business G\u00f6ddecke Textielservice ended up in the red. Due to the corona restrictions in the hospitality industry, 40% of orders from the hospitality industry were lost. The CEO of G\u00f6ddecke started looking for more efficient ways of operating the laundry. Lots of information about the washing processes were needed for this. Until then, all values of the machines were registered in different systems per manufacturer. The information had to be calculated and evaluated by Mr G\u00f6ddecke himself.\r\n\r\n<strong>\r\nThe solution\r\n<\/strong>The search for efficiency led to Laundry Dashboard, as the solution to gain insight into all consumption data at a glance. At the beginning of 2021 all G\u00f6ddecke\u2019s machines were connected to Laundry Dashboard. The performance of these machines has since been measured and checked. If the consumption deviates, the system sends out a warning. This reduces costs and helps to reduce the ecological footprint.\r\n\r\nIt is important for G\u00f6ddecke to improve work processes, to have the laundry ready faster, to get a better flow in production. To gain insight into this, overview screens have been placed next to each machine. They show the productivity of each employee in real time. The customer analyses why one employee achieves 120 percent and the other only 80 percent. This is not intended to raise the performance standard for the employees, but to get more output without increasing the workload.\r\n\r\nFor example, at the first RFID scanning point, which is meant for the customer dedicated linen, an improvement was achieved through the correct work instructions. By saving a certain action, the employees performed significantly better. Not because they work faster, but because an action is completely eliminated. This way you can make a big improvement with a number of small improvements.\r\n\r\n<strong>The result\r\n<\/strong>The data from Laundry Dashboard helped the client tremendously. In the past, the customer only believed that they had gotten better. Today, with the help of data, customers know that their performance has actually increased by 10% to 15%, especially in the labour-intensive and cost-intensive workplaces.\r\n\r\nThe customer now has the option to combine the production data with the calculation of cost prices for financial management. In addition, thanks to Laundry Dashboard, they also know which customers are profitable for them, where they need to deploy a lot of staff, where they need to deploy less staff and which customers are lucrative. They can watch the process and then maybe make changes. That was not possible before, because they did not know where the energy was being used and by which customers. Laundry Dashboard shows all of that.","buttons":null,"heading_type":"h2","heading":"h1","layout_text_align":"centered","layout_textbox_size":8,"text_color":"","padding":{"top":"0","bottom":"s"},"layout_bg_show_image":false,"background_color":"","layout_bg_overlay":"","layout_bg_image_desktop":null,"layout_bg_position_desktop":"center","layout_bg_image_mobile":null,"layout_bg_position_mobile":"center","pre-title-transition":{"has_transition":false,"transition_type":"none","transition_offset":0,"transition_delay":0},"title-transition":{"has_transition":false,"transition_type":"none","transition_offset":"","transition_delay":0},"intro-transition":{"has_transition":false,"transition_type":"none","transition_offset":"","transition_delay":0},"text-transition":{"has_transition":false,"transition_type":"none","transition_offset":"","transition_delay":0},"layout_custom_css":null},{"acf_fc_layout":"ctabanner","title":"'In the past, we only believed that we had gotten better. Today, with the help of data, we know that we actually increased performance by 10% to 15%.'","intro":"J\u00fcrgen G\u00f6ddecke, CEO G\u00f6ddecke Textilpflege","link":"","heading_type":"h2","heading":"h2","layout_background_image":"","background_color":"","text_color":"","padding":{"top":"m","bottom":"m"},"title-transition":{"has_transition":false,"transition_type":"none","transition_offset":"","transition_delay":0},"intro-transition":{"has_transition":false,"transition_type":"none","transition_offset":"","transition_delay":0},"buttons-transition":{"has_transition":false,"transition_type":"none","transition_offset":"","transition_delay":0},"layout_custom_css":null}]},"yoast_head":"<!-- This site is optimized with the Yoast SEO plugin v27.0 - https:\/\/yoast.com\/product\/yoast-seo-wordpress\/ -->\n<title>Case G\u00f6ddecke Textilpflege Olsberg, Germany - Laundry Dashboard<\/title>\n<meta name=\"description\" content=\"With Laundry Dashboard&#039;s software, the customer has the ability to combine production data with the calculation of cost prices for financial management.\" \/>\n<meta name=\"robots\" content=\"index, follow, max-snippet:-1, max-image-preview:large, max-video-preview:-1\" \/>\n<link rel=\"canonical\" href=\"https:\/\/laundrydashboard.com\/nl\/casussen\/casus-goddecke-textilpflege-olsberg-duitsland\/\" \/>\n<meta property=\"og:locale\" content=\"en_US\" \/>\n<meta property=\"og:type\" content=\"article\" \/>\n<meta property=\"og:title\" content=\"Case G\u00f6ddecke Textilpflege Olsberg, Germany - Laundry Dashboard\" \/>\n<meta property=\"og:description\" content=\"With Laundry Dashboard&#039;s software, the customer has the ability to combine production data with the calculation of cost prices for financial management.\" \/>\n<meta property=\"og:url\" content=\"https:\/\/laundrydashboard.com\/nl\/casussen\/casus-goddecke-textilpflege-olsberg-duitsland\/\" \/>\n<meta property=\"og:site_name\" content=\"Laundry Dashboard\" \/>\n<meta property=\"article:modified_time\" content=\"2022-10-07T11:31:08+00:00\" \/>\n<meta name=\"twitter:card\" content=\"summary_large_image\" \/>\n<script type=\"application\/ld+json\" class=\"yoast-schema-graph\">{\"@context\":\"https:\/\/schema.org\",\"@graph\":[{\"@type\":\"WebPage\",\"@id\":\"https:\/\/laundrydashboard.com\/nl\/casussen\/casus-goddecke-textilpflege-olsberg-duitsland\/\",\"url\":\"https:\/\/laundrydashboard.com\/nl\/casussen\/casus-goddecke-textilpflege-olsberg-duitsland\/\",\"name\":\"Case G\u00f6ddecke Textilpflege Olsberg, Germany - Laundry Dashboard\",\"isPartOf\":{\"@id\":\"https:\/\/laundrydashboard.com\/nl\/#website\"},\"datePublished\":\"2021-07-22T12:56:42+00:00\",\"dateModified\":\"2022-10-07T11:31:08+00:00\",\"description\":\"With Laundry Dashboard's software, the customer has the ability to combine production data with the calculation of cost prices for financial management.\",\"breadcrumb\":{\"@id\":\"https:\/\/laundrydashboard.com\/nl\/casussen\/casus-goddecke-textilpflege-olsberg-duitsland\/#breadcrumb\"},\"inLanguage\":\"en-US\",\"potentialAction\":[{\"@type\":\"ReadAction\",\"target\":[\"https:\/\/laundrydashboard.com\/nl\/casussen\/casus-goddecke-textilpflege-olsberg-duitsland\/\"]}]},{\"@type\":\"BreadcrumbList\",\"@id\":\"https:\/\/laundrydashboard.com\/nl\/casussen\/casus-goddecke-textilpflege-olsberg-duitsland\/#breadcrumb\",\"itemListElement\":[{\"@type\":\"ListItem\",\"position\":1,\"name\":\"Home\",\"item\":\"https:\/\/www.laundrydashboard.com\/en\/\"},{\"@type\":\"ListItem\",\"position\":2,\"name\":\"Cases\",\"item\":\"https:\/\/www.laundrydashboard.com\/en\/cases\/\"},{\"@type\":\"ListItem\",\"position\":3,\"name\":\"Case G\u00f6ddecke Textilpflege Olsberg, Germany\"}]},{\"@type\":\"WebSite\",\"@id\":\"https:\/\/laundrydashboard.com\/nl\/#website\",\"url\":\"https:\/\/laundrydashboard.com\/nl\/\",\"name\":\"Laundry Dashboard\",\"description\":\"\",\"potentialAction\":[{\"@type\":\"SearchAction\",\"target\":{\"@type\":\"EntryPoint\",\"urlTemplate\":\"https:\/\/laundrydashboard.com\/nl\/?s={search_term_string}\"},\"query-input\":{\"@type\":\"PropertyValueSpecification\",\"valueRequired\":true,\"valueName\":\"search_term_string\"}}],\"inLanguage\":\"en-US\"}]}<\/script>\n<!-- \/ Yoast SEO plugin. -->","yoast_head_json":{"title":"Case G\u00f6ddecke Textilpflege Olsberg, Germany - Laundry Dashboard","description":"With Laundry Dashboard's software, the customer has the ability to combine production data with the calculation of cost prices for financial management.","robots":{"index":"index","follow":"follow","max-snippet":"max-snippet:-1","max-image-preview":"max-image-preview:large","max-video-preview":"max-video-preview:-1"},"canonical":"https:\/\/laundrydashboard.com\/nl\/casussen\/casus-goddecke-textilpflege-olsberg-duitsland\/","og_locale":"en_US","og_type":"article","og_title":"Case G\u00f6ddecke Textilpflege Olsberg, Germany - Laundry Dashboard","og_description":"With Laundry Dashboard's software, the customer has the ability to combine production data with the calculation of cost prices for financial management.","og_url":"https:\/\/laundrydashboard.com\/nl\/casussen\/casus-goddecke-textilpflege-olsberg-duitsland\/","og_site_name":"Laundry Dashboard","article_modified_time":"2022-10-07T11:31:08+00:00","twitter_card":"summary_large_image","schema":{"@context":"https:\/\/schema.org","@graph":[{"@type":"WebPage","@id":"https:\/\/laundrydashboard.com\/nl\/casussen\/casus-goddecke-textilpflege-olsberg-duitsland\/","url":"https:\/\/laundrydashboard.com\/nl\/casussen\/casus-goddecke-textilpflege-olsberg-duitsland\/","name":"Case G\u00f6ddecke Textilpflege Olsberg, Germany - Laundry Dashboard","isPartOf":{"@id":"https:\/\/laundrydashboard.com\/nl\/#website"},"datePublished":"2021-07-22T12:56:42+00:00","dateModified":"2022-10-07T11:31:08+00:00","description":"With Laundry Dashboard's software, the customer has the ability to combine production data with the calculation of cost prices for financial management.","breadcrumb":{"@id":"https:\/\/laundrydashboard.com\/nl\/casussen\/casus-goddecke-textilpflege-olsberg-duitsland\/#breadcrumb"},"inLanguage":"en-US","potentialAction":[{"@type":"ReadAction","target":["https:\/\/laundrydashboard.com\/nl\/casussen\/casus-goddecke-textilpflege-olsberg-duitsland\/"]}]},{"@type":"BreadcrumbList","@id":"https:\/\/laundrydashboard.com\/nl\/casussen\/casus-goddecke-textilpflege-olsberg-duitsland\/#breadcrumb","itemListElement":[{"@type":"ListItem","position":1,"name":"Home","item":"https:\/\/www.laundrydashboard.com\/en\/"},{"@type":"ListItem","position":2,"name":"Cases","item":"https:\/\/www.laundrydashboard.com\/en\/cases\/"},{"@type":"ListItem","position":3,"name":"Case G\u00f6ddecke Textilpflege Olsberg, Germany"}]},{"@type":"WebSite","@id":"https:\/\/laundrydashboard.com\/nl\/#website","url":"https:\/\/laundrydashboard.com\/nl\/","name":"Laundry Dashboard","description":"","potentialAction":[{"@type":"SearchAction","target":{"@type":"EntryPoint","urlTemplate":"https:\/\/laundrydashboard.com\/nl\/?s={search_term_string}"},"query-input":{"@type":"PropertyValueSpecification","valueRequired":true,"valueName":"search_term_string"}}],"inLanguage":"en-US"}]}},"_links":{"self":[{"href":"https:\/\/laundrydashboard.com\/en\/wp-json\/wp\/v2\/pages\/3453","targetHints":{"allow":["GET"]}}],"collection":[{"href":"https:\/\/laundrydashboard.com\/en\/wp-json\/wp\/v2\/pages"}],"about":[{"href":"https:\/\/laundrydashboard.com\/en\/wp-json\/wp\/v2\/types\/page"}],"author":[{"embeddable":true,"href":"https:\/\/laundrydashboard.com\/en\/wp-json\/wp\/v2\/users\/5"}],"replies":[{"embeddable":true,"href":"https:\/\/laundrydashboard.com\/en\/wp-json\/wp\/v2\/comments?post=3453"}],"version-history":[{"count":8,"href":"https:\/\/laundrydashboard.com\/en\/wp-json\/wp\/v2\/pages\/3453\/revisions"}],"predecessor-version":[{"id":3804,"href":"https:\/\/laundrydashboard.com\/en\/wp-json\/wp\/v2\/pages\/3453\/revisions\/3804"}],"up":[{"embeddable":true,"href":"https:\/\/laundrydashboard.com\/en\/wp-json\/wp\/v2\/pages\/1177"}],"wp:attachment":[{"href":"https:\/\/laundrydashboard.com\/en\/wp-json\/wp\/v2\/media?parent=3453"}],"curies":[{"name":"wp","href":"https:\/\/api.w.org\/{rel}","templated":true}]}}