{"id":1060,"date":"2018-12-13T11:09:31","date_gmt":"2018-12-13T10:09:31","guid":{"rendered":"https:\/\/ldb.spankracht-acceptatie.nl\/home\/"},"modified":"2024-09-26T14:42:33","modified_gmt":"2024-09-26T13:42:33","slug":"home","status":"publish","type":"page","link":"https:\/\/laundrydashboard.com\/fr\/","title":{"rendered":"Home"},"content":{"rendered":"","protected":false},"excerpt":{"rendered":"","protected":false},"author":1,"featured_media":0,"parent":0,"menu_order":0,"comment_status":"closed","ping_status":"closed","template":"","meta":{"_acf_changed":false,"footnotes":""},"class_list":["post-1060","page","type-page","status-publish","hentry"],"acf":{"flexible_content":[{"acf_fc_layout":"pageheader_default","header_media":"image","color_overlay":"rgba(0,0,0,0.3)","platform_choice":"image","video":"","upload_video_file":null,"desktop":{"header_size":"fullscreen","fullscreen":"{\"original_image\":\"912\",\"cropped_image\":{\"image\":\"2024\/03\/laundry-dashboard-tablet_large_1600x900_acf_cropped.jpg\",\"preview\":\"2024\/03\/preview_laundry-dashboard-tablet_large_1600x900_acf_cropped.jpg\"}}","large":null,"small":null},"mobile":{"header_size":"fullscreen","fullscreen":"{\"original_image\":\"912\",\"cropped_image\":{\"image\":\"2024\/03\/laundry-dashboard-tablet_large_510x686_acf_cropped-2.jpg\",\"preview\":\"2024\/03\/preview_laundry-dashboard-tablet_large_510x686_acf_cropped-2.jpg\"}}","large":null,"small":null},"pre_title":"","header_title":"D\u00e9couvrez le potentiel cach\u00e9 de votre blanchisserie","header_intro":"La solution IT avec laquelle la productivit\u00e9 augmente de 4 \u00e0 23%","header_btn-primary":{"header_btn-color":"is-primary","header_btn":""},"header_btn-secondary":{"header_btn-color":"is-primary","header_btn":""},"header_btn-video":{"header_btn-color":"is-primary","header_btn":""},"heading_type":"h2","heading":"h1","text_color":"#ffffff","text_shadow":false,"header_height":100,"horizontal_header_padding":"","layout_custom_css":""},{"acf_fc_layout":"blurbs","pre_title":"","title":"De l\u2019inspiration au rendement","intro":"Quand l\u2019esprit d\u2019\u00e9quipe et l\u2019automatisation intelligente se rencontrent, on obtient quelque chose de beau. Laundry Dashboard apporte des informations uniques dans la blanchisserie. Dans la meilleure blanchisserie, cela donne m\u00eame lieu \u00e0 des am\u00e9liorations inspirantes.","buttons":[{"link":""}],"items":[{"icon":"far fa-chart-line","title":"1. Relevez le d\u00e9fi","desc":"Quelle que soit la qualit\u00e9 de la productivit\u00e9, on peut encore mieux faire. Relevez le d\u00e9fi.","link":""},{"icon":"far fa-database","title":"2. Commandez en fonction des donn\u00e9es","desc":"Surveillez votre blanchisserie comme jamais auparavant et d\u00e9couvrez ce qui se passe.","link":""},{"icon":"far fa-random","title":"3. Am\u00e9liorez ensemble","desc":"Les blanchisseries professionnelles r\u00e9alisent un gain de performance de 4 \u00e0 23%.","link":""}],"heading_type":"h2","heading":"h2","text_color":"","padding":{"top":"l","bottom":"s"},"layout_bg_show_image":false,"background_color":"","layout_bg_overlay":"","layout_bg_image_desktop":null,"layout_bg_position_desktop":"center","layout_bg_image_mobile":null,"layout_bg_position_mobile":"center","pre-title-transition":{"has_transition":false,"transition_type":"none","transition_offset":0,"transition_delay":0},"title-transition":{"has_transition":false,"transition_type":"none","transition_offset":"","transition_delay":0},"intro-transition":{"has_transition":false,"transition_type":"none","transition_offset":"","transition_delay":0},"text-transition":{"has_transition":false,"transition_type":"none","transition_offset":"","transition_delay":0},"buttons-transition":{"has_transition":false,"transition_type":"none","transition_offset":"","transition_delay":0},"layout_custom_css":""},{"acf_fc_layout":"wysiwyg","pre_title":"","title":"","intro":"","content":"<img class=\"aligncenter wp-image-951 size-large\" src=\"https:\/\/www.laundrydashboard.com\/wp-content\/uploads\/2020\/07\/laundry-dashboard-screens-1024x713.png\" alt=\"Laundry Dashboard Screens\" width=\"1024\" height=\"713\" \/>\r\n<p style=\"text-align: center;\"><a href=\"https:\/\/www.laundrydashboard.com\/fr\/solution\/\">Voir la solution<\/a><\/p>","buttons":null,"heading_type":"h2","heading":"h1","layout_text_align":"centered","layout_textbox_size":"8","text_color":"","padding":{"top":"0","bottom":"m"},"layout_bg_show_image":false,"background_color":"","layout_bg_overlay":"","layout_bg_image_desktop":null,"layout_bg_position_desktop":"center","layout_bg_image_mobile":null,"layout_bg_position_mobile":"center","pre-title-transition":{"has_transition":false,"transition_type":"none","transition_offset":0,"transition_delay":0},"title-transition":{"has_transition":false,"transition_type":"none","transition_offset":"","transition_delay":0},"intro-transition":{"has_transition":false,"transition_type":"none","transition_offset":"","transition_delay":0},"text-transition":{"has_transition":false,"transition_type":"none","transition_offset":"","transition_delay":0},"layout_custom_css":""},{"acf_fc_layout":"ctabanner","title":"\"Je ne peux pas imaginer une journ\u00e9e sans tableau de bord de blanchisserie dans ma buanderie. Cela donne une direction \u00e0 tout ce que nous faisons.\"","intro":"S\u00f8ren Fuglsang-Gram (Centralvaskeriet, Denemarken)","link":{"title":"Lire les cach\u00e9","url":"\/fr\/cases","target":""},"heading_type":"h2","heading":"h2","layout_background_image":"","background_color":"","text_color":"","padding":{"top":"m","bottom":"m"},"title-transition":{"has_transition":false,"transition_type":"none","transition_offset":"","transition_delay":0},"intro-transition":{"has_transition":false,"transition_type":"none","transition_offset":"","transition_delay":0},"buttons-transition":{"has_transition":false,"transition_type":"none","transition_offset":"","transition_delay":0},"layout_custom_css":""},{"acf_fc_layout":"feature","pre_title":"","title":"Faites aussi le test !","intro":"<div id=\"u46\" class=\"ax_default paragraph\">\r\n<div id=\"u46_text\" class=\"text \">\r\n\r\nSi vous \u00eates int\u00e9ress\u00e9 par le fonctionnement de Laundry en pratique dans votre blanchisserie ; soyez convaincu gr\u00e2ce \u00e0 notre test unique. Le configuration de test peut facilement \u00eatre install\u00e9 par vous-m\u00eame.\r\n<ul>\r\n \t<li>Disponible dans les 3 semaines<\/li>\r\n \t<li>Plug &amp; play<\/li>\r\n \t<li>Formation gratuite<\/li>\r\n \t<li>R\u00e9sultat direct<\/li>\r\n \t<li>Pas de frais de licence pendant 3 mois<\/li>\r\n \t<li>Pas content, argent rembours\u00e9<\/li>\r\n<\/ul>\r\n<\/div>\r\n<\/div>","buttons":[{"link":{"title":"Contact","url":"\/fr\/contact\/","target":""}}],"media":{"choice":"image","toggle":false,"chosen_element":"","attributes":{"horizontal":"","vertical":"","custom_style_element_size":false,"min_element_size":"","style_element_size":50,"max_element_size":""},"image":"{\"original_image\":\"1950\",\"cropped_image\":{\"image\":\"2024\/09\/zuil-aanvraag-fr_x_acf_cropped.jpg\",\"preview\":\"2024\/09\/preview_zuil-aanvraag-fr_x_acf_cropped.jpg\"}}","platform":"vimeo","autoplay_toggle":false,"vimeo":"","youtube":"","upload_video_file":null},"type":"right","vertical_alignment":"top","heading_type":"h2","heading":"h1","text_color":"","padding":{"top":"m","bottom":"m"},"layout_bg_show_image":false,"background_color":"","layout_bg_overlay":"","layout_bg_image_desktop":null,"layout_bg_position_desktop":"center","layout_bg_image_mobile":null,"layout_bg_position_mobile":"center","title-transition":{"has_transition":false,"transition_type":"none","transition_offset":"","transition_delay":0},"intro-transition":{"has_transition":false,"transition_type":"none","transition_offset":"","transition_delay":0},"image-transition":{"has_transition":false,"transition_type":"none","transition_offset":"","transition_delay":0},"buttons-transition":{"has_transition":false,"transition_type":"none","transition_offset":"","transition_delay":0},"layout_custom_css":""}]},"yoast_head":"<!-- This site is optimized with the Yoast SEO plugin v27.0 - https:\/\/yoast.com\/product\/yoast-seo-wordpress\/ -->\n<title>Home - Laundry Dashboard<\/title>\n<meta name=\"robots\" content=\"index, follow, max-snippet:-1, max-image-preview:large, max-video-preview:-1\" \/>\n<link rel=\"canonical\" href=\"https:\/\/laundrydashboard.com\/fr\/\" \/>\n<meta property=\"og:locale\" content=\"fr_FR\" \/>\n<meta property=\"og:type\" content=\"article\" \/>\n<meta property=\"og:title\" content=\"Home - Laundry Dashboard\" \/>\n<meta property=\"og:url\" content=\"https:\/\/laundrydashboard.com\/fr\/\" \/>\n<meta property=\"og:site_name\" content=\"Laundry Dashboard\" \/>\n<meta property=\"article:modified_time\" content=\"2024-09-26T13:42:33+00:00\" \/>\n<meta name=\"twitter:card\" content=\"summary_large_image\" \/>\n<meta name=\"twitter:label1\" content=\"Est. reading time\" \/>\n\t<meta name=\"twitter:data1\" content=\"2 minutes\" \/>\n<script type=\"application\/ld+json\" class=\"yoast-schema-graph\">{\"@context\":\"https:\/\/schema.org\",\"@graph\":[{\"@type\":\"WebPage\",\"@id\":\"https:\/\/laundrydashboard.com\/fr\/\",\"url\":\"https:\/\/laundrydashboard.com\/fr\/\",\"name\":\"Home - Laundry Dashboard\",\"isPartOf\":{\"@id\":\"https:\/\/laundrydashboard.com\/nl\/#website\"},\"datePublished\":\"2018-12-13T10:09:31+00:00\",\"dateModified\":\"2024-09-26T13:42:33+00:00\",\"breadcrumb\":{\"@id\":\"https:\/\/laundrydashboard.com\/fr\/#breadcrumb\"},\"inLanguage\":\"fr-FR\",\"potentialAction\":[{\"@type\":\"ReadAction\",\"target\":[\"https:\/\/laundrydashboard.com\/fr\/\"]}]},{\"@type\":\"BreadcrumbList\",\"@id\":\"https:\/\/laundrydashboard.com\/fr\/#breadcrumb\",\"itemListElement\":[{\"@type\":\"ListItem\",\"position\":1,\"name\":\"Home\",\"item\":\"https:\/\/laundrydashboard.com\/fr\/\"},{\"@type\":\"ListItem\",\"position\":2,\"name\":\"Home\"}]},{\"@type\":\"WebSite\",\"@id\":\"https:\/\/laundrydashboard.com\/nl\/#website\",\"url\":\"https:\/\/laundrydashboard.com\/nl\/\",\"name\":\"Laundry Dashboard\",\"description\":\"\",\"potentialAction\":[{\"@type\":\"SearchAction\",\"target\":{\"@type\":\"EntryPoint\",\"urlTemplate\":\"https:\/\/laundrydashboard.com\/nl\/?s={search_term_string}\"},\"query-input\":{\"@type\":\"PropertyValueSpecification\",\"valueRequired\":true,\"valueName\":\"search_term_string\"}}],\"inLanguage\":\"fr-FR\"}]}<\/script>\n<!-- \/ Yoast SEO plugin. -->","yoast_head_json":{"title":"Home - Laundry Dashboard","robots":{"index":"index","follow":"follow","max-snippet":"max-snippet:-1","max-image-preview":"max-image-preview:large","max-video-preview":"max-video-preview:-1"},"canonical":"https:\/\/laundrydashboard.com\/fr\/","og_locale":"fr_FR","og_type":"article","og_title":"Home - Laundry Dashboard","og_url":"https:\/\/laundrydashboard.com\/fr\/","og_site_name":"Laundry Dashboard","article_modified_time":"2024-09-26T13:42:33+00:00","twitter_card":"summary_large_image","twitter_misc":{"Est. reading time":"2 minutes"},"schema":{"@context":"https:\/\/schema.org","@graph":[{"@type":"WebPage","@id":"https:\/\/laundrydashboard.com\/fr\/","url":"https:\/\/laundrydashboard.com\/fr\/","name":"Home - Laundry Dashboard","isPartOf":{"@id":"https:\/\/laundrydashboard.com\/nl\/#website"},"datePublished":"2018-12-13T10:09:31+00:00","dateModified":"2024-09-26T13:42:33+00:00","breadcrumb":{"@id":"https:\/\/laundrydashboard.com\/fr\/#breadcrumb"},"inLanguage":"fr-FR","potentialAction":[{"@type":"ReadAction","target":["https:\/\/laundrydashboard.com\/fr\/"]}]},{"@type":"BreadcrumbList","@id":"https:\/\/laundrydashboard.com\/fr\/#breadcrumb","itemListElement":[{"@type":"ListItem","position":1,"name":"Home","item":"https:\/\/laundrydashboard.com\/fr\/"},{"@type":"ListItem","position":2,"name":"Home"}]},{"@type":"WebSite","@id":"https:\/\/laundrydashboard.com\/nl\/#website","url":"https:\/\/laundrydashboard.com\/nl\/","name":"Laundry Dashboard","description":"","potentialAction":[{"@type":"SearchAction","target":{"@type":"EntryPoint","urlTemplate":"https:\/\/laundrydashboard.com\/nl\/?s={search_term_string}"},"query-input":{"@type":"PropertyValueSpecification","valueRequired":true,"valueName":"search_term_string"}}],"inLanguage":"fr-FR"}]}},"_links":{"self":[{"href":"https:\/\/laundrydashboard.com\/fr\/wp-json\/wp\/v2\/pages\/1060","targetHints":{"allow":["GET"]}}],"collection":[{"href":"https:\/\/laundrydashboard.com\/fr\/wp-json\/wp\/v2\/pages"}],"about":[{"href":"https:\/\/laundrydashboard.com\/fr\/wp-json\/wp\/v2\/types\/page"}],"author":[{"embeddable":true,"href":"https:\/\/laundrydashboard.com\/fr\/wp-json\/wp\/v2\/users\/1"}],"replies":[{"embeddable":true,"href":"https:\/\/laundrydashboard.com\/fr\/wp-json\/wp\/v2\/comments?post=1060"}],"version-history":[{"count":32,"href":"https:\/\/laundrydashboard.com\/fr\/wp-json\/wp\/v2\/pages\/1060\/revisions"}],"predecessor-version":[{"id":5158,"href":"https:\/\/laundrydashboard.com\/fr\/wp-json\/wp\/v2\/pages\/1060\/revisions\/5158"}],"wp:attachment":[{"href":"https:\/\/laundrydashboard.com\/fr\/wp-json\/wp\/v2\/media?parent=1060"}],"curies":[{"name":"wp","href":"https:\/\/api.w.org\/{rel}","templated":true}]}}