{"id":1124,"date":"2020-07-22T08:33:37","date_gmt":"2020-07-22T07:33:37","guid":{"rendered":"https:\/\/ldb.spankracht-acceptatie.nl\/oplossing\/"},"modified":"2025-12-12T10:29:59","modified_gmt":"2025-12-12T09:29:59","slug":"solution","status":"publish","type":"page","link":"https:\/\/laundrydashboard.com\/fr\/solution\/","title":{"rendered":"Solution"},"content":{"rendered":"","protected":false},"excerpt":{"rendered":"","protected":false},"author":1,"featured_media":0,"parent":0,"menu_order":0,"comment_status":"closed","ping_status":"closed","template":"","meta":{"_acf_changed":false,"footnotes":""},"class_list":["post-1124","page","type-page","status-publish","hentry"],"acf":{"flexible_content":[{"acf_fc_layout":"pageheader_default","header_media":"image","color_overlay":"rgba(0,0,0,0.3)","platform_choice":"image","video":"","upload_video_file":null,"desktop":{"header_size":"large","fullscreen":null,"large":"{\"original_image\":\"5001\",\"cropped_image\":{\"image\":\"2024\/03\/man-laundry_1600x700_acf_cropped-1_1600x700_acf_cropped-1.jpg\",\"preview\":\"2024\/03\/preview_man-laundry_1600x700_acf_cropped-1_1600x700_acf_cropped-1.jpg\"}}","small":null},"mobile":{"header_size":"large","fullscreen":null,"large":"{\"original_image\":\"5001\",\"cropped_image\":{\"image\":\"2024\/03\/man-laundry_1600x700_acf_cropped-1_450x420_acf_cropped-2.jpg\",\"preview\":\"2024\/03\/preview_man-laundry_1600x700_acf_cropped-1_450x420_acf_cropped-2.jpg\"}}","small":null},"pre_title":"","header_title":"Donnez de nouvelles connaissances \u00e0 votre \u00e9quipe","header_intro":"","header_btn-primary":{"header_btn-color":"is-primary","header_btn":""},"header_btn-secondary":{"header_btn-color":"is-primary","header_btn":""},"header_btn-video":{"header_btn-color":"is-primary","header_btn":""},"heading_type":"h2","heading":"h1","text_color":"#ffffff","text_shadow":false,"header_height":100,"horizontal_header_padding":"none","layout_custom_css":""},{"acf_fc_layout":"feature","pre_title":"","title":"","intro":"Laundry Dashboard vous aide \u00e0 augmenter le rendement en vous permettant de mieux comprendre les variables. La connectivit\u00e9 est de ce fait le mot-cl\u00e9. Laundry Dashboard recueille notamment des donn\u00e9es du processus de production et d\u2019autres syst\u00e8mes.\r\nSur des tableaux de bord synoptiques, vous voyez les performances de base. En temps r\u00e9el. Des exemples ? La production par heure \/ par \u00e9quipe, comparer la production \u00e0 la norme (que vous avez d\u00e9finie), le d\u00e9roulement de la production d\u2019une machine pendant la journ\u00e9e, la performance moyenne du collaborateur, la consommation de gaz, d\u2019\u00e9lectricit\u00e9, d\u2019eau, par rapport \u00e0 la production totale de la blanchisserie, l\u2019efficacit\u00e9 globale de l\u2019\u00e9quipement en machines, etc.","buttons":null,"media":{"choice":"image","toggle":false,"chosen_element":"","attributes":{"horizontal":"","vertical":"","custom_style_element_size":false,"min_element_size":"","style_element_size":50,"max_element_size":""},"image":"{\"original_image\":\"1557\",\"cropped_image\":\"1557\"}","platform":"vimeo","autoplay_toggle":false,"vimeo":"","youtube":"","upload_video_file":null},"type":"left","vertical_alignment":"top","heading_type":"h2","heading":"h2","text_color":"","padding":{"top":"m","bottom":"m"},"layout_bg_show_image":false,"background_color":"","layout_bg_overlay":"","layout_bg_image_desktop":null,"layout_bg_position_desktop":"center","layout_bg_image_mobile":null,"layout_bg_position_mobile":"center","title-transition":{"has_transition":false,"transition_type":"none","transition_offset":"","transition_delay":0},"intro-transition":{"has_transition":false,"transition_type":"none","transition_offset":"","transition_delay":0},"image-transition":{"has_transition":false,"transition_type":"none","transition_offset":"","transition_delay":0},"buttons-transition":{"has_transition":false,"transition_type":"none","transition_offset":"","transition_delay":0},"layout_custom_css":""},{"acf_fc_layout":"grid","pre_title":"","title":"D\u00e9couvrez le potentiel cach\u00e9","intro":"","layout_columns":"three","photo_format":"rectangle","show_readmore_link":false,"blocks":[{"image":"{\"original_image\":\"699\",\"cropped_image\":\"699\"}","title":"Ressources","intro":"Vous savez \u00e9videmment combien de gaz, d\u2019eau et d\u2019\u00e9lectricit\u00e9 vous consommez dans la blanchisserie. Dans les grandes lignes. Mais qu\u2019en est-il des pics, des diminutions et des inefficacit\u00e9s ? Pour quelle machine, \u00e0 quel moment, pour quel type de linge et pour quel client ?","link":""},{"image":"{\"original_image\":\"698\",\"cropped_image\":\"698\"}","title":"Productivit\u00e9","intro":"Vous disposez de machines modernes et d\u2019un personnel motiv\u00e9. Vous savez ce dont ils sont capables. Vos machines tournent \u00e0 plein rendement et vos collaborateurs travaillent dur. Mais \u00e0 quel moment le processus cause-t-il un retard ou m\u00eame un arr\u00eat ? Quelle productivit\u00e9 est perdue sans qu\u2019on le remarque ? Le savez-vous pr\u00e9cis\u00e9ment ?","link":""},{"image":"{\"original_image\":\"697\",\"cropped_image\":\"697\"}","title":"Ventes","intro":"Vous avez des relations \u00e0 long terme. Des contrats qui garantissent le chiffre d\u2019affaires. Des clients que vous ch\u00e9rissez. Mais qu\u2019est-ce qu\u2019ils vous rapportent vraiment ? Quelle est l\u2019efficience du passage du linge d\u2019un client sp\u00e9cifique dans votre blanchisserie ? A quelle pr\u00e9cision pouvez-vous calculer \u2013 et quelles commandes vous co\u00fbtent de l\u2019argent ?","link":""}],"heading_type":"h2","heading":"h1","layout_text_align":"centered","text_color":"","block_styling":{"hover_shadow":true,"block_outline":true},"padding":{"top":"m","bottom":"m"},"layout_bg_show_image":false,"background_color":"","layout_bg_overlay":"","layout_bg_image_desktop":null,"layout_bg_position_desktop":"center","layout_bg_image_mobile":null,"layout_bg_position_mobile":"center","pre-title-transition":{"has_transition":false,"transition_type":"none","transition_offset":0,"transition_delay":0},"title-transition":{"has_transition":false,"transition_type":"none","transition_offset":"","transition_delay":0},"intro-transition":{"has_transition":false,"transition_type":"none","transition_offset":"","transition_delay":0},"text-transition":{"has_transition":false,"transition_type":"none","transition_offset":"","transition_delay":0},"layout_custom_css":""},{"acf_fc_layout":"ctabanner","title":"Sachez simplement vos performances: pour 4% de productivit\u00e9 en plus","intro":"(et cela peut aller jusqu'\u00e0 23%!)","link":"","heading_type":"h2","heading":"h2","layout_background_image":"","background_color":"","text_color":"","padding":{"top":"m","bottom":"m"},"title-transition":{"has_transition":false,"transition_type":"none","transition_offset":"","transition_delay":0},"intro-transition":{"has_transition":false,"transition_type":"none","transition_offset":"","transition_delay":0},"buttons-transition":{"has_transition":false,"transition_type":"none","transition_offset":"","transition_delay":0},"layout_custom_css":""},{"acf_fc_layout":"features-simple","title":"","items":[{"icon":"","title":"Capacit\u00e9 de production","desc":"Gr\u00e2ce aux informations de Laundry Dashboard, vous pouvez investir de mani\u00e8re cibl\u00e9e dans les machines et dans les capacit\u00e9s humaines. ","link":""},{"icon":"","title":"Compr\u00e9hension de l\u2019efficacit\u00e9 globale de l\u2019\u00e9quipement","desc":"Vous apprenez \u00e0 comprendre l\u2019efficacit\u00e9 globale de l\u2019\u00e9quipement de vos machines. Vous identifiez ainsi efficacement les pertes et les possibilit\u00e9s d\u2019am\u00e9lioration.","link":""},{"icon":"","title":"Rendement client","desc":"Des relations fid\u00e8les et des perspectives prometteuses. Contribuent-elles vraiment \u00e0 votre rendement ? Vraiment ? Laundry Dashboard vous informe sur le rendement client, jusqu\u2019au kg pr\u00e8s.","link":""},{"icon":"","title":"Etalonnage","desc":"Si vous avez plusieurs sites, vous pouvez effectuer des \u00e9talonnages r\u00e9ciproques dans Laundry Dashboard. La comparaison des performances donne lieu \u00e0 une nouvelle compr\u00e9hension.","link":""},{"icon":"","title":"Entretiens d\u2019\u00e9valuation","desc":"Les informations de Laundry Dashboard sont toujours objectives. Et elles constituent \u00e9galement de ce fait un excellent point de d\u00e9part pour les entretiens d\u2019\u00e9valuation avec les employ\u00e9s.","link":""},{"icon":"","title":"Empreinte \u00e9cologique","desc":"R\u00e9duisez votre empreinte \u00e9cologique \u00e0 l\u2019aide de Laundry Dashboard. Vous pouvez d\u00e9sormais apporter des corrections tr\u00e8s pr\u00e9cises sur base des donn\u00e9es de consommations en temps r\u00e9el.","link":""}],"heading_type":"h2","heading":"h1","text_color":"","item_h_type":"h3","padding":{"top":"m","bottom":"m"},"layout_bg_show_image":false,"background_color":"","layout_bg_overlay":"","layout_bg_image_desktop":null,"layout_bg_position_desktop":"center","layout_bg_image_mobile":null,"layout_bg_position_mobile":"center","title-transition":{"has_transition":false,"transition_type":"none","transition_offset":"","transition_delay":0},"text-transition":{"has_transition":false,"transition_type":"none","transition_offset":"","transition_delay":0},"layout_custom_css":""},{"acf_fc_layout":"feature","pre_title":"","title":"Faites aussi le test !","intro":"Si vous \u00eates int\u00e9ress\u00e9 par le fonctionnement de Laundry en pratique dans votre blanchisserie ; soyez convaincu gr\u00e2ce \u00e0 notre test unique. Le configuration de test peut facilement \u00eatre install\u00e9 par vous-m\u00eame.\r\n<ul>\r\n \t<li>Disponible dans les 3 semaines<\/li>\r\n \t<li>Plug &amp; play<\/li>\r\n \t<li>Formation gratuite<\/li>\r\n \t<li>R\u00e9sultat direct<\/li>\r\n \t<li>Pas de frais de licence pendant 3 mois<\/li>\r\n \t<li>Pas content, argent rembours\u00e9<\/li>\r\n<\/ul>","buttons":[{"link":{"title":"Contact","url":"\/fr\/contact\/","target":""}}],"media":{"choice":"image","toggle":false,"chosen_element":"","attributes":{"horizontal":"","vertical":"","custom_style_element_size":false,"min_element_size":"","style_element_size":50,"max_element_size":""},"image":"{\"original_image\":\"1950\",\"cropped_image\":\"1950\"}","platform":"vimeo","autoplay_toggle":false,"vimeo":"","youtube":"","upload_video_file":null},"type":"right","vertical_alignment":"top","heading_type":"h2","heading":"h1","text_color":"","padding":{"top":"m","bottom":"m"},"layout_bg_show_image":false,"background_color":"","layout_bg_overlay":"","layout_bg_image_desktop":null,"layout_bg_position_desktop":"center","layout_bg_image_mobile":null,"layout_bg_position_mobile":"center","title-transition":{"has_transition":false,"transition_type":"none","transition_offset":"","transition_delay":0},"intro-transition":{"has_transition":false,"transition_type":"none","transition_offset":"","transition_delay":0},"image-transition":{"has_transition":false,"transition_type":"none","transition_offset":"","transition_delay":0},"buttons-transition":{"has_transition":false,"transition_type":"none","transition_offset":"","transition_delay":0},"layout_custom_css":""}]},"yoast_head":"<!-- This site is optimized with the Yoast SEO plugin v27.0 - https:\/\/yoast.com\/product\/yoast-seo-wordpress\/ -->\n<title>Solution - Laundry Dashboard<\/title>\n<meta name=\"description\" content=\"Laundry Dashboard vous aide \u00e0 accro\u00eetre votre efficacit\u00e9 en vous donnant un aper\u00e7u des variables cl\u00e9s. Dans des tableaux de bord clairs, vous voyez les principales mesures de performance.\" \/>\n<meta name=\"robots\" content=\"index, follow, max-snippet:-1, max-image-preview:large, max-video-preview:-1\" \/>\n<link rel=\"canonical\" href=\"https:\/\/laundrydashboard.com\/fr\/solution\/\" \/>\n<meta property=\"og:locale\" content=\"fr_FR\" \/>\n<meta property=\"og:type\" content=\"article\" \/>\n<meta property=\"og:title\" content=\"Solution - Laundry Dashboard\" \/>\n<meta property=\"og:description\" content=\"Laundry Dashboard vous aide \u00e0 accro\u00eetre votre efficacit\u00e9 en vous donnant un aper\u00e7u des variables cl\u00e9s. Dans des tableaux de bord clairs, vous voyez les principales mesures de performance.\" \/>\n<meta property=\"og:url\" content=\"https:\/\/laundrydashboard.com\/fr\/solution\/\" \/>\n<meta property=\"og:site_name\" content=\"Laundry Dashboard\" \/>\n<meta property=\"article:modified_time\" content=\"2025-12-12T09:29:59+00:00\" \/>\n<meta name=\"twitter:card\" content=\"summary_large_image\" \/>\n<meta name=\"twitter:label1\" content=\"Est. reading time\" \/>\n\t<meta name=\"twitter:data1\" content=\"4 minutes\" \/>\n<script type=\"application\/ld+json\" class=\"yoast-schema-graph\">{\"@context\":\"https:\/\/schema.org\",\"@graph\":[{\"@type\":\"WebPage\",\"@id\":\"https:\/\/laundrydashboard.com\/fr\/solution\/\",\"url\":\"https:\/\/laundrydashboard.com\/fr\/solution\/\",\"name\":\"Solution - Laundry Dashboard\",\"isPartOf\":{\"@id\":\"https:\/\/laundrydashboard.com\/nl\/#website\"},\"datePublished\":\"2020-07-22T07:33:37+00:00\",\"dateModified\":\"2025-12-12T09:29:59+00:00\",\"description\":\"Laundry Dashboard vous aide \u00e0 accro\u00eetre votre efficacit\u00e9 en vous donnant un aper\u00e7u des variables cl\u00e9s. Dans des tableaux de bord clairs, vous voyez les principales mesures de performance.\",\"breadcrumb\":{\"@id\":\"https:\/\/laundrydashboard.com\/fr\/solution\/#breadcrumb\"},\"inLanguage\":\"fr-FR\",\"potentialAction\":[{\"@type\":\"ReadAction\",\"target\":[\"https:\/\/laundrydashboard.com\/fr\/solution\/\"]}]},{\"@type\":\"BreadcrumbList\",\"@id\":\"https:\/\/laundrydashboard.com\/fr\/solution\/#breadcrumb\",\"itemListElement\":[{\"@type\":\"ListItem\",\"position\":1,\"name\":\"Home\",\"item\":\"https:\/\/laundrydashboard.com\/fr\/\"},{\"@type\":\"ListItem\",\"position\":2,\"name\":\"Solution\"}]},{\"@type\":\"WebSite\",\"@id\":\"https:\/\/laundrydashboard.com\/nl\/#website\",\"url\":\"https:\/\/laundrydashboard.com\/nl\/\",\"name\":\"Laundry Dashboard\",\"description\":\"\",\"potentialAction\":[{\"@type\":\"SearchAction\",\"target\":{\"@type\":\"EntryPoint\",\"urlTemplate\":\"https:\/\/laundrydashboard.com\/nl\/?s={search_term_string}\"},\"query-input\":{\"@type\":\"PropertyValueSpecification\",\"valueRequired\":true,\"valueName\":\"search_term_string\"}}],\"inLanguage\":\"fr-FR\"}]}<\/script>\n<!-- \/ Yoast SEO plugin. -->","yoast_head_json":{"title":"Solution - Laundry Dashboard","description":"Laundry Dashboard vous aide \u00e0 accro\u00eetre votre efficacit\u00e9 en vous donnant un aper\u00e7u des variables cl\u00e9s. Dans des tableaux de bord clairs, vous voyez les principales mesures de performance.","robots":{"index":"index","follow":"follow","max-snippet":"max-snippet:-1","max-image-preview":"max-image-preview:large","max-video-preview":"max-video-preview:-1"},"canonical":"https:\/\/laundrydashboard.com\/fr\/solution\/","og_locale":"fr_FR","og_type":"article","og_title":"Solution - Laundry Dashboard","og_description":"Laundry Dashboard vous aide \u00e0 accro\u00eetre votre efficacit\u00e9 en vous donnant un aper\u00e7u des variables cl\u00e9s. Dans des tableaux de bord clairs, vous voyez les principales mesures de performance.","og_url":"https:\/\/laundrydashboard.com\/fr\/solution\/","og_site_name":"Laundry Dashboard","article_modified_time":"2025-12-12T09:29:59+00:00","twitter_card":"summary_large_image","twitter_misc":{"Est. reading time":"4 minutes"},"schema":{"@context":"https:\/\/schema.org","@graph":[{"@type":"WebPage","@id":"https:\/\/laundrydashboard.com\/fr\/solution\/","url":"https:\/\/laundrydashboard.com\/fr\/solution\/","name":"Solution - Laundry Dashboard","isPartOf":{"@id":"https:\/\/laundrydashboard.com\/nl\/#website"},"datePublished":"2020-07-22T07:33:37+00:00","dateModified":"2025-12-12T09:29:59+00:00","description":"Laundry Dashboard vous aide \u00e0 accro\u00eetre votre efficacit\u00e9 en vous donnant un aper\u00e7u des variables cl\u00e9s. Dans des tableaux de bord clairs, vous voyez les principales mesures de performance.","breadcrumb":{"@id":"https:\/\/laundrydashboard.com\/fr\/solution\/#breadcrumb"},"inLanguage":"fr-FR","potentialAction":[{"@type":"ReadAction","target":["https:\/\/laundrydashboard.com\/fr\/solution\/"]}]},{"@type":"BreadcrumbList","@id":"https:\/\/laundrydashboard.com\/fr\/solution\/#breadcrumb","itemListElement":[{"@type":"ListItem","position":1,"name":"Home","item":"https:\/\/laundrydashboard.com\/fr\/"},{"@type":"ListItem","position":2,"name":"Solution"}]},{"@type":"WebSite","@id":"https:\/\/laundrydashboard.com\/nl\/#website","url":"https:\/\/laundrydashboard.com\/nl\/","name":"Laundry Dashboard","description":"","potentialAction":[{"@type":"SearchAction","target":{"@type":"EntryPoint","urlTemplate":"https:\/\/laundrydashboard.com\/nl\/?s={search_term_string}"},"query-input":{"@type":"PropertyValueSpecification","valueRequired":true,"valueName":"search_term_string"}}],"inLanguage":"fr-FR"}]}},"_links":{"self":[{"href":"https:\/\/laundrydashboard.com\/fr\/wp-json\/wp\/v2\/pages\/1124","targetHints":{"allow":["GET"]}}],"collection":[{"href":"https:\/\/laundrydashboard.com\/fr\/wp-json\/wp\/v2\/pages"}],"about":[{"href":"https:\/\/laundrydashboard.com\/fr\/wp-json\/wp\/v2\/types\/page"}],"author":[{"embeddable":true,"href":"https:\/\/laundrydashboard.com\/fr\/wp-json\/wp\/v2\/users\/1"}],"replies":[{"embeddable":true,"href":"https:\/\/laundrydashboard.com\/fr\/wp-json\/wp\/v2\/comments?post=1124"}],"version-history":[{"count":32,"href":"https:\/\/laundrydashboard.com\/fr\/wp-json\/wp\/v2\/pages\/1124\/revisions"}],"predecessor-version":[{"id":5374,"href":"https:\/\/laundrydashboard.com\/fr\/wp-json\/wp\/v2\/pages\/1124\/revisions\/5374"}],"wp:attachment":[{"href":"https:\/\/laundrydashboard.com\/fr\/wp-json\/wp\/v2\/media?parent=1124"}],"curies":[{"name":"wp","href":"https:\/\/api.w.org\/{rel}","templated":true}]}}