{"id":1181,"date":"2020-07-22T10:10:23","date_gmt":"2020-07-22T09:10:23","guid":{"rendered":"https:\/\/ldb.spankracht-acceptatie.nl\/about\/"},"modified":"2024-09-19T10:20:18","modified_gmt":"2024-09-19T09:20:18","slug":"a-propos-de-nous","status":"publish","type":"page","link":"https:\/\/laundrydashboard.com\/fr\/a-propos-de-nous\/","title":{"rendered":"\u00c1 propos de nous"},"content":{"rendered":"","protected":false},"excerpt":{"rendered":"","protected":false},"author":4,"featured_media":0,"parent":0,"menu_order":0,"comment_status":"closed","ping_status":"closed","template":"","meta":{"_acf_changed":false,"footnotes":""},"class_list":["post-1181","page","type-page","status-publish","hentry"],"acf":{"flexible_content":[{"acf_fc_layout":"pageheader_default","header_media":"image","color_overlay":"rgba(0,0,0,0.3)","platform_choice":"image","video":"","upload_video_file":null,"desktop":{"header_size":"small","fullscreen":null,"large":null,"small":"{\"original_image\":\"5149\",\"cropped_image\":{\"image\":\"2024\/09\/WSP-PAND-1-scaled_1600x340_acf_cropped-2.jpg\",\"preview\":\"2024\/09\/preview_WSP-PAND-1-scaled_1600x340_acf_cropped-2.jpg\"}}"},"mobile":{"header_size":"small","fullscreen":null,"large":null,"small":"{\"original_image\":\"5149\",\"cropped_image\":{\"image\":\"2024\/09\/WSP-PAND-1-scaled_450x210_acf_cropped-2.jpg\",\"preview\":\"2024\/09\/preview_WSP-PAND-1-scaled_450x210_acf_cropped-2.jpg\"}}"},"pre_title":"","header_title":"","header_intro":"","header_btn-primary":{"header_btn-color":"is-primary","header_btn":""},"header_btn-secondary":{"header_btn-color":"is-primary","header_btn":""},"header_btn-video":{"header_btn-color":"is-primary","header_btn":""},"heading_type":"h2","heading":"h1","text_color":"#ffffff","text_shadow":false,"header_height":100,"horizontal_header_padding":"","layout_custom_css":""},{"acf_fc_layout":"wysiwyg","pre_title":"Laundry dashboard","title":"L\u2019addition des connaissances IT et de l\u2019exp\u00e9rience de la blanchisserie","intro":"Rendre visible le potentiel cach\u00e9. Les blanchisseries et leurs \u00e9quipes contribuent pleinement \u00e0 l\u2019am\u00e9lioration de la performance.","content":"Chez Laundry Dashboard, nous consid\u00e9rons que c\u2019est notre mission. Nous avons \u00e9t\u00e9 cr\u00e9\u00e9s par l\u2019int\u00e9grateur de syst\u00e8me <a href=\"https:\/\/www.wspsystems.com\/en\/\">WSP<\/a> et par le fournisseur de produits lessiviels <a href=\"https:\/\/www.christeyns.com\/fr\">Christeyns<\/a>. Nos solutions se basent d\u00e8s lors sur une connaissance approfondie des blanchisseries et une sp\u00e9cialisation IT.","buttons":null,"heading_type":"h2","heading":"h1","layout_text_align":"centered","layout_textbox_size":"8","text_color":"","padding":{"top":"s","bottom":"s"},"layout_bg_show_image":false,"background_color":"","layout_bg_overlay":"","layout_bg_image_desktop":null,"layout_bg_position_desktop":"center","layout_bg_image_mobile":null,"layout_bg_position_mobile":"center","pre-title-transition":{"has_transition":false,"transition_type":"none","transition_offset":0,"transition_delay":0},"title-transition":{"has_transition":false,"transition_type":"none","transition_offset":"","transition_delay":0},"intro-transition":{"has_transition":false,"transition_type":"none","transition_offset":"","transition_delay":0},"text-transition":{"has_transition":false,"transition_type":"none","transition_offset":"","transition_delay":0},"layout_custom_css":""},{"acf_fc_layout":"grid","pre_title":"","title":"","intro":"","layout_columns":"three","photo_format":"rectangle","show_readmore_link":false,"blocks":[{"image":"{\"original_image\":\"1771\",\"cropped_image\":{\"image\":\"2020\/10\/IMG_2754-scaled_274x167_acf_cropped-3.jpg\",\"preview\":\"2020\/10\/preview_IMG_2754-scaled_274x167_acf_cropped-3.jpg\"}}","title":"D\u00e9veloppement","intro":"Nous d\u00e9veloppons Laundry Dashboard en permanence sur notre site. Nous sommes constamment inspir\u00e9s par les d\u00e9veloppements techniques et aliment\u00e9s par des d\u00e9fis \u00e0 relever. Le r\u00e9sultat est une solution extr\u00eamement puissante qui a \u00e9t\u00e9 calcul\u00e9e sur la base de la pratique tant des grandes blanchisseries que sur celle des petites.","link":""},{"image":"{\"original_image\":\"765\",\"cropped_image\":{\"image\":\"2020\/07\/consultant_274x167_acf_cropped-1.jpg\",\"preview\":\"2020\/07\/preview_consultant_274x167_acf_cropped-1.jpg\"}}","title":"Impl\u00e9mentation","intro":"L\u2019impl\u00e9mentation de Laundry Dashboard est r\u00e9alis\u00e9e par nos professionnels. Nous installons rapidement et silencieusement le mat\u00e9riel informatique et le logiciel pratiquement sans interruptions de votre processus de production. L\u2019application est op\u00e9rationnelle dans les 4 mois.","link":""},{"image":"{\"original_image\":\"776\",\"cropped_image\":{\"image\":\"2020\/07\/uitleg_274x167_acf_cropped.jpg\",\"preview\":\"2020\/07\/preview_uitleg_274x167_acf_cropped.jpg\"}}","title":"Consultance ","intro":"Nos sp\u00e9cialistes forment votre \u00e9quipe de blanchisserie, vos cadres et responsables \u00e0 l\u2019utilisation des Laundry Dashboards. En fonction de vos besoins, nous analysons ensemble les donn\u00e9es collect\u00e9es. Nous vous aidons \u00e0 interpr\u00e9ter les informations et \u00e0 localiser les principales possibilit\u00e9s d\u2019optimisation. ","link":""}],"heading_type":"h2","heading":"h1","layout_text_align":"centered","text_color":"","block_styling":{"hover_shadow":true,"block_outline":true},"padding":{"top":"m","bottom":"m"},"layout_bg_show_image":false,"background_color":"","layout_bg_overlay":"","layout_bg_image_desktop":null,"layout_bg_position_desktop":"center","layout_bg_image_mobile":null,"layout_bg_position_mobile":"center","pre-title-transition":{"has_transition":false,"transition_type":"none","transition_offset":0,"transition_delay":0},"title-transition":{"has_transition":false,"transition_type":"none","transition_offset":"","transition_delay":0},"intro-transition":{"has_transition":false,"transition_type":"none","transition_offset":"","transition_delay":0},"text-transition":{"has_transition":false,"transition_type":"none","transition_offset":"","transition_delay":0},"layout_custom_css":""},{"acf_fc_layout":"ctabanner","title":"\"Jusqu'\u00e0 l'arriv\u00e9e de Laundry Dashboard, il y a eu relativement peu d'innovation dans notre industrie au cours des 10 derni\u00e8res ann\u00e9es.\"","intro":"Richard Turvill, Swiss Camplings, Engeland","link":{"title":"Lire les cas","url":"\/fr\/cases\/","target":""},"heading_type":"h2","heading":"h2","layout_background_image":"","background_color":"","text_color":"","padding":{"top":"m","bottom":"m"},"title-transition":{"has_transition":false,"transition_type":"none","transition_offset":"","transition_delay":0},"intro-transition":{"has_transition":false,"transition_type":"none","transition_offset":"","transition_delay":0},"buttons-transition":{"has_transition":false,"transition_type":"none","transition_offset":"","transition_delay":0},"layout_custom_css":""},{"acf_fc_layout":"blurbs","pre_title":"","title":"nos partenaires","intro":"Laundry Dashboard garantit en permanence la qualit\u00e9 en travaillant avec des partenaires de confiance. Notre solution peut \u00eatre li\u00e9e \u00e0 diverses applications. Consultez nos partenaires ici.","buttons":null,"items":[{"icon":"","title":"Dyflexis","desc":"Pour une planification optimale du personnel et un enregistrement automatique des heures avec des rapports clairs.","link":{"title":"","url":"https:\/\/www.dyflexis.com\/","target":""}},{"icon":"","title":"Control Office","desc":"Control Office est un syst\u00e8me de gestion de la maintenance qui rend les t\u00e2ches quotidiennes au sein du service technique plus faciles et plus agr\u00e9ables.","link":{"title":"","url":"https:\/\/www.tdo.nl\/en\/","target":""}}],"heading_type":"h2","heading":"h1","text_color":"","padding":{"top":"m","bottom":"m"},"layout_bg_show_image":false,"background_color":"","layout_bg_overlay":"","layout_bg_image_desktop":null,"layout_bg_position_desktop":"center","layout_bg_image_mobile":null,"layout_bg_position_mobile":"center","pre-title-transition":{"has_transition":false,"transition_type":"none","transition_offset":0,"transition_delay":0},"title-transition":{"has_transition":false,"transition_type":"none","transition_offset":"","transition_delay":0},"intro-transition":{"has_transition":false,"transition_type":"none","transition_offset":"","transition_delay":0},"text-transition":{"has_transition":false,"transition_type":"none","transition_offset":"","transition_delay":0},"buttons-transition":{"has_transition":false,"transition_type":"none","transition_offset":"","transition_delay":0},"layout_custom_css":""}]},"yoast_head":"<!-- This site is optimized with the Yoast SEO plugin v27.0 - https:\/\/yoast.com\/product\/yoast-seo-wordpress\/ -->\n<title>\u00c1 propos de nous - Laundry Dashboard<\/title>\n<meta name=\"description\" content=\"Rendre visible le potentiel cach\u00e9 et aider les blanchisseries et leurs \u00e9quipes \u00e0 am\u00e9liorer consciemment leurs performances.\" \/>\n<meta name=\"robots\" content=\"index, follow, max-snippet:-1, max-image-preview:large, max-video-preview:-1\" \/>\n<link rel=\"canonical\" href=\"https:\/\/laundrydashboard.com\/fr\/a-propos-de-nous\/\" \/>\n<meta property=\"og:locale\" content=\"fr_FR\" \/>\n<meta property=\"og:type\" content=\"article\" \/>\n<meta property=\"og:title\" content=\"\u00c1 propos de nous - Laundry Dashboard\" \/>\n<meta property=\"og:description\" content=\"Rendre visible le potentiel cach\u00e9 et aider les blanchisseries et leurs \u00e9quipes \u00e0 am\u00e9liorer consciemment leurs performances.\" \/>\n<meta property=\"og:url\" content=\"https:\/\/laundrydashboard.com\/fr\/a-propos-de-nous\/\" \/>\n<meta property=\"og:site_name\" content=\"Laundry Dashboard\" \/>\n<meta property=\"article:modified_time\" content=\"2024-09-19T09:20:18+00:00\" \/>\n<meta name=\"twitter:card\" content=\"summary_large_image\" \/>\n<meta name=\"twitter:label1\" content=\"Est. reading time\" \/>\n\t<meta name=\"twitter:data1\" content=\"2 minutes\" \/>\n<script type=\"application\/ld+json\" class=\"yoast-schema-graph\">{\"@context\":\"https:\/\/schema.org\",\"@graph\":[{\"@type\":\"WebPage\",\"@id\":\"https:\/\/laundrydashboard.com\/fr\/a-propos-de-nous\/\",\"url\":\"https:\/\/laundrydashboard.com\/fr\/a-propos-de-nous\/\",\"name\":\"\u00c1 propos de nous - Laundry Dashboard\",\"isPartOf\":{\"@id\":\"https:\/\/laundrydashboard.com\/nl\/#website\"},\"datePublished\":\"2020-07-22T09:10:23+00:00\",\"dateModified\":\"2024-09-19T09:20:18+00:00\",\"description\":\"Rendre visible le potentiel cach\u00e9 et aider les blanchisseries et leurs \u00e9quipes \u00e0 am\u00e9liorer consciemment leurs performances.\",\"breadcrumb\":{\"@id\":\"https:\/\/laundrydashboard.com\/fr\/a-propos-de-nous\/#breadcrumb\"},\"inLanguage\":\"fr-FR\",\"potentialAction\":[{\"@type\":\"ReadAction\",\"target\":[\"https:\/\/laundrydashboard.com\/fr\/a-propos-de-nous\/\"]}]},{\"@type\":\"BreadcrumbList\",\"@id\":\"https:\/\/laundrydashboard.com\/fr\/a-propos-de-nous\/#breadcrumb\",\"itemListElement\":[{\"@type\":\"ListItem\",\"position\":1,\"name\":\"Home\",\"item\":\"https:\/\/www.laundrydashboard.com\/fr\/\"},{\"@type\":\"ListItem\",\"position\":2,\"name\":\"\u00c1 propos de nous\"}]},{\"@type\":\"WebSite\",\"@id\":\"https:\/\/laundrydashboard.com\/nl\/#website\",\"url\":\"https:\/\/laundrydashboard.com\/nl\/\",\"name\":\"Laundry Dashboard\",\"description\":\"\",\"potentialAction\":[{\"@type\":\"SearchAction\",\"target\":{\"@type\":\"EntryPoint\",\"urlTemplate\":\"https:\/\/laundrydashboard.com\/nl\/?s={search_term_string}\"},\"query-input\":{\"@type\":\"PropertyValueSpecification\",\"valueRequired\":true,\"valueName\":\"search_term_string\"}}],\"inLanguage\":\"fr-FR\"}]}<\/script>\n<!-- \/ Yoast SEO plugin. -->","yoast_head_json":{"title":"\u00c1 propos de nous - Laundry Dashboard","description":"Rendre visible le potentiel cach\u00e9 et aider les blanchisseries et leurs \u00e9quipes \u00e0 am\u00e9liorer consciemment leurs performances.","robots":{"index":"index","follow":"follow","max-snippet":"max-snippet:-1","max-image-preview":"max-image-preview:large","max-video-preview":"max-video-preview:-1"},"canonical":"https:\/\/laundrydashboard.com\/fr\/a-propos-de-nous\/","og_locale":"fr_FR","og_type":"article","og_title":"\u00c1 propos de nous - Laundry Dashboard","og_description":"Rendre visible le potentiel cach\u00e9 et aider les blanchisseries et leurs \u00e9quipes \u00e0 am\u00e9liorer consciemment leurs performances.","og_url":"https:\/\/laundrydashboard.com\/fr\/a-propos-de-nous\/","og_site_name":"Laundry Dashboard","article_modified_time":"2024-09-19T09:20:18+00:00","twitter_card":"summary_large_image","twitter_misc":{"Est. reading time":"2 minutes"},"schema":{"@context":"https:\/\/schema.org","@graph":[{"@type":"WebPage","@id":"https:\/\/laundrydashboard.com\/fr\/a-propos-de-nous\/","url":"https:\/\/laundrydashboard.com\/fr\/a-propos-de-nous\/","name":"\u00c1 propos de nous - Laundry Dashboard","isPartOf":{"@id":"https:\/\/laundrydashboard.com\/nl\/#website"},"datePublished":"2020-07-22T09:10:23+00:00","dateModified":"2024-09-19T09:20:18+00:00","description":"Rendre visible le potentiel cach\u00e9 et aider les blanchisseries et leurs \u00e9quipes \u00e0 am\u00e9liorer consciemment leurs performances.","breadcrumb":{"@id":"https:\/\/laundrydashboard.com\/fr\/a-propos-de-nous\/#breadcrumb"},"inLanguage":"fr-FR","potentialAction":[{"@type":"ReadAction","target":["https:\/\/laundrydashboard.com\/fr\/a-propos-de-nous\/"]}]},{"@type":"BreadcrumbList","@id":"https:\/\/laundrydashboard.com\/fr\/a-propos-de-nous\/#breadcrumb","itemListElement":[{"@type":"ListItem","position":1,"name":"Home","item":"https:\/\/www.laundrydashboard.com\/fr\/"},{"@type":"ListItem","position":2,"name":"\u00c1 propos de nous"}]},{"@type":"WebSite","@id":"https:\/\/laundrydashboard.com\/nl\/#website","url":"https:\/\/laundrydashboard.com\/nl\/","name":"Laundry Dashboard","description":"","potentialAction":[{"@type":"SearchAction","target":{"@type":"EntryPoint","urlTemplate":"https:\/\/laundrydashboard.com\/nl\/?s={search_term_string}"},"query-input":{"@type":"PropertyValueSpecification","valueRequired":true,"valueName":"search_term_string"}}],"inLanguage":"fr-FR"}]}},"_links":{"self":[{"href":"https:\/\/laundrydashboard.com\/fr\/wp-json\/wp\/v2\/pages\/1181","targetHints":{"allow":["GET"]}}],"collection":[{"href":"https:\/\/laundrydashboard.com\/fr\/wp-json\/wp\/v2\/pages"}],"about":[{"href":"https:\/\/laundrydashboard.com\/fr\/wp-json\/wp\/v2\/types\/page"}],"author":[{"embeddable":true,"href":"https:\/\/laundrydashboard.com\/fr\/wp-json\/wp\/v2\/users\/4"}],"replies":[{"embeddable":true,"href":"https:\/\/laundrydashboard.com\/fr\/wp-json\/wp\/v2\/comments?post=1181"}],"version-history":[{"count":24,"href":"https:\/\/laundrydashboard.com\/fr\/wp-json\/wp\/v2\/pages\/1181\/revisions"}],"predecessor-version":[{"id":5153,"href":"https:\/\/laundrydashboard.com\/fr\/wp-json\/wp\/v2\/pages\/1181\/revisions\/5153"}],"wp:attachment":[{"href":"https:\/\/laundrydashboard.com\/fr\/wp-json\/wp\/v2\/media?parent=1181"}],"curies":[{"name":"wp","href":"https:\/\/api.w.org\/{rel}","templated":true}]}}