{"id":1187,"date":"2020-07-22T13:42:49","date_gmt":"2020-07-22T12:42:49","guid":{"rendered":"https:\/\/ldb.spankracht-acceptatie.nl\/webinars\/"},"modified":"2024-07-08T14:32:44","modified_gmt":"2024-07-08T13:32:44","slug":"webinaires","status":"publish","type":"page","link":"https:\/\/laundrydashboard.com\/fr\/webinaires\/","title":{"rendered":"Webinaires"},"content":{"rendered":"","protected":false},"excerpt":{"rendered":"","protected":false},"author":4,"featured_media":0,"parent":0,"menu_order":0,"comment_status":"closed","ping_status":"closed","template":"","meta":{"_acf_changed":false,"footnotes":""},"class_list":["post-1187","page","type-page","status-publish","hentry"],"acf":{"flexible_content":[{"acf_fc_layout":"wysiwyg","pre_title":"","title":"Webinaires","intro":"Nous donnons r\u00e9guli\u00e8rement des webinaires o\u00f9 \u00e0 chaque fois un sujet li\u00e9 \u00e0 nos tableaux de bord de blanchisserie est discut\u00e9. De l'explication sur les performances \u00e0 l'explication sur les analyses et les versions. Es tu int\u00e9ress\u00e9? Alors inscrivez-vous rapidement \u00e0 l'un de nos webinaires.","content":"","buttons":null,"heading_type":"h2","heading":"h1","layout_text_align":"centered","layout_textbox_size":"8","text_color":"","padding":{"top":"m","bottom":"m"},"layout_bg_show_image":false,"background_color":"","layout_bg_overlay":"","layout_bg_image_desktop":null,"layout_bg_position_desktop":"center","layout_bg_image_mobile":null,"layout_bg_position_mobile":"center","pre-title-transition":{"has_transition":false,"transition_type":"none","transition_offset":0,"transition_delay":0},"title-transition":{"has_transition":false,"transition_type":"none","transition_offset":"","transition_delay":0},"intro-transition":{"has_transition":false,"transition_type":"none","transition_offset":"","transition_delay":0},"text-transition":{"has_transition":false,"transition_type":"none","transition_offset":"","transition_delay":0},"layout_custom_css":""},{"acf_fc_layout":"features-simple","title":"","items":[{"icon":"far fa-tachometer","title":"Intelligent Indicators - Part 6","desc":"24\/05\/2022 - 12:00 CET\r\n\r\nFind out which indicators you can use to keep your employee hours in control. What types of indicators are available and how can you use them?","link":{"title":"Souscrire","url":"https:\/\/laundrydashboard.webinargeek.com\/intelligent-indicators-part-6","target":""}}],"heading_type":"h2","heading":"h2","text_color":"","item_h_type":"h3","padding":{"top":"0","bottom":"m"},"layout_bg_show_image":false,"background_color":"","layout_bg_overlay":"","layout_bg_image_desktop":null,"layout_bg_position_desktop":"center","layout_bg_image_mobile":null,"layout_bg_position_mobile":"center","title-transition":{"has_transition":false,"transition_type":"none","transition_offset":"","transition_delay":0},"text-transition":{"has_transition":false,"transition_type":"none","transition_offset":"","transition_delay":0},"layout_custom_css":""},{"acf_fc_layout":"anchor","anchor":"Regarder-en-arri\u00e8re"},{"acf_fc_layout":"split-content","title":"Examiner les webinaires","column_1":"","column_2":"","link":"","heading_type":"h2","heading":"h1","column_layout":"halve","text_color":"","padding":{"top":"m","bottom":"0"},"layout_bg_show_image":false,"background_color":"","layout_bg_overlay":"","layout_bg_image_desktop":null,"layout_bg_position_desktop":"center","layout_bg_image_mobile":null,"layout_bg_position_mobile":"center","title-transition":{"has_transition":false,"transition_type":"none","transition_offset":"","transition_delay":0},"text-transition":{"has_transition":false,"transition_type":"none","transition_offset":"","transition_delay":0},"layout_custom_css":""},{"acf_fc_layout":"features-simple","title":"","items":[{"icon":"far fa-tachometer","title":"Intelligent Indicators - Part 5","desc":"Find out which indicators you can use to keep your production costs in control. What types of indicators are available and how can you use them?","link":{"title":"Demander une rediffusion!","url":"mailto:webinar@laundrydashboard.com","target":""}},{"icon":"far fa-tachometer","title":"Intelligent Indicators - Part 4","desc":"Find out which indicators you can use to keep your labour performance in control. What types of performance indicators are available and how can you use them?","link":{"title":"Demander une rediffusion!","url":"mailto:webinar@laundrydashboard.com","target":""}},{"icon":"far fa-tachometer","title":"Intelligent Indicators - Part 3","desc":"Find out which indicators you can use to keep your machinery performance in control. What types of performance indicators are available and how can you use them?","link":{"title":"Demander une rediffusion!","url":"mailto:webinar@laundrydashboard.com","target":""}},{"icon":"far fa-tachometer","title":"Intelligent Indicators - Part 2","desc":"Find out which indicators you can use to keep your water & energy usage in control. What types of consumption indicators are available and how can you use them?","link":{"title":"Demander une rediffusion!","url":"mailto:webinar@laundrydashboard.com","target":""}},{"icon":"far fa-tachometer","title":"Intelligent Indicators - Part 1","desc":"Employees, supervisors, managers: you can give anyone access to relevant information in Laundry Dashboard. A tool that anyone is able to use. ","link":{"title":"Demander une rediffusion!","url":"mailto:webinar@laundrydashboard.com","target":""}},{"icon":"far fa-sack-dollar","title":"How profitable is a customer for your laundry, and which orders cost you money?","desc":"You have long-term relationships. Contracts that guarantee turnover. Customers you cherish. But how much do they really earn you? And which orders cost you money?","link":{"title":"Demander une rediffusion!","url":"mailto:webinar@laundrydashboard.com","target":""}},{"icon":"far fa-analytics","title":"Data analysis in detail","desc":"Laundry Dashboard combines all data from measurements and other systems into unique information. Learn how to analyse (raw) data on a detailed level.\r\n","link":{"title":"Demander une rediffusion!","url":"mailto:webinar@laundrydashboard.com","target":""}},{"icon":"far fa-shoe-prints","title":" How do you minimise your ecological footprint? Analysing and controlling with LDB.","desc":"Of course, you know how much your facility uses in terms of gas, water, and electricity. But where does usage peak or drop?","link":{"title":"Demander une rediffusion!","url":"mailto:webinar@laundrydashboard.com","target":""}},{"icon":"far fa-analytics","title":"Unlocking hidden potential. Analysing machine performance.","desc":"Your machines are running at full speed and the capacity is fully utilized. Are you sure? At what moments do the machines cause delays?","link":{"title":"Demander une rediffusion!","url":"mailto:webinar@laundrydashboard.com","target":""}},{"icon":"far fa-function","title":"Explanation how to use new features. Release november 2020.","desc":"In this webinar you learned how you can use the new functionalities that LDB has developed for the optimization of your laundry.","link":{"title":"Demander une rediffusion!","url":"mailto:webinar@laundrydashboard.com","target":""}},{"icon":"far fa-lock-open-alt","title":"Unlocking hidden potential. Analysing labour performance.","desc":"You have good machines and motivated people. You know what they can manage.  But when does the process cause delay or even a standstill?","link":{"title":"Demander une rediffusion!","url":"mailto:webinar@laundrydashboard.com","target":""}},{"icon":"far fa-tachometer-alt","title":"Building your own cockpit in Laundry Dashboard.","desc":"How do you gain insight into your processes? How do you unlock hidden potential? How do you ensure that you and your team work more efficiently today than yesterday?","link":{"title":"Demander une rediffusion!","url":"mailto:webinar@laundrydashboard.com","target":""}},{"icon":"far fa-balance-scale-left","title":"Laundry Dashboard: 'The difference between machine performance and labour performance'","desc":"How can you use data and IoT to deploy the available resources in a responsible and sustainable way? Some functionalities are explained that allow you to work more efficiently.","link":{"title":"Demander une rediffusion!","url":"mailto:webinar@laundrydashboard.com","target":""}}],"heading_type":"h2","heading":"h2","text_color":"","item_h_type":"h3","padding":{"top":"0","bottom":"m"},"layout_bg_show_image":false,"background_color":"","layout_bg_overlay":"","layout_bg_image_desktop":null,"layout_bg_position_desktop":"center","layout_bg_image_mobile":null,"layout_bg_position_mobile":"center","title-transition":{"has_transition":false,"transition_type":"none","transition_offset":"","transition_delay":0},"text-transition":{"has_transition":false,"transition_type":"none","transition_offset":"","transition_delay":0},"layout_custom_css":""},{"acf_fc_layout":"feature","pre_title":"Int\u00e9ress\u00e9?","title":"En savoir plus sur nos webinaires","intro":"Avez-vous manqu\u00e9 le webinaire, mais aimeriez-vous y revenir? C'est possible! Veuillez contacter nous.","buttons":[{"link":{"title":"Envoyer un e-mail","url":"mailto:webinar@laundrydashboard.com","target":""}}],"media":{"choice":"image","toggle":false,"chosen_element":"","attributes":{"horizontal":"","vertical":"","custom_style_element_size":false,"min_element_size":"","style_element_size":50,"max_element_size":""},"image":"{\"original_image\":\"1094\",\"cropped_image\":1098}","platform":"vimeo","autoplay_toggle":false,"vimeo":"","youtube":"","upload_video_file":null},"type":"left","vertical_alignment":"top","heading_type":"h2","heading":"h1","text_color":"","padding":{"top":"m","bottom":"m"},"layout_bg_show_image":false,"background_color":"","layout_bg_overlay":"","layout_bg_image_desktop":null,"layout_bg_position_desktop":"center","layout_bg_image_mobile":null,"layout_bg_position_mobile":"center","title-transition":{"has_transition":false,"transition_type":"none","transition_offset":"","transition_delay":0},"intro-transition":{"has_transition":false,"transition_type":"none","transition_offset":"","transition_delay":0},"image-transition":{"has_transition":false,"transition_type":"none","transition_offset":"","transition_delay":0},"buttons-transition":{"has_transition":false,"transition_type":"none","transition_offset":"","transition_delay":0},"layout_custom_css":""},{"acf_fc_layout":"ctabanner","title":"\"Laundry Dashboard nous aide \u00e0 g\u00e9rer le processus et les proc\u00e9dures de production, ce qui conduit en fin de compte \u00e0 une optimisation dans toute l'organisation\".","intro":"DANIEL TARCZY\u0143SKI (FLIEGEL TEXTILSERVICE, Germany and Poland)","link":{"title":"Voir les t\u00e9moignages de clients","url":"\/fr\/cases\/","target":""},"heading_type":"h2","heading":"h2","layout_background_image":"","background_color":"","text_color":"","padding":{"top":"m","bottom":"m"},"title-transition":{"has_transition":false,"transition_type":"none","transition_offset":"","transition_delay":0},"intro-transition":{"has_transition":false,"transition_type":"none","transition_offset":"","transition_delay":0},"buttons-transition":{"has_transition":false,"transition_type":"none","transition_offset":"","transition_delay":0},"layout_custom_css":""}]},"yoast_head":"<!-- This site is optimized with the Yoast SEO plugin v27.0 - https:\/\/yoast.com\/product\/yoast-seo-wordpress\/ -->\n<title>Webinaires - Laundry Dashboard<\/title>\n<meta name=\"robots\" content=\"index, follow, max-snippet:-1, max-image-preview:large, max-video-preview:-1\" \/>\n<link rel=\"canonical\" href=\"https:\/\/laundrydashboard.com\/fr\/webinaires\/\" \/>\n<meta property=\"og:locale\" content=\"fr_FR\" \/>\n<meta property=\"og:type\" content=\"article\" \/>\n<meta property=\"og:title\" content=\"Webinaires - Laundry Dashboard\" \/>\n<meta property=\"og:url\" content=\"https:\/\/laundrydashboard.com\/fr\/webinaires\/\" \/>\n<meta property=\"og:site_name\" content=\"Laundry Dashboard\" \/>\n<meta property=\"article:modified_time\" content=\"2024-07-08T13:32:44+00:00\" \/>\n<meta name=\"twitter:card\" content=\"summary_large_image\" \/>\n<meta name=\"twitter:label1\" content=\"Est. reading time\" \/>\n\t<meta name=\"twitter:data1\" content=\"3 minutes\" \/>\n<script type=\"application\/ld+json\" class=\"yoast-schema-graph\">{\"@context\":\"https:\/\/schema.org\",\"@graph\":[{\"@type\":\"WebPage\",\"@id\":\"https:\/\/laundrydashboard.com\/fr\/webinaires\/\",\"url\":\"https:\/\/laundrydashboard.com\/fr\/webinaires\/\",\"name\":\"Webinaires - Laundry Dashboard\",\"isPartOf\":{\"@id\":\"https:\/\/laundrydashboard.com\/nl\/#website\"},\"datePublished\":\"2020-07-22T12:42:49+00:00\",\"dateModified\":\"2024-07-08T13:32:44+00:00\",\"breadcrumb\":{\"@id\":\"https:\/\/laundrydashboard.com\/fr\/webinaires\/#breadcrumb\"},\"inLanguage\":\"fr-FR\",\"potentialAction\":[{\"@type\":\"ReadAction\",\"target\":[\"https:\/\/laundrydashboard.com\/fr\/webinaires\/\"]}]},{\"@type\":\"BreadcrumbList\",\"@id\":\"https:\/\/laundrydashboard.com\/fr\/webinaires\/#breadcrumb\",\"itemListElement\":[{\"@type\":\"ListItem\",\"position\":1,\"name\":\"Home\",\"item\":\"https:\/\/laundrydashboard.com\/fr\/\"},{\"@type\":\"ListItem\",\"position\":2,\"name\":\"Webinaires\"}]},{\"@type\":\"WebSite\",\"@id\":\"https:\/\/laundrydashboard.com\/nl\/#website\",\"url\":\"https:\/\/laundrydashboard.com\/nl\/\",\"name\":\"Laundry Dashboard\",\"description\":\"\",\"potentialAction\":[{\"@type\":\"SearchAction\",\"target\":{\"@type\":\"EntryPoint\",\"urlTemplate\":\"https:\/\/laundrydashboard.com\/nl\/?s={search_term_string}\"},\"query-input\":{\"@type\":\"PropertyValueSpecification\",\"valueRequired\":true,\"valueName\":\"search_term_string\"}}],\"inLanguage\":\"fr-FR\"}]}<\/script>\n<!-- \/ Yoast SEO plugin. -->","yoast_head_json":{"title":"Webinaires - Laundry Dashboard","robots":{"index":"index","follow":"follow","max-snippet":"max-snippet:-1","max-image-preview":"max-image-preview:large","max-video-preview":"max-video-preview:-1"},"canonical":"https:\/\/laundrydashboard.com\/fr\/webinaires\/","og_locale":"fr_FR","og_type":"article","og_title":"Webinaires - Laundry Dashboard","og_url":"https:\/\/laundrydashboard.com\/fr\/webinaires\/","og_site_name":"Laundry Dashboard","article_modified_time":"2024-07-08T13:32:44+00:00","twitter_card":"summary_large_image","twitter_misc":{"Est. reading time":"3 minutes"},"schema":{"@context":"https:\/\/schema.org","@graph":[{"@type":"WebPage","@id":"https:\/\/laundrydashboard.com\/fr\/webinaires\/","url":"https:\/\/laundrydashboard.com\/fr\/webinaires\/","name":"Webinaires - Laundry Dashboard","isPartOf":{"@id":"https:\/\/laundrydashboard.com\/nl\/#website"},"datePublished":"2020-07-22T12:42:49+00:00","dateModified":"2024-07-08T13:32:44+00:00","breadcrumb":{"@id":"https:\/\/laundrydashboard.com\/fr\/webinaires\/#breadcrumb"},"inLanguage":"fr-FR","potentialAction":[{"@type":"ReadAction","target":["https:\/\/laundrydashboard.com\/fr\/webinaires\/"]}]},{"@type":"BreadcrumbList","@id":"https:\/\/laundrydashboard.com\/fr\/webinaires\/#breadcrumb","itemListElement":[{"@type":"ListItem","position":1,"name":"Home","item":"https:\/\/laundrydashboard.com\/fr\/"},{"@type":"ListItem","position":2,"name":"Webinaires"}]},{"@type":"WebSite","@id":"https:\/\/laundrydashboard.com\/nl\/#website","url":"https:\/\/laundrydashboard.com\/nl\/","name":"Laundry Dashboard","description":"","potentialAction":[{"@type":"SearchAction","target":{"@type":"EntryPoint","urlTemplate":"https:\/\/laundrydashboard.com\/nl\/?s={search_term_string}"},"query-input":{"@type":"PropertyValueSpecification","valueRequired":true,"valueName":"search_term_string"}}],"inLanguage":"fr-FR"}]}},"_links":{"self":[{"href":"https:\/\/laundrydashboard.com\/fr\/wp-json\/wp\/v2\/pages\/1187","targetHints":{"allow":["GET"]}}],"collection":[{"href":"https:\/\/laundrydashboard.com\/fr\/wp-json\/wp\/v2\/pages"}],"about":[{"href":"https:\/\/laundrydashboard.com\/fr\/wp-json\/wp\/v2\/types\/page"}],"author":[{"embeddable":true,"href":"https:\/\/laundrydashboard.com\/fr\/wp-json\/wp\/v2\/users\/4"}],"replies":[{"embeddable":true,"href":"https:\/\/laundrydashboard.com\/fr\/wp-json\/wp\/v2\/comments?post=1187"}],"version-history":[{"count":51,"href":"https:\/\/laundrydashboard.com\/fr\/wp-json\/wp\/v2\/pages\/1187\/revisions"}],"predecessor-version":[{"id":3795,"href":"https:\/\/laundrydashboard.com\/fr\/wp-json\/wp\/v2\/pages\/1187\/revisions\/3795"}],"wp:attachment":[{"href":"https:\/\/laundrydashboard.com\/fr\/wp-json\/wp\/v2\/media?parent=1187"}],"curies":[{"name":"wp","href":"https:\/\/api.w.org\/{rel}","templated":true}]}}