{"id":1202,"date":"2019-01-14T15:05:00","date_gmt":"2019-01-14T14:05:00","guid":{"rendered":"https:\/\/ldb.spankracht-acceptatie.nl\/contact\/"},"modified":"2024-03-11T15:54:47","modified_gmt":"2024-03-11T14:54:47","slug":"contact","status":"publish","type":"page","link":"https:\/\/laundrydashboard.com\/fr\/contact\/","title":{"rendered":"Contact"},"content":{"rendered":"","protected":false},"excerpt":{"rendered":"","protected":false},"author":1,"featured_media":0,"parent":0,"menu_order":0,"comment_status":"closed","ping_status":"closed","template":"","meta":{"_acf_changed":false,"footnotes":""},"class_list":["post-1202","page","type-page","status-publish","hentry"],"acf":{"flexible_content":[{"acf_fc_layout":"pageheader_default","header_media":"image","color_overlay":"rgba(0,0,0,0.3)","platform_choice":"image","video":"","upload_video_file":null,"desktop":{"header_size":"small","fullscreen":null,"large":null,"small":"{\"original_image\":\"4864\",\"cropped_image\":{\"image\":\"2024\/03\/Header-over-ons-LDB-1_1600x340_acf_cropped.png\",\"preview\":\"2024\/03\/preview_Header-over-ons-LDB-1_1600x340_acf_cropped.png\"}}"},"mobile":{"header_size":"small","fullscreen":null,"large":null,"small":"{\"original_image\":\"4869\",\"cropped_image\":{\"image\":\"2024\/03\/Header-over-ons-LDB-2_450x210_acf_cropped.png\",\"preview\":\"2024\/03\/preview_Header-over-ons-LDB-2_450x210_acf_cropped.png\"}}"},"pre_title":"","header_title":"","header_intro":"","header_btn-primary":{"header_btn-color":"is-primary","header_btn":""},"header_btn-secondary":{"header_btn-color":"is-primary","header_btn":""},"header_btn-video":{"header_btn-color":"is-primary","header_btn":""},"heading_type":"h2","heading":"h1","text_color":"#ffffff","text_shadow":false,"header_height":100,"horizontal_header_padding":"","layout_custom_css":""},{"acf_fc_layout":"form","pre_title":"D\u00e9couvrir le potentiel cach\u00e9 ?","title":"Contactez un de nos sp\u00e9cialistes et demandez une d\u00e9mo !","show_form_content":false,"intro":"","link":null,"form":"9","heading_type":"h2","heading":"h1","layout_text_align":"centered","text_color":"","padding":{"top":"m","bottom":"m"},"layout_bg_show_image":false,"background_color":"","layout_bg_overlay":"","layout_bg_image_desktop":null,"layout_bg_position_desktop":"center","layout_bg_image_mobile":null,"layout_bg_position_mobile":"center","pre-title-transition":{"has_transition":false,"transition_type":"none","transition_offset":0,"transition_delay":0},"title-transition":{"has_transition":false,"transition_type":"none","transition_offset":"","transition_delay":0},"layout_custom_css":""},{"acf_fc_layout":"wysiwyg","pre_title":"","title":"","intro":"","content":"<img class=\"alignnone wp-image-1771 size-large\" src=\"https:\/\/ldb.spankracht-acceptatie.nl\/wp-content\/uploads\/2020\/10\/IMG_2754-1024x521.jpg\" alt=\"\" width=\"1024\" height=\"521\" \/>","buttons":null,"heading_type":"h2","heading":"h1","layout_text_align":"centered","layout_textbox_size":"8","text_color":"","padding":{"top":"m","bottom":"m"},"layout_bg_show_image":false,"background_color":"","layout_bg_overlay":"","layout_bg_image_desktop":null,"layout_bg_position_desktop":"center","layout_bg_image_mobile":null,"layout_bg_position_mobile":"center","pre-title-transition":{"has_transition":false,"transition_type":"none","transition_offset":0,"transition_delay":0},"title-transition":{"has_transition":false,"transition_type":"none","transition_offset":"","transition_delay":0},"intro-transition":{"has_transition":false,"transition_type":"none","transition_offset":"","transition_delay":0},"text-transition":{"has_transition":false,"transition_type":"none","transition_offset":"","transition_delay":0},"layout_custom_css":""}]},"yoast_head":"<!-- This site is optimized with the Yoast SEO plugin v27.0 - https:\/\/yoast.com\/product\/yoast-seo-wordpress\/ -->\n<title>Contact - Laundry Dashboard<\/title>\n<meta name=\"description\" content=\"Contactez l&#039;un de nos sp\u00e9cialistes et demandez une d\u00e9mo !\" \/>\n<meta name=\"robots\" content=\"index, follow, max-snippet:-1, max-image-preview:large, max-video-preview:-1\" \/>\n<link rel=\"canonical\" href=\"https:\/\/laundrydashboard.com\/fr\/contact\/\" \/>\n<meta property=\"og:locale\" content=\"fr_FR\" \/>\n<meta property=\"og:type\" content=\"article\" \/>\n<meta property=\"og:title\" content=\"Contact - Laundry Dashboard\" \/>\n<meta property=\"og:description\" content=\"Contactez l&#039;un de nos sp\u00e9cialistes et demandez une d\u00e9mo !\" \/>\n<meta property=\"og:url\" content=\"https:\/\/laundrydashboard.com\/fr\/contact\/\" \/>\n<meta property=\"og:site_name\" content=\"Laundry Dashboard\" \/>\n<meta property=\"article:modified_time\" content=\"2024-03-11T14:54:47+00:00\" \/>\n<meta name=\"twitter:card\" content=\"summary_large_image\" \/>\n<script type=\"application\/ld+json\" class=\"yoast-schema-graph\">{\"@context\":\"https:\/\/schema.org\",\"@graph\":[{\"@type\":\"WebPage\",\"@id\":\"https:\/\/laundrydashboard.com\/fr\/contact\/\",\"url\":\"https:\/\/laundrydashboard.com\/fr\/contact\/\",\"name\":\"Contact - Laundry Dashboard\",\"isPartOf\":{\"@id\":\"https:\/\/laundrydashboard.com\/nl\/#website\"},\"datePublished\":\"2019-01-14T14:05:00+00:00\",\"dateModified\":\"2024-03-11T14:54:47+00:00\",\"description\":\"Contactez l'un de nos sp\u00e9cialistes et demandez une d\u00e9mo !\",\"breadcrumb\":{\"@id\":\"https:\/\/laundrydashboard.com\/fr\/contact\/#breadcrumb\"},\"inLanguage\":\"fr-FR\",\"potentialAction\":[{\"@type\":\"ReadAction\",\"target\":[\"https:\/\/laundrydashboard.com\/fr\/contact\/\"]}]},{\"@type\":\"BreadcrumbList\",\"@id\":\"https:\/\/laundrydashboard.com\/fr\/contact\/#breadcrumb\",\"itemListElement\":[{\"@type\":\"ListItem\",\"position\":1,\"name\":\"Home\",\"item\":\"https:\/\/www.laundrydashboard.com\/fr\/\"},{\"@type\":\"ListItem\",\"position\":2,\"name\":\"Contact\"}]},{\"@type\":\"WebSite\",\"@id\":\"https:\/\/laundrydashboard.com\/nl\/#website\",\"url\":\"https:\/\/laundrydashboard.com\/nl\/\",\"name\":\"Laundry Dashboard\",\"description\":\"\",\"potentialAction\":[{\"@type\":\"SearchAction\",\"target\":{\"@type\":\"EntryPoint\",\"urlTemplate\":\"https:\/\/laundrydashboard.com\/nl\/?s={search_term_string}\"},\"query-input\":{\"@type\":\"PropertyValueSpecification\",\"valueRequired\":true,\"valueName\":\"search_term_string\"}}],\"inLanguage\":\"fr-FR\"}]}<\/script>\n<!-- \/ Yoast SEO plugin. -->","yoast_head_json":{"title":"Contact - Laundry Dashboard","description":"Contactez l'un de nos sp\u00e9cialistes et demandez une d\u00e9mo !","robots":{"index":"index","follow":"follow","max-snippet":"max-snippet:-1","max-image-preview":"max-image-preview:large","max-video-preview":"max-video-preview:-1"},"canonical":"https:\/\/laundrydashboard.com\/fr\/contact\/","og_locale":"fr_FR","og_type":"article","og_title":"Contact - Laundry Dashboard","og_description":"Contactez l'un de nos sp\u00e9cialistes et demandez une d\u00e9mo !","og_url":"https:\/\/laundrydashboard.com\/fr\/contact\/","og_site_name":"Laundry Dashboard","article_modified_time":"2024-03-11T14:54:47+00:00","twitter_card":"summary_large_image","schema":{"@context":"https:\/\/schema.org","@graph":[{"@type":"WebPage","@id":"https:\/\/laundrydashboard.com\/fr\/contact\/","url":"https:\/\/laundrydashboard.com\/fr\/contact\/","name":"Contact - Laundry Dashboard","isPartOf":{"@id":"https:\/\/laundrydashboard.com\/nl\/#website"},"datePublished":"2019-01-14T14:05:00+00:00","dateModified":"2024-03-11T14:54:47+00:00","description":"Contactez l'un de nos sp\u00e9cialistes et demandez une d\u00e9mo !","breadcrumb":{"@id":"https:\/\/laundrydashboard.com\/fr\/contact\/#breadcrumb"},"inLanguage":"fr-FR","potentialAction":[{"@type":"ReadAction","target":["https:\/\/laundrydashboard.com\/fr\/contact\/"]}]},{"@type":"BreadcrumbList","@id":"https:\/\/laundrydashboard.com\/fr\/contact\/#breadcrumb","itemListElement":[{"@type":"ListItem","position":1,"name":"Home","item":"https:\/\/www.laundrydashboard.com\/fr\/"},{"@type":"ListItem","position":2,"name":"Contact"}]},{"@type":"WebSite","@id":"https:\/\/laundrydashboard.com\/nl\/#website","url":"https:\/\/laundrydashboard.com\/nl\/","name":"Laundry Dashboard","description":"","potentialAction":[{"@type":"SearchAction","target":{"@type":"EntryPoint","urlTemplate":"https:\/\/laundrydashboard.com\/nl\/?s={search_term_string}"},"query-input":{"@type":"PropertyValueSpecification","valueRequired":true,"valueName":"search_term_string"}}],"inLanguage":"fr-FR"}]}},"_links":{"self":[{"href":"https:\/\/laundrydashboard.com\/fr\/wp-json\/wp\/v2\/pages\/1202","targetHints":{"allow":["GET"]}}],"collection":[{"href":"https:\/\/laundrydashboard.com\/fr\/wp-json\/wp\/v2\/pages"}],"about":[{"href":"https:\/\/laundrydashboard.com\/fr\/wp-json\/wp\/v2\/types\/page"}],"author":[{"embeddable":true,"href":"https:\/\/laundrydashboard.com\/fr\/wp-json\/wp\/v2\/users\/1"}],"replies":[{"embeddable":true,"href":"https:\/\/laundrydashboard.com\/fr\/wp-json\/wp\/v2\/comments?post=1202"}],"version-history":[{"count":13,"href":"https:\/\/laundrydashboard.com\/fr\/wp-json\/wp\/v2\/pages\/1202\/revisions"}],"predecessor-version":[{"id":5034,"href":"https:\/\/laundrydashboard.com\/fr\/wp-json\/wp\/v2\/pages\/1202\/revisions\/5034"}],"wp:attachment":[{"href":"https:\/\/laundrydashboard.com\/fr\/wp-json\/wp\/v2\/media?parent=1202"}],"curies":[{"name":"wp","href":"https:\/\/api.w.org\/{rel}","templated":true}]}}