{"id":3361,"date":"2021-07-07T09:45:54","date_gmt":"2021-07-07T08:45:54","guid":{"rendered":"\/cas\/casus-centralvaskeriet-denemarken\/"},"modified":"2022-10-07T13:10:51","modified_gmt":"2022-10-07T12:10:51","slug":"casus-centralvaskeriet-denemarken","status":"publish","type":"page","link":"https:\/\/laundrydashboard.com\/fr\/cas\/casus-centralvaskeriet-denemarken\/","title":{"rendered":"Casus Centralvaskeriet L\u00f8gumkloster Denemarken"},"content":{"rendered":"","protected":false},"excerpt":{"rendered":"","protected":false},"author":5,"featured_media":0,"parent":1178,"menu_order":0,"comment_status":"closed","ping_status":"closed","template":"","meta":{"_acf_changed":false,"footnotes":""},"class_list":["post-3361","page","type-page","status-publish","hentry"],"acf":{"flexible_content":[{"acf_fc_layout":"wysiwyg","pre_title":"Cas Centralvaskeriet L\u00f8gumkloster Danemark","title":"Am\u00e9lioration de la production de lin de 30%.","intro":"","content":"<img class=\"aligncenter wp-image-3328 size-large\" src=\"https:\/\/www.laundrydashboard.com\/app\/uploads\/2021\/07\/Centralvaskeriet-SFG-1024x640.jpg\" alt=\"\" width=\"1024\" height=\"640\" \/>\r\n\r\n&nbsp;","buttons":null,"heading_type":"h2","heading":"h1","layout_text_align":"centered","layout_textbox_size":8,"text_color":"","padding":{"top":"m","bottom":"0"},"layout_bg_show_image":false,"background_color":"","layout_bg_overlay":"","layout_bg_image_desktop":null,"layout_bg_position_desktop":"center","layout_bg_image_mobile":null,"layout_bg_position_mobile":"center","pre-title-transition":{"has_transition":false,"transition_type":"none","transition_offset":0,"transition_delay":0},"title-transition":{"has_transition":false,"transition_type":"none","transition_offset":"","transition_delay":0},"intro-transition":{"has_transition":false,"transition_type":"none","transition_offset":"","transition_delay":0},"text-transition":{"has_transition":false,"transition_type":"none","transition_offset":"","transition_delay":0},"layout_custom_css":null},{"acf_fc_layout":"wysiwyg","pre_title":"","title":"","intro":"Il est rare de voir un propri\u00e9taire de blanchisserie assis de mani\u00e8re aussi d\u00e9tendue sur un canap\u00e9, \u00e0 600 kilom\u00e8tres de chez lui. Mais c\u2019est aussi parce que S\u00f8ren Fuglsang-Gram n\u2019a pas vraiment de soucis \u00e0 se faire. Un rapide coup d\u2019\u0153il \u00e0 son t\u00e9l\u00e9phone lui permet de voir les performances de la blanchisserie et si tout va comme pr\u00e9vu. Et ce, gr\u00e2ce au Laundry Dashboard. ","content":"<strong>Le d\u00e9fi<\/strong>\r\n\r\nC\u2019est en 2013 que S\u00f8ren\u00a0a d\u00e9couvert le Laundry Dashboard via Christeyns. Le concept l\u2019a aussit\u00f4t emball\u00e9. S\u00f8ren : \u2018Vous pouvez effectivement promener votre regard dans la blanchisserie, et penser que tout le monde est en plein travail \u2013 ou pas, mais ce n\u2019est qu\u2019une impression. Qui n\u2019est d\u2019ailleurs pas digne de confiance. Une machine est peut-\u00eatre juste en train de changer de programme, ce qui explique le temps d\u2019arr\u00eat d\u2019un employ\u00e9. Ou un employ\u00e9 peut avoir l\u2019air tr\u00e8s occup\u00e9, mais sans \u00eatre vraiment efficace en fin de compte. Il vous faut un outil permettant de surveiller et de mesurer tout cela. Et ce n\u2019est qu\u2019apr\u00e8s que vous pouvez prendre des d\u00e9cisions \u00e9clair\u00e9es \u00e0 ce sujet\u2019.\r\n\r\n&nbsp;\r\n\r\n<strong>La solution<\/strong>\r\n\r\nCet outil, il l'a trouv\u00e9 dans le Laundry Dashboard. Il a commenc\u00e9 \u00e0 l\u2019installer de mani\u00e8re tr\u00e8s cibl\u00e9e, poste apr\u00e8s poste. Le fait de faire participer les employ\u00e9s \u00e0 ce processus leur a donn\u00e9 envie de l'utiliser activement. \u2018De plus, nous avons beaucoup investi dans nos employ\u00e9s\u2019, affirme S\u00f8ren. \u2018Je me r\u00e9unis bri\u00e8vement chaque semaine avec tous les d\u00e9partements, qui peuvent me donner des id\u00e9es que nous exploitons vraiment. Ajoutez-y le Laundry Dashboard, et vous obtenez une \u00e9quipe d\u2019employ\u00e9s hyper motiv\u00e9s. Nous avons am\u00e9lior\u00e9 notre production de linge de plus de 30% \u2013 simplement en les impliquant dans le processus, en leur montrant leur activit\u00e9 en temps r\u00e9el et en surveillant et en g\u00e9rant ce processus via le Laundry Dashboard\u2019.\r\n\r\nLorsqu\u2019on lui demande comment il utilise le Laundry Dashboard dans ses activit\u00e9s quotidiennes, S\u00f8ren reste tr\u00e8s bref : \u2018C\u2019est la premi\u00e8re chose que je v\u00e9rifie le matin et la derni\u00e8re quand je m\u2019en vais le soir. Je l\u2019utilise tout au long de la journ\u00e9e. Et c\u2019est en le faisant chaque jour, chaque semaine et chaque ann\u00e9e, et en d\u00e9celant des tendances, que vous pouvez voir si chaque journ\u00e9e a \u00e9t\u00e9 bonne ou moins bonne. Le Laundry Dashboard vous permet de comprendre beaucoup de choses. Je sais pour chaque poste si mon \u00e9valuation annuelle est correcte. Chaque employ\u00e9 voit s\u2019il est en course pour atteindre son objectif du jour.\u2019 Ses d\u00e9cisions sur des investissements dans de nouvelles machines, il les fonde aussi sur la productivit\u00e9 mesur\u00e9e dans le Laundry Dashboard. Ensuite, il contr\u00f4le \u00e9galement la productivit\u00e9 promise par le fabricant avec le Laundry Dashboard. Ainsi, tout \u00e9cart saute aux yeux.\r\n\r\n&nbsp;\r\n\r\n<strong>Le resultat<\/strong>\r\n\r\nOn peut facilement imaginer que cela rapporte directement de l\u2019argent. Mais indirectement aussi, cette approche porte ses fruits. \u2018Je n\u2019ai plus de chef de production sur le lieu de travail\u2019, explique S\u00f8ren. \u2018Mes employ\u00e9s travaillent en \u00e9quipe, et je suis tout ce qui se passe via le Laundry Dashboard. Cela fonctionne \u00e0 la perfection\u2019.\r\n\r\nEt en plus de lui faire gagner de l\u2019argent, le Laundry Dashboard lui fait \u00e9galement gagner pas mal de temps. \u2018Comme le Laundry Dashboard me donne tant d\u2019informations d\u2019un seul coup d\u2019\u0153il, je peux consacrer le reste de mon temps \u00e0 travailler sur des d\u00e9tails, pour pouvoir faire encore mieux. Sur ce march\u00e9, c\u2019est sur le prix de revient que vous devez gagner de l\u2019argent, ce qui est possible en g\u00e9rant la blanchisserie de cette mani\u00e8re. La connaissance, c\u2019est la cl\u00e9 \u2013 c\u2019est ainsi que vous faites la diff\u00e9rence.\u2019\r\n\r\nLe fait de pouvoir v\u00e9rifier les performances de la blanchisserie de mani\u00e8re \u00e0 la fois rapide et pr\u00e9cise est si rassurant, que S\u00f8ren\u00a0effectue sereinement une visite commerciale de plusieurs jours aux Pays-Bas \u2013 ou part en vacances en famille pendant 2 semaines. \u2018Je ne consultais que deux tableaux de bord par semaine, ce qui suffisait pour voir si tout allait bien ou pour rectifier facilement certaines choses\u2019.","buttons":null,"heading_type":"h2","heading":"h1","layout_text_align":"centered","layout_textbox_size":8,"text_color":"","padding":{"top":"0","bottom":"s"},"layout_bg_show_image":false,"background_color":"","layout_bg_overlay":"","layout_bg_image_desktop":null,"layout_bg_position_desktop":"center","layout_bg_image_mobile":null,"layout_bg_position_mobile":"center","pre-title-transition":{"has_transition":false,"transition_type":"none","transition_offset":0,"transition_delay":0},"title-transition":{"has_transition":false,"transition_type":"none","transition_offset":"","transition_delay":0},"intro-transition":{"has_transition":false,"transition_type":"none","transition_offset":"","transition_delay":0},"text-transition":{"has_transition":false,"transition_type":"none","transition_offset":"","transition_delay":0},"layout_custom_css":null},{"acf_fc_layout":"ctabanner","title":"'Il vous faut un outil permettant de surveiller et de mesurer la productivit\u00e9. Et ce n\u2019est qu\u2019apr\u00e8s que vous pouvez prendre des d\u00e9cisions \u00e9clair\u00e9es \u00e0 ce sujet.'","intro":"S\u00f8ren Fuglsang-Gram, CEO Centralvaskeriet L\u00f8gumkloster Danemark","link":"","heading_type":"h2","heading":"h2","layout_background_image":"","background_color":"","text_color":"","padding":{"top":"m","bottom":"m"},"title-transition":{"has_transition":false,"transition_type":"none","transition_offset":"","transition_delay":0},"intro-transition":{"has_transition":false,"transition_type":"none","transition_offset":"","transition_delay":0},"buttons-transition":{"has_transition":false,"transition_type":"none","transition_offset":"","transition_delay":0},"layout_custom_css":null}]},"yoast_head":"<!-- This site is optimized with the Yoast SEO plugin v27.0 - https:\/\/yoast.com\/product\/yoast-seo-wordpress\/ -->\n<title>Casus Centralvaskeriet L\u00f8gumkloster Denemarken - Laundry Dashboard<\/title>\n<meta name=\"description\" content=\"D&#039;un seul coup d&#039;\u0153il sur votre t\u00e9l\u00e9phone, vous pouvez voir exactement comment se d\u00e9roule la lessive, et si tout se passe comme pr\u00e9vu. Et ce, gr\u00e2ce \u00e0 Laundry Dashboard.\" \/>\n<meta name=\"robots\" content=\"index, follow, max-snippet:-1, max-image-preview:large, max-video-preview:-1\" \/>\n<link rel=\"canonical\" href=\"https:\/\/laundrydashboard.com\/fr\/cas\/casus-centralvaskeriet-denemarken\/\" \/>\n<meta property=\"og:locale\" content=\"fr_FR\" \/>\n<meta property=\"og:type\" content=\"article\" \/>\n<meta property=\"og:title\" content=\"Casus Centralvaskeriet L\u00f8gumkloster Denemarken - Laundry Dashboard\" \/>\n<meta property=\"og:description\" content=\"D&#039;un seul coup d&#039;\u0153il sur votre t\u00e9l\u00e9phone, vous pouvez voir exactement comment se d\u00e9roule la lessive, et si tout se passe comme pr\u00e9vu. Et ce, gr\u00e2ce \u00e0 Laundry Dashboard.\" \/>\n<meta property=\"og:url\" content=\"https:\/\/laundrydashboard.com\/fr\/cas\/casus-centralvaskeriet-denemarken\/\" \/>\n<meta property=\"og:site_name\" content=\"Laundry Dashboard\" \/>\n<meta property=\"article:modified_time\" content=\"2022-10-07T12:10:51+00:00\" \/>\n<meta name=\"twitter:card\" content=\"summary_large_image\" \/>\n<script type=\"application\/ld+json\" class=\"yoast-schema-graph\">{\"@context\":\"https:\/\/schema.org\",\"@graph\":[{\"@type\":\"WebPage\",\"@id\":\"https:\/\/laundrydashboard.com\/fr\/cas\/casus-centralvaskeriet-denemarken\/\",\"url\":\"https:\/\/laundrydashboard.com\/fr\/cas\/casus-centralvaskeriet-denemarken\/\",\"name\":\"Casus Centralvaskeriet L\u00f8gumkloster Denemarken - Laundry Dashboard\",\"isPartOf\":{\"@id\":\"https:\/\/laundrydashboard.com\/nl\/#website\"},\"datePublished\":\"2021-07-07T08:45:54+00:00\",\"dateModified\":\"2022-10-07T12:10:51+00:00\",\"description\":\"D'un seul coup d'\u0153il sur votre t\u00e9l\u00e9phone, vous pouvez voir exactement comment se d\u00e9roule la lessive, et si tout se passe comme pr\u00e9vu. Et ce, gr\u00e2ce \u00e0 Laundry Dashboard.\",\"breadcrumb\":{\"@id\":\"https:\/\/laundrydashboard.com\/fr\/cas\/casus-centralvaskeriet-denemarken\/#breadcrumb\"},\"inLanguage\":\"fr-FR\",\"potentialAction\":[{\"@type\":\"ReadAction\",\"target\":[\"https:\/\/laundrydashboard.com\/fr\/cas\/casus-centralvaskeriet-denemarken\/\"]}]},{\"@type\":\"BreadcrumbList\",\"@id\":\"https:\/\/laundrydashboard.com\/fr\/cas\/casus-centralvaskeriet-denemarken\/#breadcrumb\",\"itemListElement\":[{\"@type\":\"ListItem\",\"position\":1,\"name\":\"Home\",\"item\":\"https:\/\/laundrydashboard.com\/fr\/\"},{\"@type\":\"ListItem\",\"position\":2,\"name\":\"Cas\",\"item\":\"https:\/\/laundrydashboard.com\/fr\/cas\/\"},{\"@type\":\"ListItem\",\"position\":3,\"name\":\"Casus Centralvaskeriet L\u00f8gumkloster Denemarken\"}]},{\"@type\":\"WebSite\",\"@id\":\"https:\/\/laundrydashboard.com\/nl\/#website\",\"url\":\"https:\/\/laundrydashboard.com\/nl\/\",\"name\":\"Laundry Dashboard\",\"description\":\"\",\"potentialAction\":[{\"@type\":\"SearchAction\",\"target\":{\"@type\":\"EntryPoint\",\"urlTemplate\":\"https:\/\/laundrydashboard.com\/nl\/?s={search_term_string}\"},\"query-input\":{\"@type\":\"PropertyValueSpecification\",\"valueRequired\":true,\"valueName\":\"search_term_string\"}}],\"inLanguage\":\"fr-FR\"}]}<\/script>\n<!-- \/ Yoast SEO plugin. -->","yoast_head_json":{"title":"Casus Centralvaskeriet L\u00f8gumkloster Denemarken - Laundry Dashboard","description":"D'un seul coup d'\u0153il sur votre t\u00e9l\u00e9phone, vous pouvez voir exactement comment se d\u00e9roule la lessive, et si tout se passe comme pr\u00e9vu. Et ce, gr\u00e2ce \u00e0 Laundry Dashboard.","robots":{"index":"index","follow":"follow","max-snippet":"max-snippet:-1","max-image-preview":"max-image-preview:large","max-video-preview":"max-video-preview:-1"},"canonical":"https:\/\/laundrydashboard.com\/fr\/cas\/casus-centralvaskeriet-denemarken\/","og_locale":"fr_FR","og_type":"article","og_title":"Casus Centralvaskeriet L\u00f8gumkloster Denemarken - Laundry Dashboard","og_description":"D'un seul coup d'\u0153il sur votre t\u00e9l\u00e9phone, vous pouvez voir exactement comment se d\u00e9roule la lessive, et si tout se passe comme pr\u00e9vu. Et ce, gr\u00e2ce \u00e0 Laundry Dashboard.","og_url":"https:\/\/laundrydashboard.com\/fr\/cas\/casus-centralvaskeriet-denemarken\/","og_site_name":"Laundry Dashboard","article_modified_time":"2022-10-07T12:10:51+00:00","twitter_card":"summary_large_image","schema":{"@context":"https:\/\/schema.org","@graph":[{"@type":"WebPage","@id":"https:\/\/laundrydashboard.com\/fr\/cas\/casus-centralvaskeriet-denemarken\/","url":"https:\/\/laundrydashboard.com\/fr\/cas\/casus-centralvaskeriet-denemarken\/","name":"Casus Centralvaskeriet L\u00f8gumkloster Denemarken - Laundry Dashboard","isPartOf":{"@id":"https:\/\/laundrydashboard.com\/nl\/#website"},"datePublished":"2021-07-07T08:45:54+00:00","dateModified":"2022-10-07T12:10:51+00:00","description":"D'un seul coup d'\u0153il sur votre t\u00e9l\u00e9phone, vous pouvez voir exactement comment se d\u00e9roule la lessive, et si tout se passe comme pr\u00e9vu. Et ce, gr\u00e2ce \u00e0 Laundry Dashboard.","breadcrumb":{"@id":"https:\/\/laundrydashboard.com\/fr\/cas\/casus-centralvaskeriet-denemarken\/#breadcrumb"},"inLanguage":"fr-FR","potentialAction":[{"@type":"ReadAction","target":["https:\/\/laundrydashboard.com\/fr\/cas\/casus-centralvaskeriet-denemarken\/"]}]},{"@type":"BreadcrumbList","@id":"https:\/\/laundrydashboard.com\/fr\/cas\/casus-centralvaskeriet-denemarken\/#breadcrumb","itemListElement":[{"@type":"ListItem","position":1,"name":"Home","item":"https:\/\/laundrydashboard.com\/fr\/"},{"@type":"ListItem","position":2,"name":"Cas","item":"https:\/\/laundrydashboard.com\/fr\/cas\/"},{"@type":"ListItem","position":3,"name":"Casus Centralvaskeriet L\u00f8gumkloster Denemarken"}]},{"@type":"WebSite","@id":"https:\/\/laundrydashboard.com\/nl\/#website","url":"https:\/\/laundrydashboard.com\/nl\/","name":"Laundry Dashboard","description":"","potentialAction":[{"@type":"SearchAction","target":{"@type":"EntryPoint","urlTemplate":"https:\/\/laundrydashboard.com\/nl\/?s={search_term_string}"},"query-input":{"@type":"PropertyValueSpecification","valueRequired":true,"valueName":"search_term_string"}}],"inLanguage":"fr-FR"}]}},"_links":{"self":[{"href":"https:\/\/laundrydashboard.com\/fr\/wp-json\/wp\/v2\/pages\/3361","targetHints":{"allow":["GET"]}}],"collection":[{"href":"https:\/\/laundrydashboard.com\/fr\/wp-json\/wp\/v2\/pages"}],"about":[{"href":"https:\/\/laundrydashboard.com\/fr\/wp-json\/wp\/v2\/types\/page"}],"author":[{"embeddable":true,"href":"https:\/\/laundrydashboard.com\/fr\/wp-json\/wp\/v2\/users\/5"}],"replies":[{"embeddable":true,"href":"https:\/\/laundrydashboard.com\/fr\/wp-json\/wp\/v2\/comments?post=3361"}],"version-history":[{"count":8,"href":"https:\/\/laundrydashboard.com\/fr\/wp-json\/wp\/v2\/pages\/3361\/revisions"}],"predecessor-version":[{"id":3404,"href":"https:\/\/laundrydashboard.com\/fr\/wp-json\/wp\/v2\/pages\/3361\/revisions\/3404"}],"up":[{"embeddable":true,"href":"https:\/\/laundrydashboard.com\/fr\/wp-json\/wp\/v2\/pages\/1178"}],"wp:attachment":[{"href":"https:\/\/laundrydashboard.com\/fr\/wp-json\/wp\/v2\/media?parent=3361"}],"curies":[{"name":"wp","href":"https:\/\/api.w.org\/{rel}","templated":true}]}}