{"id":3373,"date":"2021-05-19T09:53:05","date_gmt":"2021-05-19T08:53:05","guid":{"rendered":"\/cas\/casus-moderna-textielservice-hardenberg\/"},"modified":"2022-10-07T13:12:51","modified_gmt":"2022-10-07T12:12:51","slug":"casus-moderna-textielservice-hardenberg","status":"publish","type":"page","link":"https:\/\/laundrydashboard.com\/fr\/cas\/casus-moderna-textielservice-hardenberg\/","title":{"rendered":"Cas Moderna Textielservice Hardenberg"},"content":{"rendered":"","protected":false},"excerpt":{"rendered":"","protected":false},"author":5,"featured_media":3243,"parent":1178,"menu_order":1,"comment_status":"closed","ping_status":"closed","template":"","meta":{"_acf_changed":false,"footnotes":""},"class_list":["post-3373","page","type-page","status-publish","has-post-thumbnail","hentry"],"acf":{"flexible_content":[{"acf_fc_layout":"wysiwyg","pre_title":"Cas Moderna Textielservice Hardenberg","title":"La consommation de gaz d'au moins 10 %.  ","intro":"","content":"<img class=\"wp-image-3241 size-large aligncenter\" src=\"https:\/\/www.laundrydashboard.com\/app\/uploads\/2021\/05\/Moderna-1024x642.png\" alt=\"\" width=\"1024\" height=\"642\" \/>","buttons":null,"heading_type":"h2","heading":"h1","layout_text_align":"centered","layout_textbox_size":8,"text_color":"","padding":{"top":"m","bottom":"0"},"layout_bg_show_image":false,"background_color":"","layout_bg_overlay":"","layout_bg_image_desktop":null,"layout_bg_position_desktop":"center","layout_bg_image_mobile":null,"layout_bg_position_mobile":"center","pre-title-transition":{"has_transition":false,"transition_type":"none","transition_offset":0,"transition_delay":0},"title-transition":{"has_transition":false,"transition_type":"none","transition_offset":"","transition_delay":0},"intro-transition":{"has_transition":false,"transition_type":"none","transition_offset":"","transition_delay":0},"text-transition":{"has_transition":false,"transition_type":"none","transition_offset":"","transition_delay":0},"layout_custom_css":null},{"acf_fc_layout":"wysiwyg","pre_title":"","title":"","intro":"Moderna est un fournisseur durable d'une gamme compl\u00e8te de v\u00eatements de travail, de  textiles de nettoyage, d'\u00e9quipements de protection individuelle, de produits pour les zones sanitaires et les espaces de travail, de produits de nettoyage, de tapis et de plusieurs articles suppl\u00e9mentaires. Gr\u00e2ce \u00e0 Laundry Dashboard, ils peuvent optimiser leur processus de blanchisserie. ","content":"<strong>Le d\u00e9fi<\/strong>\r\n\r\n<img class=\"size-medium wp-image-3245 alignright\" src=\"https:\/\/www.laundrydashboard.com\/app\/uploads\/2021\/05\/Moderna-medewerker-200x300.jpg\" alt=\"\" width=\"200\" height=\"300\" \/>\r\n\r\nModerna s'est pos\u00e9 un certain nombre de questions avant le partenariat, telles que : \"Comment pouvons-nous am\u00e9liorer\r\n\r\nnotre vision de la blanchisserie ? Comment pouvons-nous utiliser les donn\u00e9es pour diriger correctement nos employ\u00e9s et nos machines ? Pouvons-nous utiliser les donn\u00e9es comme base d'une meilleure prise de d\u00e9cision ?\". Ils \u00e9taient \u00e0 la recherche d'un syst\u00e8me qui leur permettrait de visualiser les processus intangibles et invisibles de leur blanchisserie afin d'atteindre leur objectif ultime : optimiser les processus de blanchisserie et rendre l'entreprise plus durable.\r\n\r\nNous nous sommes entretenus avec Luuk Hans, un employ\u00e9 de Moderna. Luuk et son \u00e9quipe ont r\u00e9alis\u00e9 une magnifique am\u00e9lioration de la consommation d'\u00e9nergie dans la blanchisserie de l'h\u00f4tellerie. \"Les blanchisseries sont confront\u00e9es \u00e0 des processus complexes. C'est pourquoi la connaissance et la perspicacit\u00e9 sont importantes. Par exemple, il peut \u00eatre difficile d'\u00e9tablir quand exactement une mesure devient \u00e9conome en \u00e9nergie, et o\u00f9 se situent exactement les points de basculement. Il y a toujours une recherche d'\u00e9quilibre - un processus qui est simplifi\u00e9 par l'utilisation des donn\u00e9es\", raconte Luuk Hans.\r\n\r\n&nbsp;\r\n\r\n<strong>La solution<\/strong>\r\n\r\nModerna a trouv\u00e9 la solution \u00e0 ces d\u00e9fis en utilisant Laundry Dashboard. La version mise en \u0153uvre chez Moderna donne un aper\u00e7u de la capacit\u00e9 de travail, des performances des machines et de l'efficacit\u00e9 de la consommation. Les donn\u00e9es g\u00e9n\u00e9r\u00e9es par Laundry Dashboard leur ont ouvert les yeux. \"Les chiffres sont \u00e9loquents\", poursuit Luuk. \"Lorsque nous commen\u00e7ons un projet d'optimisation, nous devons commencer par tout mesurer afin de nous pr\u00e9munir contre toute prise de d\u00e9cision erron\u00e9e au cours du processus d'am\u00e9lioration. Nous devons commencer notre projet d'optimisation quelque part, et c'est l\u00e0 que les donn\u00e9es jouent un r\u00f4le essentiel. Par exemple, les donn\u00e9es vous indiquent vos performances actuelles en termes de consommation d'\u00e9nergie. Vous pouvez utiliser ces chiffres comme base pour d\u00e9finir vos objectifs.\"\r\n\r\nLorsqu'on lui demande comment ils parviennent \u00e0 \u00e9conomiser sur la consommation d'\u00e9nergie, Luuk r\u00e9pond : \"Nous avons travaill\u00e9 sur l'optimisation de la consommation de gaz pour les s\u00e9choirs de la blanchisserie de l'accueil. Et, essentiellement, nous l'avons fait en ajoutant de l'eau chaude au CBW. Comment sommes-nous parvenus \u00e0 cette d\u00e9cision ? Nous avons utilis\u00e9 les donn\u00e9es de Laundry Dashboard pour voir ce que les s\u00e9choirs faisaient exactement en termes de consommation. Ces donn\u00e9es ont montr\u00e9 que la temp\u00e9rature du linge introduit dans les s\u00e9choirs \u00e9tait trop basse. Nous avons donc d\u00e9cid\u00e9 d'ajouter d'abord de l'eau chaude dans le compartiment de rin\u00e7age du CBW, augmentant ainsi la temp\u00e9rature du linge alimentant les s\u00e9choirs et diminuant la quantit\u00e9 d'humidit\u00e9 dans le linge. Nous avons \u00e9galement optimis\u00e9 manuellement les r\u00e9glages des s\u00e9choirs. Par exemple, nous avons abaiss\u00e9 de 10\u00b0C la temp\u00e9rature d'entr\u00e9e des s\u00e9choirs. Globalement, cela s'est traduit par une r\u00e9duction de la consommation de gaz car les s\u00e9choirs parviennent \u00e0 conserver une temp\u00e9rature plus constante.\r\n\r\n&nbsp;\r\n\r\n<strong>Le r\u00e9sultat <\/strong>\r\n\r\n<img class=\"size-medium wp-image-3249 alignright\" src=\"https:\/\/www.laundrydashboard.com\/app\/uploads\/2021\/05\/Moderna-medewerker-2-200x300.jpg\" alt=\"\" width=\"200\" height=\"300\" \/>\r\n\r\n\"Nous avons r\u00e9duit la consommation de gaz de pas moins de 10%. De plus, nous avons r\u00e9duit le temps de cycle des s\u00e9choirs de 25% par lot. Un double gain !\" d\u00e9clare Luuk.\r\n\r\nUn autre aspect important des op\u00e9rations de Moderna concerne ses employ\u00e9s. \"Nous mesurons les performances des employ\u00e9s pour nous permettre d'am\u00e9liorer les processus. Ce qui, \u00e0 son tour, profite \u00e0 nos employ\u00e9s. Et n'oublions pas les donn\u00e9es actuellement recueillies - un bien pr\u00e9cieux pour l'avenir en ce qui concerne la robotisation et l'automatisation. Apr\u00e8s tout, il faut \u00e9norm\u00e9ment de temps pour g\u00e9n\u00e9rer soi-m\u00eame des Big Data.\"\r\n\r\nLaundry Dashboard est fi\u00e8re du projet qu'elle a r\u00e9alis\u00e9 en collaboration avec Moderna. Ce cas nous montre que l'utilisation des donn\u00e9es pour obtenir le bon int\u00e9r\u00eat des processus de blanchisserie est l'un des aspects cl\u00e9s pour atteindre ses objectifs. Moderna a obtenu les solutions \u00e0 ses probl\u00e8mes en utilisant les donn\u00e9es pour am\u00e9liorer la compr\u00e9hension et la prise de d\u00e9cision. Cela leur permet de travailler plus efficacement - ici, en r\u00e9duisant la consommation d'\u00e9nergie et en r\u00e9duisant les co\u00fbts. Cela permet \u00e0 Moderna de d\u00e9velopper son activit\u00e9 de mani\u00e8re durable et orient\u00e9e vers l'avenir.","buttons":null,"heading_type":"h2","heading":"h1","layout_text_align":"centered","layout_textbox_size":8,"text_color":"","padding":{"top":"0","bottom":"s"},"layout_bg_show_image":false,"background_color":"","layout_bg_overlay":"","layout_bg_image_desktop":null,"layout_bg_position_desktop":"center","layout_bg_image_mobile":null,"layout_bg_position_mobile":"center","pre-title-transition":{"has_transition":false,"transition_type":"none","transition_offset":0,"transition_delay":0},"title-transition":{"has_transition":false,"transition_type":"none","transition_offset":"","transition_delay":0},"intro-transition":{"has_transition":false,"transition_type":"none","transition_offset":"","transition_delay":0},"text-transition":{"has_transition":false,"transition_type":"none","transition_offset":"","transition_delay":0},"layout_custom_css":null},{"acf_fc_layout":"ctabanner","title":"\"Nous avons r\u00e9duit la consommation de gaz de pas moins de 10%. De plus, nous avons r\u00e9duit le temps de cycle des s\u00e9choirs de 25% par lot. Un double gain !\"","intro":"Luuk Hans, employ\u00e9 de Moderna Textielservice","link":"","heading_type":"h2","heading":"h2","layout_background_image":"","background_color":"","text_color":"","padding":{"top":"m","bottom":"m"},"title-transition":{"has_transition":false,"transition_type":"none","transition_offset":"","transition_delay":0},"intro-transition":{"has_transition":false,"transition_type":"none","transition_offset":"","transition_delay":0},"buttons-transition":{"has_transition":false,"transition_type":"none","transition_offset":"","transition_delay":0},"layout_custom_css":null}]},"yoast_head":"<!-- This site is optimized with the Yoast SEO plugin v27.0 - https:\/\/yoast.com\/product\/yoast-seo-wordpress\/ -->\n<title>Cas Moderna Textielservice Hardenberg - Laundry Dashboard<\/title>\n<meta name=\"description\" content=\"&quot;Nous avons r\u00e9alis\u00e9 jusqu&#039;\u00e0 10 % d&#039;\u00e9conomies de gaz. Nous avons \u00e9galement r\u00e9alis\u00e9 des gains de temps de plus de 25% par article avec les s\u00e9choirs. C&#039;est le double du b\u00e9n\u00e9fice !&quot;\" \/>\n<meta name=\"robots\" content=\"index, follow, max-snippet:-1, max-image-preview:large, max-video-preview:-1\" \/>\n<link rel=\"canonical\" href=\"https:\/\/laundrydashboard.com\/fr\/cas\/casus-moderna-textielservice-hardenberg\/\" \/>\n<meta property=\"og:locale\" content=\"fr_FR\" \/>\n<meta property=\"og:type\" content=\"article\" \/>\n<meta property=\"og:title\" content=\"Cas Moderna Textielservice Hardenberg - Laundry Dashboard\" \/>\n<meta property=\"og:description\" content=\"&quot;Nous avons r\u00e9alis\u00e9 jusqu&#039;\u00e0 10 % d&#039;\u00e9conomies de gaz. Nous avons \u00e9galement r\u00e9alis\u00e9 des gains de temps de plus de 25% par article avec les s\u00e9choirs. C&#039;est le double du b\u00e9n\u00e9fice !&quot;\" \/>\n<meta property=\"og:url\" content=\"https:\/\/laundrydashboard.com\/fr\/cas\/casus-moderna-textielservice-hardenberg\/\" \/>\n<meta property=\"og:site_name\" content=\"Laundry Dashboard\" \/>\n<meta property=\"article:modified_time\" content=\"2022-10-07T12:12:51+00:00\" \/>\n<meta property=\"og:image\" content=\"https:\/\/laundrydashboard.com\/app\/uploads\/2021\/05\/Moderna.png\" \/>\n\t<meta property=\"og:image:width\" content=\"1402\" \/>\n\t<meta property=\"og:image:height\" content=\"879\" \/>\n\t<meta property=\"og:image:type\" content=\"image\/png\" \/>\n<meta name=\"twitter:card\" content=\"summary_large_image\" \/>\n<script type=\"application\/ld+json\" class=\"yoast-schema-graph\">{\"@context\":\"https:\/\/schema.org\",\"@graph\":[{\"@type\":\"WebPage\",\"@id\":\"https:\/\/laundrydashboard.com\/fr\/cas\/casus-moderna-textielservice-hardenberg\/\",\"url\":\"https:\/\/laundrydashboard.com\/fr\/cas\/casus-moderna-textielservice-hardenberg\/\",\"name\":\"Cas Moderna Textielservice Hardenberg - Laundry Dashboard\",\"isPartOf\":{\"@id\":\"https:\/\/laundrydashboard.com\/nl\/#website\"},\"primaryImageOfPage\":{\"@id\":\"https:\/\/laundrydashboard.com\/fr\/cas\/casus-moderna-textielservice-hardenberg\/#primaryimage\"},\"image\":{\"@id\":\"https:\/\/laundrydashboard.com\/fr\/cas\/casus-moderna-textielservice-hardenberg\/#primaryimage\"},\"thumbnailUrl\":\"https:\/\/laundrydashboard.com\/app\/uploads\/2021\/05\/Moderna.png\",\"datePublished\":\"2021-05-19T08:53:05+00:00\",\"dateModified\":\"2022-10-07T12:12:51+00:00\",\"description\":\"\\\"Nous avons r\u00e9alis\u00e9 jusqu'\u00e0 10 % d'\u00e9conomies de gaz. Nous avons \u00e9galement r\u00e9alis\u00e9 des gains de temps de plus de 25% par article avec les s\u00e9choirs. C'est le double du b\u00e9n\u00e9fice !\\\"\",\"breadcrumb\":{\"@id\":\"https:\/\/laundrydashboard.com\/fr\/cas\/casus-moderna-textielservice-hardenberg\/#breadcrumb\"},\"inLanguage\":\"fr-FR\",\"potentialAction\":[{\"@type\":\"ReadAction\",\"target\":[\"https:\/\/laundrydashboard.com\/fr\/cas\/casus-moderna-textielservice-hardenberg\/\"]}]},{\"@type\":\"ImageObject\",\"inLanguage\":\"fr-FR\",\"@id\":\"https:\/\/laundrydashboard.com\/fr\/cas\/casus-moderna-textielservice-hardenberg\/#primaryimage\",\"url\":\"https:\/\/laundrydashboard.com\/app\/uploads\/2021\/05\/Moderna.png\",\"contentUrl\":\"https:\/\/laundrydashboard.com\/app\/uploads\/2021\/05\/Moderna.png\",\"width\":1402,\"height\":879},{\"@type\":\"BreadcrumbList\",\"@id\":\"https:\/\/laundrydashboard.com\/fr\/cas\/casus-moderna-textielservice-hardenberg\/#breadcrumb\",\"itemListElement\":[{\"@type\":\"ListItem\",\"position\":1,\"name\":\"Home\",\"item\":\"https:\/\/www.laundrydashboard.com\/fr\/\"},{\"@type\":\"ListItem\",\"position\":2,\"name\":\"Cas\",\"item\":\"https:\/\/laundrydashboard.com\/fr\/cas\/\"},{\"@type\":\"ListItem\",\"position\":3,\"name\":\"Cas Moderna Textielservice Hardenberg\"}]},{\"@type\":\"WebSite\",\"@id\":\"https:\/\/laundrydashboard.com\/nl\/#website\",\"url\":\"https:\/\/laundrydashboard.com\/nl\/\",\"name\":\"Laundry Dashboard\",\"description\":\"\",\"potentialAction\":[{\"@type\":\"SearchAction\",\"target\":{\"@type\":\"EntryPoint\",\"urlTemplate\":\"https:\/\/laundrydashboard.com\/nl\/?s={search_term_string}\"},\"query-input\":{\"@type\":\"PropertyValueSpecification\",\"valueRequired\":true,\"valueName\":\"search_term_string\"}}],\"inLanguage\":\"fr-FR\"}]}<\/script>\n<!-- \/ Yoast SEO plugin. -->","yoast_head_json":{"title":"Cas Moderna Textielservice Hardenberg - Laundry Dashboard","description":"\"Nous avons r\u00e9alis\u00e9 jusqu'\u00e0 10 % d'\u00e9conomies de gaz. Nous avons \u00e9galement r\u00e9alis\u00e9 des gains de temps de plus de 25% par article avec les s\u00e9choirs. C'est le double du b\u00e9n\u00e9fice !\"","robots":{"index":"index","follow":"follow","max-snippet":"max-snippet:-1","max-image-preview":"max-image-preview:large","max-video-preview":"max-video-preview:-1"},"canonical":"https:\/\/laundrydashboard.com\/fr\/cas\/casus-moderna-textielservice-hardenberg\/","og_locale":"fr_FR","og_type":"article","og_title":"Cas Moderna Textielservice Hardenberg - Laundry Dashboard","og_description":"\"Nous avons r\u00e9alis\u00e9 jusqu'\u00e0 10 % d'\u00e9conomies de gaz. Nous avons \u00e9galement r\u00e9alis\u00e9 des gains de temps de plus de 25% par article avec les s\u00e9choirs. C'est le double du b\u00e9n\u00e9fice !\"","og_url":"https:\/\/laundrydashboard.com\/fr\/cas\/casus-moderna-textielservice-hardenberg\/","og_site_name":"Laundry Dashboard","article_modified_time":"2022-10-07T12:12:51+00:00","og_image":[{"width":1402,"height":879,"url":"https:\/\/laundrydashboard.com\/app\/uploads\/2021\/05\/Moderna.png","type":"image\/png"}],"twitter_card":"summary_large_image","schema":{"@context":"https:\/\/schema.org","@graph":[{"@type":"WebPage","@id":"https:\/\/laundrydashboard.com\/fr\/cas\/casus-moderna-textielservice-hardenberg\/","url":"https:\/\/laundrydashboard.com\/fr\/cas\/casus-moderna-textielservice-hardenberg\/","name":"Cas Moderna Textielservice Hardenberg - Laundry Dashboard","isPartOf":{"@id":"https:\/\/laundrydashboard.com\/nl\/#website"},"primaryImageOfPage":{"@id":"https:\/\/laundrydashboard.com\/fr\/cas\/casus-moderna-textielservice-hardenberg\/#primaryimage"},"image":{"@id":"https:\/\/laundrydashboard.com\/fr\/cas\/casus-moderna-textielservice-hardenberg\/#primaryimage"},"thumbnailUrl":"https:\/\/laundrydashboard.com\/app\/uploads\/2021\/05\/Moderna.png","datePublished":"2021-05-19T08:53:05+00:00","dateModified":"2022-10-07T12:12:51+00:00","description":"\"Nous avons r\u00e9alis\u00e9 jusqu'\u00e0 10 % d'\u00e9conomies de gaz. Nous avons \u00e9galement r\u00e9alis\u00e9 des gains de temps de plus de 25% par article avec les s\u00e9choirs. C'est le double du b\u00e9n\u00e9fice !\"","breadcrumb":{"@id":"https:\/\/laundrydashboard.com\/fr\/cas\/casus-moderna-textielservice-hardenberg\/#breadcrumb"},"inLanguage":"fr-FR","potentialAction":[{"@type":"ReadAction","target":["https:\/\/laundrydashboard.com\/fr\/cas\/casus-moderna-textielservice-hardenberg\/"]}]},{"@type":"ImageObject","inLanguage":"fr-FR","@id":"https:\/\/laundrydashboard.com\/fr\/cas\/casus-moderna-textielservice-hardenberg\/#primaryimage","url":"https:\/\/laundrydashboard.com\/app\/uploads\/2021\/05\/Moderna.png","contentUrl":"https:\/\/laundrydashboard.com\/app\/uploads\/2021\/05\/Moderna.png","width":1402,"height":879},{"@type":"BreadcrumbList","@id":"https:\/\/laundrydashboard.com\/fr\/cas\/casus-moderna-textielservice-hardenberg\/#breadcrumb","itemListElement":[{"@type":"ListItem","position":1,"name":"Home","item":"https:\/\/www.laundrydashboard.com\/fr\/"},{"@type":"ListItem","position":2,"name":"Cas","item":"https:\/\/laundrydashboard.com\/fr\/cas\/"},{"@type":"ListItem","position":3,"name":"Cas Moderna Textielservice Hardenberg"}]},{"@type":"WebSite","@id":"https:\/\/laundrydashboard.com\/nl\/#website","url":"https:\/\/laundrydashboard.com\/nl\/","name":"Laundry Dashboard","description":"","potentialAction":[{"@type":"SearchAction","target":{"@type":"EntryPoint","urlTemplate":"https:\/\/laundrydashboard.com\/nl\/?s={search_term_string}"},"query-input":{"@type":"PropertyValueSpecification","valueRequired":true,"valueName":"search_term_string"}}],"inLanguage":"fr-FR"}]}},"_links":{"self":[{"href":"https:\/\/laundrydashboard.com\/fr\/wp-json\/wp\/v2\/pages\/3373","targetHints":{"allow":["GET"]}}],"collection":[{"href":"https:\/\/laundrydashboard.com\/fr\/wp-json\/wp\/v2\/pages"}],"about":[{"href":"https:\/\/laundrydashboard.com\/fr\/wp-json\/wp\/v2\/types\/page"}],"author":[{"embeddable":true,"href":"https:\/\/laundrydashboard.com\/fr\/wp-json\/wp\/v2\/users\/5"}],"replies":[{"embeddable":true,"href":"https:\/\/laundrydashboard.com\/fr\/wp-json\/wp\/v2\/comments?post=3373"}],"version-history":[{"count":2,"href":"https:\/\/laundrydashboard.com\/fr\/wp-json\/wp\/v2\/pages\/3373\/revisions"}],"predecessor-version":[{"id":3376,"href":"https:\/\/laundrydashboard.com\/fr\/wp-json\/wp\/v2\/pages\/3373\/revisions\/3376"}],"up":[{"embeddable":true,"href":"https:\/\/laundrydashboard.com\/fr\/wp-json\/wp\/v2\/pages\/1178"}],"wp:featuredmedia":[{"embeddable":true,"href":"https:\/\/laundrydashboard.com\/fr\/wp-json\/wp\/v2\/media\/3243"}],"wp:attachment":[{"href":"https:\/\/laundrydashboard.com\/fr\/wp-json\/wp\/v2\/media?parent=3373"}],"curies":[{"name":"wp","href":"https:\/\/api.w.org\/{rel}","templated":true}]}}