{"id":3327,"date":"2021-07-07T09:45:54","date_gmt":"2021-07-07T08:45:54","guid":{"rendered":"\/?page_id=3327"},"modified":"2024-07-08T13:51:25","modified_gmt":"2024-07-08T12:51:25","slug":"casus-centralvaskeriet-denemarken","status":"publish","type":"page","link":"https:\/\/laundrydashboard.com\/nl\/casussen\/casus-centralvaskeriet-denemarken\/","title":{"rendered":"Casus Centralvaskeriet, Denemarken"},"content":{"rendered":"","protected":false},"excerpt":{"rendered":"","protected":false},"author":5,"featured_media":0,"parent":727,"menu_order":0,"comment_status":"closed","ping_status":"closed","template":"","meta":{"_acf_changed":false,"footnotes":""},"class_list":["post-3327","page","type-page","status-publish","hentry"],"acf":{"flexible_content":[{"acf_fc_layout":"wysiwyg","pre_title":"Casus Centralvaskeriet, Denemarken","title":"Verbetering op linnenproductie van 30%.","intro":"","content":"<img class=\"aligncenter wp-image-3328 size-large\" src=\"https:\/\/www.laundrydashboard.com\/app\/uploads\/2021\/07\/Centralvaskeriet-SFG-1024x640.jpg\" alt=\"\" width=\"1024\" height=\"640\" \/>\r\n\r\n&nbsp;","buttons":null,"heading_type":"h2","heading":"h1","layout_text_align":"centered","layout_textbox_size":"8","text_color":"","padding":{"top":"m","bottom":"0"},"layout_bg_show_image":false,"background_color":"","layout_bg_overlay":"","layout_bg_image_desktop":null,"layout_bg_position_desktop":"center","layout_bg_image_mobile":null,"layout_bg_position_mobile":"center","pre-title-transition":{"has_transition":false,"transition_type":"none","transition_offset":0,"transition_delay":0},"title-transition":{"has_transition":false,"transition_type":"none","transition_offset":"","transition_delay":0},"intro-transition":{"has_transition":false,"transition_type":"none","transition_offset":"","transition_delay":0},"text-transition":{"has_transition":false,"transition_type":"none","transition_offset":"","transition_delay":0},"layout_custom_css":""},{"acf_fc_layout":"wysiwyg","pre_title":"","title":"","intro":"Zelden zie je een eigenaar van een wasserij zo ontspannen op de bank zitten, 600 kilometer van huis. Maar S\u00f8ren Fuglsang-Gram heeft dan ook niet veel om zich zorgen over te maken. Met \u00e9\u00e9n blik op z\u2019n telefoon ziet hij precies hoe de wasserij het doet, en of alles volgens plan gaat. En dat dankzij Laundry Dashboard.","content":"<strong>De uitdaging<\/strong>\r\n\r\nS\u00f8ren\u00a0kwam rond 2013 in contact met Laundry Dashboard via Christeyns. Hij was direct enthousiast over het concept. S\u00f8ren: \u2018Je kunt wel in de wasserij rondkijken, en denken dat iedereen hard aan het werk is \u2013 of niet, maar dat is \u00e9\u00e9n enkele indruk. Daar kun je niet op vertrouwen. Misschien is een machine net van programma aan het wisselen, en staat daarom een medewerker even niets te doen. Of misschien lijkt een medewerker druk bezig, maar komt er feitelijk heel weinig uit z\u2019n handen. Je hebt een tool nodig waarmee je dit kunt monitoren en meten. Pas dan kun je gegronde beslissingen nemen over wat je ermee doet\u2019.\r\n\r\n&nbsp;\r\n\r\n<strong>De oplossing<\/strong>\r\n\r\nDie tool vond hij in Laundry Dashboard. Heel gericht ging hij aan de gang met de implementatie ervan, werkplek voor werkplek. Door de medewerkers mee te nemen in dit proces, werden ze gemotiveerd om er actief mee aan de gang te gaan. \u2018Daarnaast hebben we veel ge\u00efnvesteerd in onze medewerkers\u2019, zegt S\u00f8ren. \u2018Ik heb met iedere afdeling elke week even overleg, en ze kunnen tips en idee\u00ebn doorgeven, waar we dan ook echt iets mee doen. Dat gecombineerd met Laundry Dashboard, geeft een ploeg zeer gemotiveerde medewerkers. We hebben onze linnenproductie met meer dan 30% verbeterd \u2013 gewoon door ze bij het proces te betrekken, ze real-time te laten zien wat ze doen en dit proces te monitoren en te sturen via Laundry Dashboard\u2019.\r\n\r\nOp de vraag hoe S\u00f8ren\u00a0Laundry Dashboard in de dagelijkse praktijk gebruikt, is hij heel kort: \u2018Het is het eerste dat ik check \u2019s ochtends, en het laatste dat ik \u2019s avonds weg klik. Ik gebruik het de hele dag. En als je dat elke dag doet, en elke week, en elk jaar, en de trends hierin ontdekt, zie je per dag of het een goede of een minder goede dag was. Je krijgt zoveel inzicht door Laundry Dashboard. Ik zie per werkplek of mijn jaarinschatting klopt. Elke medewerker ziet of hij op koers loopt om z\u2019n target te halen van die dag.\u2019 Beslissingen over investeringen in nieuwe machines baseert hij mede op de gemeten productiviteit in Laundry Dashboard \u2013 en hij toetst vervolgens de door de fabrikant beloofde capaciteit ook weer met Laundry Dashboard. Afwijkingen zijn op deze manier gelijk duidelijk.\r\n\r\n&nbsp;\r\n\r\n<strong>Het resultaat<\/strong>\r\n\r\nDat dit direct geld oplevert, zal iedereen zich kunnen voorstellen. Maar ook indirect werpt deze aanpak z\u2019n vruchten af. \u2018Ik heb geen productieleider meer op de werkvloer\u2019, zegt S\u00f8ren. \u2018Mijn medewerkers werken in teams, en ik volg alles wat er gebeurt via Laundry Dashboard. Dit werkt perfect\u2019.\r\n\r\nEn naast het besparen van geld, levert Laundry Dashboard hem ook veel tijd op. \u2018Doordat Laundry Dashboard mij in \u00e9\u00e9n oogopslag zoveel inzicht geeft, kan ik de rest van mijn tijd besteden om aan de details te werken, om het nog weer beter te doen. In deze markt moet je geld verdienen aan de kostprijskant \u2013 en dat kan door op deze manier met de wasserij bezig te zijn. Kennis is key \u2013 daarmee maak je het verschil.\u2019\r\n\r\nHet geeft zoveel rust om eenvoudig maar toch exact te kunnen zien hoe de wasserij presteert, dat S\u00f8ren\u00a0met een gerust hart een salesbezoek aan Nederland brengt van een aantal dagen \u2013 of met z\u2019n gezin 2 weken op vakantie gaat. \u2018Ik bekeek elke week slechts twee dashboards \u2013 en dat was genoeg om te zien of het goed ging of om eenvoudig bij te sturen\u2019.","buttons":null,"heading_type":"h2","heading":"h1","layout_text_align":"centered","layout_textbox_size":"8","text_color":"","padding":{"top":"0","bottom":"s"},"layout_bg_show_image":false,"background_color":"","layout_bg_overlay":"","layout_bg_image_desktop":null,"layout_bg_position_desktop":"center","layout_bg_image_mobile":null,"layout_bg_position_mobile":"center","pre-title-transition":{"has_transition":false,"transition_type":"none","transition_offset":0,"transition_delay":0},"title-transition":{"has_transition":false,"transition_type":"none","transition_offset":"","transition_delay":0},"intro-transition":{"has_transition":false,"transition_type":"none","transition_offset":"","transition_delay":0},"text-transition":{"has_transition":false,"transition_type":"none","transition_offset":"","transition_delay":0},"layout_custom_css":""},{"acf_fc_layout":"ctabanner","title":"'Je hebt een tool nodig waarmee je dit kunt monitoren en meten. Pas dan kun je gegronde beslissingen nemen over wat je ermee doet.\u2019 ","intro":"S\u00f8ren Fuglsang-Gram, CEO Centralvaskeriet Denemarken","link":"","heading_type":"h2","heading":"h2","layout_background_image":"","background_color":"","text_color":"","padding":{"top":"m","bottom":"m"},"title-transition":{"has_transition":false,"transition_type":"none","transition_offset":"","transition_delay":0},"intro-transition":{"has_transition":false,"transition_type":"none","transition_offset":"","transition_delay":0},"buttons-transition":{"has_transition":false,"transition_type":"none","transition_offset":"","transition_delay":0},"layout_custom_css":""}]},"yoast_head":"<!-- This site is optimized with the Yoast SEO plugin v27.0 - https:\/\/yoast.com\/product\/yoast-seo-wordpress\/ -->\n<title>Casus Centralvaskeriet, Denemarken - Laundry Dashboard<\/title>\n<meta name=\"description\" content=\"Met \u00e9\u00e9n blik op je telefoon zie je precies hoe de wasserij het doet, en of alles volgens plan gaat. En dat dankzij Laundry Dashboard.\" \/>\n<meta name=\"robots\" content=\"index, follow, max-snippet:-1, max-image-preview:large, max-video-preview:-1\" \/>\n<link rel=\"canonical\" href=\"https:\/\/laundrydashboard.com\/nl\/casussen\/casus-centralvaskeriet-denemarken\/\" \/>\n<meta property=\"og:locale\" content=\"nl_NL\" \/>\n<meta property=\"og:type\" content=\"article\" \/>\n<meta property=\"og:title\" content=\"Casus Centralvaskeriet, Denemarken - Laundry Dashboard\" \/>\n<meta property=\"og:description\" content=\"Met \u00e9\u00e9n blik op je telefoon zie je precies hoe de wasserij het doet, en of alles volgens plan gaat. En dat dankzij Laundry Dashboard.\" \/>\n<meta property=\"og:url\" content=\"https:\/\/laundrydashboard.com\/nl\/casussen\/casus-centralvaskeriet-denemarken\/\" \/>\n<meta property=\"og:site_name\" content=\"Laundry Dashboard\" \/>\n<meta property=\"article:modified_time\" content=\"2024-07-08T12:51:25+00:00\" \/>\n<meta name=\"twitter:card\" content=\"summary_large_image\" \/>\n<meta name=\"twitter:label1\" content=\"Geschatte leestijd\" \/>\n\t<meta name=\"twitter:data1\" content=\"4 minuten\" \/>\n<script type=\"application\/ld+json\" class=\"yoast-schema-graph\">{\"@context\":\"https:\/\/schema.org\",\"@graph\":[{\"@type\":\"WebPage\",\"@id\":\"https:\/\/laundrydashboard.com\/nl\/casussen\/casus-centralvaskeriet-denemarken\/\",\"url\":\"https:\/\/laundrydashboard.com\/nl\/casussen\/casus-centralvaskeriet-denemarken\/\",\"name\":\"Casus Centralvaskeriet, Denemarken - Laundry Dashboard\",\"isPartOf\":{\"@id\":\"https:\/\/laundrydashboard.com\/nl\/#website\"},\"datePublished\":\"2021-07-07T08:45:54+00:00\",\"dateModified\":\"2024-07-08T12:51:25+00:00\",\"description\":\"Met \u00e9\u00e9n blik op je telefoon zie je precies hoe de wasserij het doet, en of alles volgens plan gaat. En dat dankzij Laundry Dashboard.\",\"breadcrumb\":{\"@id\":\"https:\/\/laundrydashboard.com\/nl\/casussen\/casus-centralvaskeriet-denemarken\/#breadcrumb\"},\"inLanguage\":\"nl-NL\",\"potentialAction\":[{\"@type\":\"ReadAction\",\"target\":[\"https:\/\/laundrydashboard.com\/nl\/casussen\/casus-centralvaskeriet-denemarken\/\"]}]},{\"@type\":\"BreadcrumbList\",\"@id\":\"https:\/\/laundrydashboard.com\/nl\/casussen\/casus-centralvaskeriet-denemarken\/#breadcrumb\",\"itemListElement\":[{\"@type\":\"ListItem\",\"position\":1,\"name\":\"Home\",\"item\":\"https:\/\/laundrydashboard.com\/nl\/\"},{\"@type\":\"ListItem\",\"position\":2,\"name\":\"Casussen\",\"item\":\"https:\/\/www.laundrydashboard.com\/nl\/casussen\/\"},{\"@type\":\"ListItem\",\"position\":3,\"name\":\"Casus Centralvaskeriet, Denemarken\"}]},{\"@type\":\"WebSite\",\"@id\":\"https:\/\/laundrydashboard.com\/nl\/#website\",\"url\":\"https:\/\/laundrydashboard.com\/nl\/\",\"name\":\"Laundry Dashboard\",\"description\":\"\",\"potentialAction\":[{\"@type\":\"SearchAction\",\"target\":{\"@type\":\"EntryPoint\",\"urlTemplate\":\"https:\/\/laundrydashboard.com\/nl\/?s={search_term_string}\"},\"query-input\":{\"@type\":\"PropertyValueSpecification\",\"valueRequired\":true,\"valueName\":\"search_term_string\"}}],\"inLanguage\":\"nl-NL\"}]}<\/script>\n<!-- \/ Yoast SEO plugin. -->","yoast_head_json":{"title":"Casus Centralvaskeriet, Denemarken - Laundry Dashboard","description":"Met \u00e9\u00e9n blik op je telefoon zie je precies hoe de wasserij het doet, en of alles volgens plan gaat. En dat dankzij Laundry Dashboard.","robots":{"index":"index","follow":"follow","max-snippet":"max-snippet:-1","max-image-preview":"max-image-preview:large","max-video-preview":"max-video-preview:-1"},"canonical":"https:\/\/laundrydashboard.com\/nl\/casussen\/casus-centralvaskeriet-denemarken\/","og_locale":"nl_NL","og_type":"article","og_title":"Casus Centralvaskeriet, Denemarken - Laundry Dashboard","og_description":"Met \u00e9\u00e9n blik op je telefoon zie je precies hoe de wasserij het doet, en of alles volgens plan gaat. En dat dankzij Laundry Dashboard.","og_url":"https:\/\/laundrydashboard.com\/nl\/casussen\/casus-centralvaskeriet-denemarken\/","og_site_name":"Laundry Dashboard","article_modified_time":"2024-07-08T12:51:25+00:00","twitter_card":"summary_large_image","twitter_misc":{"Geschatte leestijd":"4 minuten"},"schema":{"@context":"https:\/\/schema.org","@graph":[{"@type":"WebPage","@id":"https:\/\/laundrydashboard.com\/nl\/casussen\/casus-centralvaskeriet-denemarken\/","url":"https:\/\/laundrydashboard.com\/nl\/casussen\/casus-centralvaskeriet-denemarken\/","name":"Casus Centralvaskeriet, Denemarken - Laundry Dashboard","isPartOf":{"@id":"https:\/\/laundrydashboard.com\/nl\/#website"},"datePublished":"2021-07-07T08:45:54+00:00","dateModified":"2024-07-08T12:51:25+00:00","description":"Met \u00e9\u00e9n blik op je telefoon zie je precies hoe de wasserij het doet, en of alles volgens plan gaat. En dat dankzij Laundry Dashboard.","breadcrumb":{"@id":"https:\/\/laundrydashboard.com\/nl\/casussen\/casus-centralvaskeriet-denemarken\/#breadcrumb"},"inLanguage":"nl-NL","potentialAction":[{"@type":"ReadAction","target":["https:\/\/laundrydashboard.com\/nl\/casussen\/casus-centralvaskeriet-denemarken\/"]}]},{"@type":"BreadcrumbList","@id":"https:\/\/laundrydashboard.com\/nl\/casussen\/casus-centralvaskeriet-denemarken\/#breadcrumb","itemListElement":[{"@type":"ListItem","position":1,"name":"Home","item":"https:\/\/laundrydashboard.com\/nl\/"},{"@type":"ListItem","position":2,"name":"Casussen","item":"https:\/\/www.laundrydashboard.com\/nl\/casussen\/"},{"@type":"ListItem","position":3,"name":"Casus Centralvaskeriet, Denemarken"}]},{"@type":"WebSite","@id":"https:\/\/laundrydashboard.com\/nl\/#website","url":"https:\/\/laundrydashboard.com\/nl\/","name":"Laundry Dashboard","description":"","potentialAction":[{"@type":"SearchAction","target":{"@type":"EntryPoint","urlTemplate":"https:\/\/laundrydashboard.com\/nl\/?s={search_term_string}"},"query-input":{"@type":"PropertyValueSpecification","valueRequired":true,"valueName":"search_term_string"}}],"inLanguage":"nl-NL"}]}},"_links":{"self":[{"href":"https:\/\/laundrydashboard.com\/nl\/wp-json\/wp\/v2\/pages\/3327","targetHints":{"allow":["GET"]}}],"collection":[{"href":"https:\/\/laundrydashboard.com\/nl\/wp-json\/wp\/v2\/pages"}],"about":[{"href":"https:\/\/laundrydashboard.com\/nl\/wp-json\/wp\/v2\/types\/page"}],"author":[{"embeddable":true,"href":"https:\/\/laundrydashboard.com\/nl\/wp-json\/wp\/v2\/users\/5"}],"replies":[{"embeddable":true,"href":"https:\/\/laundrydashboard.com\/nl\/wp-json\/wp\/v2\/comments?post=3327"}],"version-history":[{"count":17,"href":"https:\/\/laundrydashboard.com\/nl\/wp-json\/wp\/v2\/pages\/3327\/revisions"}],"predecessor-version":[{"id":3416,"href":"https:\/\/laundrydashboard.com\/nl\/wp-json\/wp\/v2\/pages\/3327\/revisions\/3416"}],"up":[{"embeddable":true,"href":"https:\/\/laundrydashboard.com\/nl\/wp-json\/wp\/v2\/pages\/727"}],"wp:attachment":[{"href":"https:\/\/laundrydashboard.com\/nl\/wp-json\/wp\/v2\/media?parent=3327"}],"curies":[{"name":"wp","href":"https:\/\/api.w.org\/{rel}","templated":true}]}}