{"id":3446,"date":"2021-07-22T13:56:42","date_gmt":"2021-07-22T12:56:42","guid":{"rendered":"\/casussen\/fallbeispiel-goeddecke-textilservice-olsberg-deutschland\/"},"modified":"2024-07-08T13:51:29","modified_gmt":"2024-07-08T12:51:29","slug":"casus-goddecke-textilpflege-olsberg-duitsland","status":"publish","type":"page","link":"https:\/\/laundrydashboard.com\/nl\/casussen\/casus-goddecke-textilpflege-olsberg-duitsland\/","title":{"rendered":"Casus G\u00f6ddecke Textilpflege Olsberg, Duitsland"},"content":{"rendered":"","protected":false},"excerpt":{"rendered":"","protected":false},"author":5,"featured_media":0,"parent":727,"menu_order":0,"comment_status":"closed","ping_status":"closed","template":"","meta":{"_acf_changed":false,"footnotes":""},"class_list":["post-3446","page","type-page","status-publish","hentry"],"acf":{"flexible_content":[{"acf_fc_layout":"videoblock","pre_title":"Casus G\u00f6ddecke Textilpflege Olsberg, Duitsland","title":"15% productiviteitsstijging op de PIG-afdeling","intro":"","platform":"vimeo","vimeo":"611628236","youtube":"","heading_type":"h2","heading":"h1","layout_text_align":"centered","text_color":"","padding":{"top":"m","bottom":"m"},"layout_bg_show_image":false,"background_color":"","layout_bg_overlay":"","layout_bg_image_desktop":null,"layout_bg_position_desktop":"center","layout_bg_image_mobile":null,"layout_bg_position_mobile":"center","layout_custom_css":"","pre-title-transition":{"has_transition":false,"transition_type":"none","transition_offset":0,"transition_delay":0},"title-transition":{"has_transition":false,"transition_type":"none","transition_offset":"","transition_delay":0},"intro-transition":{"has_transition":false,"transition_type":"none","transition_offset":"","transition_delay":0},"text-transition":{"has_transition":false,"transition_type":"none","transition_offset":"","transition_delay":0}},{"acf_fc_layout":"wysiwyg","pre_title":"","title":"","intro":"","content":"<strong>De uitdaging<\/strong>\r\n\r\nAan het begin van 2020 kwam het familiebedrijf G\u00f6ddecke Textielservice in de rode cijfers terecht. Vanwege de corona-beperkingen in de horeca viel 40% van de orders uit de horeca-branche weg. De CEO van G\u00f6ddecke begon een zoektocht naar het effici\u00ebnter functioneren van de wasserij. Hiervoor waren veel gegevens van de was processen nodig. Alle waarden van de machines werden tot die tijd per fabrikant in verschillende systemen geregistreerd. De informatie moest door dhr. G\u00f6ddecke zelf berekend en ge\u00ebvalueerd worden.\r\n\r\n<strong>De oplossing<\/strong>\r\n\r\nDe zoektocht naar effici\u00ebntie kwam uit bij Laundry Dashboard, als zijnde d\u00e9 oplossing om alle verbruiksdata in \u00e9\u00e9n oogopslag inzichtelijk te krijgen. Aan het begin van 2021 zijn alle machines bij G\u00f6ddecke aangesloten op Laundry Dashboard. De prestaties van\u00a0deze machines worden sindsdien gemeten en gecontroleerd. Als het verbruik afwijkt, waarschuwt het systeem. Dit drukt de kosten en helpt de ecologische voetafdruk te verkleinen.\r\n\r\nHet is voor G\u00f6ddecke belangrijk om werkprocessen te verbeteren, om de was sneller klaar te hebben, om een betere doorstroom in de productie te krijgen. Om dit inzichtelijk te krijgen, zijn bij elke machine overzichtsschermen opgehangen. Zij tonen de productiviteit van elke werknemer in real time. De klant analyseert waarom de ene werknemer 120 procent haalt en de andere slechts 80 procent. Dit is niet bedoeld om de prestatienorm voor de medewerkers te verhogen, maar om meer output te krijgen zonder dat de werkdruk hoger wordt.\r\n\r\nBij het eerste RFID scanpunt, voor de persoonsgebonden was, werd bijvoorbeeld een verbeteringsslag gerealiseerd door het opvolgen van de juiste werkinstructies. Door een bepaalde handeling te besparen, presteerden de werknemers aanzienlijk beter. Niet omdat ze sneller werkten, maar omdat er een handeling compleet wegviel. Zo kun je met een aantal kleine verbeteringen uiteindelijk een grote verbetering aanbrengen.\r\n\r\n<strong>Het resultaat<\/strong>\r\n\r\nMet de software van Laundry Dashboard heeft de klant de mogelijkheid om de productiedata te combineren met de calculatie van kostprijzen voor het financieel management. Daarnaast weten zij dankzij Laundry Dashboard ook welke klanten rendabel zijn voor hen, waar ze veel personeel moeten inzetten, waar ze minder personeel moeten inzetten en welke klanten lucratief zijn. Ze kunnen het proces bekijken en dan eventueel veranderingen aanbrengen.\r\n\r\nWaar de klant vroeger slechts geloofde dat ze beter waren geworden, weet de klant vandaag aan de dag met behulp van data dat hun prestaties werkelijk met 10% tot 15 % zijn verhoogd. De prestaties zijn vooral verhoogd bij de werkplekken die arbeidsintensief zijn en waar dus veel kosten worden gemaakt.","buttons":null,"heading_type":"h2","heading":"h1","layout_text_align":"centered","layout_textbox_size":"8","text_color":"","padding":{"top":"0","bottom":"s"},"layout_bg_show_image":false,"background_color":"","layout_bg_overlay":"","layout_bg_image_desktop":null,"layout_bg_position_desktop":"center","layout_bg_image_mobile":null,"layout_bg_position_mobile":"center","pre-title-transition":{"has_transition":false,"transition_type":"none","transition_offset":0,"transition_delay":0},"title-transition":{"has_transition":false,"transition_type":"none","transition_offset":"","transition_delay":0},"intro-transition":{"has_transition":false,"transition_type":"none","transition_offset":"","transition_delay":0},"text-transition":{"has_transition":false,"transition_type":"none","transition_offset":"","transition_delay":0},"layout_custom_css":""},{"acf_fc_layout":"ctabanner","title":"\"Vroeger dachten we alleen dat we beter waren geworden. Vandaag weten we dankzij deze gegevens dat we de prestaties echt met 10 tot 15 procent hebben verbeterd.\"","intro":"J\u00fcrgen G\u00f6ddecke, directeur G\u00f6ddecke Textilpflege","link":"","heading_type":"h2","heading":"h2","layout_background_image":"","background_color":"","text_color":"","padding":{"top":"m","bottom":"m"},"title-transition":{"has_transition":false,"transition_type":"none","transition_offset":"","transition_delay":0},"intro-transition":{"has_transition":false,"transition_type":"none","transition_offset":"","transition_delay":0},"buttons-transition":{"has_transition":false,"transition_type":"none","transition_offset":"","transition_delay":0},"layout_custom_css":""}]},"yoast_head":"<!-- This site is optimized with the Yoast SEO plugin v27.0 - https:\/\/yoast.com\/product\/yoast-seo-wordpress\/ -->\n<title>Casus G\u00f6ddecke Textilpflege Olsberg, Duitsland - Laundry Dashboard<\/title>\n<meta name=\"description\" content=\"Met de software van Laundry Dashboard heeft de klant de mogelijkheid om de productiedata te combineren met de calculatie van kostprijzen voor het financieel management.\" \/>\n<meta name=\"robots\" content=\"index, follow, max-snippet:-1, max-image-preview:large, max-video-preview:-1\" \/>\n<link rel=\"canonical\" href=\"https:\/\/laundrydashboard.com\/nl\/casussen\/casus-goddecke-textilpflege-olsberg-duitsland\/\" \/>\n<meta property=\"og:locale\" content=\"nl_NL\" \/>\n<meta property=\"og:type\" content=\"article\" \/>\n<meta property=\"og:title\" content=\"Casus G\u00f6ddecke Textilpflege Olsberg, Duitsland - Laundry Dashboard\" \/>\n<meta property=\"og:description\" content=\"Met de software van Laundry Dashboard heeft de klant de mogelijkheid om de productiedata te combineren met de calculatie van kostprijzen voor het financieel management.\" \/>\n<meta property=\"og:url\" content=\"https:\/\/laundrydashboard.com\/nl\/casussen\/casus-goddecke-textilpflege-olsberg-duitsland\/\" \/>\n<meta property=\"og:site_name\" content=\"Laundry Dashboard\" \/>\n<meta property=\"article:modified_time\" content=\"2024-07-08T12:51:29+00:00\" \/>\n<meta name=\"twitter:card\" content=\"summary_large_image\" \/>\n<meta name=\"twitter:label1\" content=\"Geschatte leestijd\" \/>\n\t<meta name=\"twitter:data1\" content=\"3 minuten\" \/>\n<script type=\"application\/ld+json\" class=\"yoast-schema-graph\">{\"@context\":\"https:\/\/schema.org\",\"@graph\":[{\"@type\":\"WebPage\",\"@id\":\"https:\/\/laundrydashboard.com\/nl\/casussen\/casus-goddecke-textilpflege-olsberg-duitsland\/\",\"url\":\"https:\/\/laundrydashboard.com\/nl\/casussen\/casus-goddecke-textilpflege-olsberg-duitsland\/\",\"name\":\"Casus G\u00f6ddecke Textilpflege Olsberg, Duitsland - Laundry Dashboard\",\"isPartOf\":{\"@id\":\"https:\/\/laundrydashboard.com\/nl\/#website\"},\"datePublished\":\"2021-07-22T12:56:42+00:00\",\"dateModified\":\"2024-07-08T12:51:29+00:00\",\"description\":\"Met de software van Laundry Dashboard heeft de klant de mogelijkheid om de productiedata te combineren met de calculatie van kostprijzen voor het financieel management.\",\"breadcrumb\":{\"@id\":\"https:\/\/laundrydashboard.com\/nl\/casussen\/casus-goddecke-textilpflege-olsberg-duitsland\/#breadcrumb\"},\"inLanguage\":\"nl-NL\",\"potentialAction\":[{\"@type\":\"ReadAction\",\"target\":[\"https:\/\/laundrydashboard.com\/nl\/casussen\/casus-goddecke-textilpflege-olsberg-duitsland\/\"]}]},{\"@type\":\"BreadcrumbList\",\"@id\":\"https:\/\/laundrydashboard.com\/nl\/casussen\/casus-goddecke-textilpflege-olsberg-duitsland\/#breadcrumb\",\"itemListElement\":[{\"@type\":\"ListItem\",\"position\":1,\"name\":\"Home\",\"item\":\"https:\/\/laundrydashboard.com\/nl\/\"},{\"@type\":\"ListItem\",\"position\":2,\"name\":\"Casussen\",\"item\":\"https:\/\/laundrydashboard.com\/nl\/casussen\/\"},{\"@type\":\"ListItem\",\"position\":3,\"name\":\"Casus G\u00f6ddecke Textilpflege Olsberg, Duitsland\"}]},{\"@type\":\"WebSite\",\"@id\":\"https:\/\/laundrydashboard.com\/nl\/#website\",\"url\":\"https:\/\/laundrydashboard.com\/nl\/\",\"name\":\"Laundry Dashboard\",\"description\":\"\",\"potentialAction\":[{\"@type\":\"SearchAction\",\"target\":{\"@type\":\"EntryPoint\",\"urlTemplate\":\"https:\/\/laundrydashboard.com\/nl\/?s={search_term_string}\"},\"query-input\":{\"@type\":\"PropertyValueSpecification\",\"valueRequired\":true,\"valueName\":\"search_term_string\"}}],\"inLanguage\":\"nl-NL\"}]}<\/script>\n<!-- \/ Yoast SEO plugin. -->","yoast_head_json":{"title":"Casus G\u00f6ddecke Textilpflege Olsberg, Duitsland - Laundry Dashboard","description":"Met de software van Laundry Dashboard heeft de klant de mogelijkheid om de productiedata te combineren met de calculatie van kostprijzen voor het financieel management.","robots":{"index":"index","follow":"follow","max-snippet":"max-snippet:-1","max-image-preview":"max-image-preview:large","max-video-preview":"max-video-preview:-1"},"canonical":"https:\/\/laundrydashboard.com\/nl\/casussen\/casus-goddecke-textilpflege-olsberg-duitsland\/","og_locale":"nl_NL","og_type":"article","og_title":"Casus G\u00f6ddecke Textilpflege Olsberg, Duitsland - Laundry Dashboard","og_description":"Met de software van Laundry Dashboard heeft de klant de mogelijkheid om de productiedata te combineren met de calculatie van kostprijzen voor het financieel management.","og_url":"https:\/\/laundrydashboard.com\/nl\/casussen\/casus-goddecke-textilpflege-olsberg-duitsland\/","og_site_name":"Laundry Dashboard","article_modified_time":"2024-07-08T12:51:29+00:00","twitter_card":"summary_large_image","twitter_misc":{"Geschatte leestijd":"3 minuten"},"schema":{"@context":"https:\/\/schema.org","@graph":[{"@type":"WebPage","@id":"https:\/\/laundrydashboard.com\/nl\/casussen\/casus-goddecke-textilpflege-olsberg-duitsland\/","url":"https:\/\/laundrydashboard.com\/nl\/casussen\/casus-goddecke-textilpflege-olsberg-duitsland\/","name":"Casus G\u00f6ddecke Textilpflege Olsberg, Duitsland - Laundry Dashboard","isPartOf":{"@id":"https:\/\/laundrydashboard.com\/nl\/#website"},"datePublished":"2021-07-22T12:56:42+00:00","dateModified":"2024-07-08T12:51:29+00:00","description":"Met de software van Laundry Dashboard heeft de klant de mogelijkheid om de productiedata te combineren met de calculatie van kostprijzen voor het financieel management.","breadcrumb":{"@id":"https:\/\/laundrydashboard.com\/nl\/casussen\/casus-goddecke-textilpflege-olsberg-duitsland\/#breadcrumb"},"inLanguage":"nl-NL","potentialAction":[{"@type":"ReadAction","target":["https:\/\/laundrydashboard.com\/nl\/casussen\/casus-goddecke-textilpflege-olsberg-duitsland\/"]}]},{"@type":"BreadcrumbList","@id":"https:\/\/laundrydashboard.com\/nl\/casussen\/casus-goddecke-textilpflege-olsberg-duitsland\/#breadcrumb","itemListElement":[{"@type":"ListItem","position":1,"name":"Home","item":"https:\/\/laundrydashboard.com\/nl\/"},{"@type":"ListItem","position":2,"name":"Casussen","item":"https:\/\/laundrydashboard.com\/nl\/casussen\/"},{"@type":"ListItem","position":3,"name":"Casus G\u00f6ddecke Textilpflege Olsberg, Duitsland"}]},{"@type":"WebSite","@id":"https:\/\/laundrydashboard.com\/nl\/#website","url":"https:\/\/laundrydashboard.com\/nl\/","name":"Laundry Dashboard","description":"","potentialAction":[{"@type":"SearchAction","target":{"@type":"EntryPoint","urlTemplate":"https:\/\/laundrydashboard.com\/nl\/?s={search_term_string}"},"query-input":{"@type":"PropertyValueSpecification","valueRequired":true,"valueName":"search_term_string"}}],"inLanguage":"nl-NL"}]}},"_links":{"self":[{"href":"https:\/\/laundrydashboard.com\/nl\/wp-json\/wp\/v2\/pages\/3446","targetHints":{"allow":["GET"]}}],"collection":[{"href":"https:\/\/laundrydashboard.com\/nl\/wp-json\/wp\/v2\/pages"}],"about":[{"href":"https:\/\/laundrydashboard.com\/nl\/wp-json\/wp\/v2\/types\/page"}],"author":[{"embeddable":true,"href":"https:\/\/laundrydashboard.com\/nl\/wp-json\/wp\/v2\/users\/5"}],"replies":[{"embeddable":true,"href":"https:\/\/laundrydashboard.com\/nl\/wp-json\/wp\/v2\/comments?post=3446"}],"version-history":[{"count":9,"href":"https:\/\/laundrydashboard.com\/nl\/wp-json\/wp\/v2\/pages\/3446\/revisions"}],"predecessor-version":[{"id":3715,"href":"https:\/\/laundrydashboard.com\/nl\/wp-json\/wp\/v2\/pages\/3446\/revisions\/3715"}],"up":[{"embeddable":true,"href":"https:\/\/laundrydashboard.com\/nl\/wp-json\/wp\/v2\/pages\/727"}],"wp:attachment":[{"href":"https:\/\/laundrydashboard.com\/nl\/wp-json\/wp\/v2\/media?parent=3446"}],"curies":[{"name":"wp","href":"https:\/\/api.w.org\/{rel}","templated":true}]}}