{"id":783,"date":"2020-07-22T13:42:49","date_gmt":"2020-07-22T12:42:49","guid":{"rendered":"https:\/\/ldb.spankracht-acceptatie.nl\/?page_id=783"},"modified":"2025-12-12T11:32:31","modified_gmt":"2025-12-12T10:32:31","slug":"webinars","status":"publish","type":"page","link":"https:\/\/laundrydashboard.com\/nl\/webinars\/","title":{"rendered":"Webinars"},"content":{"rendered":"","protected":false},"excerpt":{"rendered":"","protected":false},"author":4,"featured_media":0,"parent":0,"menu_order":0,"comment_status":"closed","ping_status":"closed","template":"","meta":{"_acf_changed":false,"footnotes":""},"class_list":["post-783","page","type-page","status-publish","hentry"],"acf":{"flexible_content":{"0":{"acf_fc_layout":"split-content","title":"Webinars","column_1":"Wij geven regelmatig webinars waarbij iedere keer een onderwerp met betrekking tot Laundry Dashboard wordt besproken. Van uitleg over prestaties tot uitleg over analyses en releases. Bent u ge\u00efnteresseerd? Schrijf u dan snel in voor \u00e9\u00e9n van onze webinars.","column_2":"","link":"","heading_type":"h2","heading":"h1","column_layout":"third","text_color":"","padding":{"top":"m","bottom":"m"},"layout_bg_show_image":false,"background_color":"","layout_bg_overlay":"","layout_bg_image_desktop":null,"layout_bg_position_desktop":"center","layout_bg_image_mobile":null,"layout_bg_position_mobile":"center","title-transition":{"has_transition":false,"transition_type":"none","transition_offset":"","transition_delay":0},"text-transition":{"has_transition":false,"transition_type":"none","transition_offset":"","transition_delay":0},"layout_custom_css":""},"1":{"acf_fc_layout":"anchor","anchor":"terugkijken"},"3":{"acf_fc_layout":"features-simple","title":"Webinars terugkijken","items":[{"icon":"far fa-tachometer","title":"Intelligente indicatoren - deel 6","desc":"Ontdek in dit webinar welke indicatoren u kunt gebruiken om grip te houden op uw medewerker uren.","link":{"title":"Terugkijken? Stuur ons een e-mail!","url":"mailto:webinar@laundrydashboard.com","target":""}},{"icon":"far fa-tachometer","title":"Intelligente indicatoren - deel 5","desc":"Ontdek in dit webinar welke indicatoren u kunt gebruiken om grip te houden op de productiekosten.","link":{"title":"Terugkijken? Stuur ons een e-mail!","url":"mailto:webinar@laundrydashboard.com","target":""}},{"icon":"far fa-tachometer","title":"Intelligente indicatoren - deel 4","desc":"Ontdek in dit webinar welke indicatoren u kunt gebruiken om grip te houden op de arbeidsprestaties.","link":{"title":"Terugkijken? Stuur ons een e-mail!","url":"mailto:webinar@laundrydashboard.com","target":""}},{"icon":"far fa-tachometer","title":"Intelligente indicatoren - deel 3","desc":"Ontdek in dit webinar welke indicatoren u kunt gebruiken om grip te houden op de prestaties van uw machinepark.","link":{"title":"Terugkijken? Stuur ons een e-mail!","url":"mailto:webinar@laundrydashboard.com","target":""}},{"icon":"far fa-tachometer","title":"Intelligente indicatoren - deel 2","desc":"Ontdek in dit webinar welke indicatoren u kunt gebruiken om grip te houden op uw water- & energieverbruik. ","link":{"title":"Terugkijken? Stuur ons een e-mail!","url":"mailto:webinar@laundrydashboard.com","target":""}},{"icon":"far fa-tachometer","title":"Intelligente indicatoren - deel 1","desc":"Medewerkers, leidinggevenden, managers: iedereen kunt u toegang geven tot relevante informatie in Laundry Dashboard. Een tool waarmee iedereen mee aan de slag kan.","link":{"title":"Terugkijken? Stuur ons een e-mail!","url":"mailto:webinar@laundrydashboard.com","target":""}},{"icon":"far fa-sack-dollar","title":"Hoe winstgevend is een specifieke klant voor uw wasserij, en welke orders kosten u geld?","desc":"U hebt lange termijnrelaties. Contracten die omzet waarborgen. Klanten die u koestert. Maar hoeveel leveren ze u echt op? En welke orders kosten u geld?","link":{"title":"Terugkijken? Stuur ons een e-mail!","url":"mailto:webinar@laundrydashboard.com","target":""}},{"icon":"far fa-analytics","title":"Data analyse in detail","desc":"Alle data uit de metingen en andere systemen combineert Laundry Dashboard tot unieke informatie. Leer in dit webinar hoe u (ruwe) data op detailniveau kunt analyseren.","link":{"title":"Terugkijken? Stuur ons een e-mail!","url":"mailto:webinar@laundrydashboard.com","target":""}},{"icon":"far fa-shoe-prints","title":"Hoe verkleint u uw ecologische voetafdruk? Analyseren en bijsturen met LDB.","desc":"Verklein uw ecologische voetafdruk met LDB. U kunt voortaan zeer nauwkeurig sturen, op basis van real-time verbruiksgegevens van o.a. gas, water en elektriciteit.","link":{"title":"Terugkijken? Stuur ons een e-mail!","url":"mailto:webinar@laundrydashboard.com","target":""}},{"icon":"far fa-analytics","title":"Verborgen potentieel ontdekken: analyse van machine-prestaties.","desc":"Op welke momenten zorgen de machines voor vertraging of zelfs stilstand? Binnen hoeveel tijd wordt een storing opgelost? Hoe vaak staan machines in storing? ","link":{"title":"Terugkijken? Stuur ons een e-mail!","url":"mailto:webinar@laundrydashboard.com","target":""}},{"icon":"far fa-function","title":"Uitleg gebruik van nieuwe functiona-liteiten. Release november 2020.","desc":"In dit webinar leerde u hoe u de nieuwe functionaliteiten die Laundry Dashboard ontwikkeld heeft, kunt gebruiken voor de optimalisatie van uw wasserij.","link":{"title":"Terugkijken? Stuur ons een e-mail!","url":"mailto:webinar@laundrydashboard.com","target":""}},{"icon":"far fa-lock-open-alt","title":"Verborgen potentieel ontdekken: analyse van arbeids-prestaties. ","desc":"Op welke momenten zorgt het proces voor vertraging of zelfs stilstand? Wanneer is de inzet van uw team groter dan hun werkelijke performance?","link":{"title":"Terugkijken? Stuur ons een e-mail!","url":"mailto:webinar@laundrydashboard.com","target":""}},{"icon":"far fa-tachometer-alt","title":"Het bouwen van uw eigen cockpit in Laundry Dashboard","desc":"Hoe krijgt u inzicht in uw processen? Hoe ontsluit u verborgen potentieel? Hoe zorgt u ervoor dat u en uw team vandaag effici\u00ebnter werken dan gisteren?","link":{"title":"Terugkijken? Stuur ons een e-mail!","url":"mailto:webinar@laundrydashboard.com","target":""}},{"icon":"far fa-balance-scale-left","title":"Het verschil tussen machineprestatie en arbeidsprestatie","desc":"Hoe kun je data en IoT gebruiken om de beschikbare middelen op een verantwoorde en duurzame manier in te zetten? Enkele functionaliteiten worden toegelicht waarmee u effici\u00ebnter kunt werken.","link":{"title":"Terugkijken? Stuur ons een e-mail!","url":"mailto:webinar@laundrydashboard.com","target":""}}],"heading_type":"h2","heading":"h1","text_color":"","item_h_type":"h3","padding":{"top":"s","bottom":"m"},"layout_bg_show_image":false,"background_color":"","layout_bg_overlay":"","layout_bg_image_desktop":null,"layout_bg_position_desktop":"center","layout_bg_image_mobile":null,"layout_bg_position_mobile":"center","title-transition":{"has_transition":false,"transition_type":"none","transition_offset":"","transition_delay":0},"text-transition":{"has_transition":false,"transition_type":"none","transition_offset":"","transition_delay":0},"layout_custom_css":null},"4":{"acf_fc_layout":"feature","pre_title":"Ge\u00efnteresseerd?","title":"Leer meer over onze webinars","intro":"Heeft u het webinar gemist, maar wilt u het graag terugkijken? Dat kan! Neem contact op met ons.","buttons":[{"link":{"title":"Stuur een mail","url":"mailto:webinar@laundrydashboard.com","target":""}}],"media":{"choice":"image","toggle":false,"chosen_element":"","attributes":{"horizontal":"","vertical":"","custom_style_element_size":false,"min_element_size":"","style_element_size":50,"max_element_size":""},"image":"{\"original_image\":\"1094\",\"cropped_image\":1098}","platform":"vimeo","autoplay_toggle":false,"vimeo":"","youtube":"","upload_video_file":null},"type":"left","vertical_alignment":"top","heading_type":"h2","heading":"h1","text_color":"","padding":{"top":"m","bottom":"m"},"layout_bg_show_image":false,"background_color":"","layout_bg_overlay":"","layout_bg_image_desktop":null,"layout_bg_position_desktop":"center","layout_bg_image_mobile":null,"layout_bg_position_mobile":"center","title-transition":{"has_transition":false,"transition_type":"none","transition_offset":"","transition_delay":0},"intro-transition":{"has_transition":false,"transition_type":"none","transition_offset":"","transition_delay":0},"image-transition":{"has_transition":false,"transition_type":"none","transition_offset":"","transition_delay":0},"buttons-transition":{"has_transition":false,"transition_type":"none","transition_offset":"","transition_delay":0},"layout_custom_css":null},"5":{"acf_fc_layout":"ctabanner","title":"\u201cLaundry Dashboard helpt ons om op het productieproces en op procedures te sturen, wat uiteindelijk leidt tot optimalisatie in de gehele organisatie.\u201c","intro":"DANIEL TARCZY\u0143SKI (FLIEGEL TEXTILSERVICE, Duitsland en Polen)","link":{"title":"Bekijk klantverhalen","url":"\/cases\/","target":""},"heading_type":"h2","heading":"h2","layout_background_image":"","background_color":"","text_color":"","padding":{"top":"m","bottom":"m"},"title-transition":{"has_transition":false,"transition_type":"none","transition_offset":"","transition_delay":0},"intro-transition":{"has_transition":false,"transition_type":"none","transition_offset":"","transition_delay":0},"buttons-transition":{"has_transition":false,"transition_type":"none","transition_offset":"","transition_delay":0},"layout_custom_css":null}}},"yoast_head":"<!-- This site is optimized with the Yoast SEO plugin v27.0 - https:\/\/yoast.com\/product\/yoast-seo-wordpress\/ -->\n<title>Webinars - Laundry Dashboard<\/title>\n<meta name=\"robots\" content=\"index, follow, max-snippet:-1, max-image-preview:large, max-video-preview:-1\" \/>\n<link rel=\"canonical\" href=\"https:\/\/laundrydashboard.com\/nl\/webinars\/\" \/>\n<meta property=\"og:locale\" content=\"nl_NL\" \/>\n<meta property=\"og:type\" content=\"article\" \/>\n<meta property=\"og:title\" content=\"Webinars - Laundry Dashboard\" \/>\n<meta property=\"og:url\" content=\"https:\/\/laundrydashboard.com\/nl\/webinars\/\" \/>\n<meta property=\"og:site_name\" content=\"Laundry Dashboard\" \/>\n<meta property=\"article:modified_time\" content=\"2025-12-12T10:32:31+00:00\" \/>\n<meta name=\"twitter:card\" content=\"summary_large_image\" \/>\n<meta name=\"twitter:label1\" content=\"Geschatte leestijd\" \/>\n\t<meta name=\"twitter:data1\" content=\"3 minuten\" \/>\n<script type=\"application\/ld+json\" class=\"yoast-schema-graph\">{\"@context\":\"https:\/\/schema.org\",\"@graph\":[{\"@type\":\"WebPage\",\"@id\":\"https:\/\/laundrydashboard.com\/nl\/webinars\/\",\"url\":\"https:\/\/laundrydashboard.com\/nl\/webinars\/\",\"name\":\"Webinars - Laundry Dashboard\",\"isPartOf\":{\"@id\":\"https:\/\/laundrydashboard.com\/nl\/#website\"},\"datePublished\":\"2020-07-22T12:42:49+00:00\",\"dateModified\":\"2025-12-12T10:32:31+00:00\",\"breadcrumb\":{\"@id\":\"https:\/\/laundrydashboard.com\/nl\/webinars\/#breadcrumb\"},\"inLanguage\":\"nl-NL\",\"potentialAction\":[{\"@type\":\"ReadAction\",\"target\":[\"https:\/\/laundrydashboard.com\/nl\/webinars\/\"]}]},{\"@type\":\"BreadcrumbList\",\"@id\":\"https:\/\/laundrydashboard.com\/nl\/webinars\/#breadcrumb\",\"itemListElement\":[{\"@type\":\"ListItem\",\"position\":1,\"name\":\"Home\",\"item\":\"https:\/\/laundrydashboard.com\/nl\/\"},{\"@type\":\"ListItem\",\"position\":2,\"name\":\"Webinars\"}]},{\"@type\":\"WebSite\",\"@id\":\"https:\/\/laundrydashboard.com\/nl\/#website\",\"url\":\"https:\/\/laundrydashboard.com\/nl\/\",\"name\":\"Laundry Dashboard\",\"description\":\"\",\"potentialAction\":[{\"@type\":\"SearchAction\",\"target\":{\"@type\":\"EntryPoint\",\"urlTemplate\":\"https:\/\/laundrydashboard.com\/nl\/?s={search_term_string}\"},\"query-input\":{\"@type\":\"PropertyValueSpecification\",\"valueRequired\":true,\"valueName\":\"search_term_string\"}}],\"inLanguage\":\"nl-NL\"}]}<\/script>\n<!-- \/ Yoast SEO plugin. -->","yoast_head_json":{"title":"Webinars - Laundry Dashboard","robots":{"index":"index","follow":"follow","max-snippet":"max-snippet:-1","max-image-preview":"max-image-preview:large","max-video-preview":"max-video-preview:-1"},"canonical":"https:\/\/laundrydashboard.com\/nl\/webinars\/","og_locale":"nl_NL","og_type":"article","og_title":"Webinars - Laundry Dashboard","og_url":"https:\/\/laundrydashboard.com\/nl\/webinars\/","og_site_name":"Laundry Dashboard","article_modified_time":"2025-12-12T10:32:31+00:00","twitter_card":"summary_large_image","twitter_misc":{"Geschatte leestijd":"3 minuten"},"schema":{"@context":"https:\/\/schema.org","@graph":[{"@type":"WebPage","@id":"https:\/\/laundrydashboard.com\/nl\/webinars\/","url":"https:\/\/laundrydashboard.com\/nl\/webinars\/","name":"Webinars - Laundry Dashboard","isPartOf":{"@id":"https:\/\/laundrydashboard.com\/nl\/#website"},"datePublished":"2020-07-22T12:42:49+00:00","dateModified":"2025-12-12T10:32:31+00:00","breadcrumb":{"@id":"https:\/\/laundrydashboard.com\/nl\/webinars\/#breadcrumb"},"inLanguage":"nl-NL","potentialAction":[{"@type":"ReadAction","target":["https:\/\/laundrydashboard.com\/nl\/webinars\/"]}]},{"@type":"BreadcrumbList","@id":"https:\/\/laundrydashboard.com\/nl\/webinars\/#breadcrumb","itemListElement":[{"@type":"ListItem","position":1,"name":"Home","item":"https:\/\/laundrydashboard.com\/nl\/"},{"@type":"ListItem","position":2,"name":"Webinars"}]},{"@type":"WebSite","@id":"https:\/\/laundrydashboard.com\/nl\/#website","url":"https:\/\/laundrydashboard.com\/nl\/","name":"Laundry Dashboard","description":"","potentialAction":[{"@type":"SearchAction","target":{"@type":"EntryPoint","urlTemplate":"https:\/\/laundrydashboard.com\/nl\/?s={search_term_string}"},"query-input":{"@type":"PropertyValueSpecification","valueRequired":true,"valueName":"search_term_string"}}],"inLanguage":"nl-NL"}]}},"_links":{"self":[{"href":"https:\/\/laundrydashboard.com\/nl\/wp-json\/wp\/v2\/pages\/783","targetHints":{"allow":["GET"]}}],"collection":[{"href":"https:\/\/laundrydashboard.com\/nl\/wp-json\/wp\/v2\/pages"}],"about":[{"href":"https:\/\/laundrydashboard.com\/nl\/wp-json\/wp\/v2\/types\/page"}],"author":[{"embeddable":true,"href":"https:\/\/laundrydashboard.com\/nl\/wp-json\/wp\/v2\/users\/4"}],"replies":[{"embeddable":true,"href":"https:\/\/laundrydashboard.com\/nl\/wp-json\/wp\/v2\/comments?post=783"}],"version-history":[{"count":98,"href":"https:\/\/laundrydashboard.com\/nl\/wp-json\/wp\/v2\/pages\/783\/revisions"}],"predecessor-version":[{"id":5387,"href":"https:\/\/laundrydashboard.com\/nl\/wp-json\/wp\/v2\/pages\/783\/revisions\/5387"}],"wp:attachment":[{"href":"https:\/\/laundrydashboard.com\/nl\/wp-json\/wp\/v2\/media?parent=783"}],"curies":[{"name":"wp","href":"https:\/\/api.w.org\/{rel}","templated":true}]}}